{"id":5401,"date":"2022-05-09T10:42:09","date_gmt":"2022-05-09T08:42:09","guid":{"rendered":"https:\/\/zakovice.si\/znak-stampara\/"},"modified":"2025-07-28T15:41:57","modified_gmt":"2025-07-28T13:41:57","slug":"znak-stampara","status":"publish","type":"page","link":"https:\/\/zakovice.si\/hr\/znak-stampara\/","title":{"rendered":"Znak \u0161tampara"},"content":{"rendered":"\t\t<div data-elementor-type=\"wp-page\" data-elementor-id=\"5401\" class=\"elementor elementor-5401 elementor-1927\" data-elementor-post-type=\"page\">\n\t\t\t\t\t\t<section class=\"elementor-section elementor-top-section elementor-element elementor-element-15e3227 elementor-section-boxed elementor-section-height-default elementor-section-height-default\" data-id=\"15e3227\" data-element_type=\"section\">\n\t\t\t\t\t\t<div class=\"elementor-container elementor-column-gap-no\">\n\t\t\t\t\t<div class=\"elementor-column elementor-col-100 elementor-top-column elementor-element elementor-element-b8fb94b\" data-id=\"b8fb94b\" data-element_type=\"column\">\n\t\t\t<div class=\"elementor-widget-wrap elementor-element-populated\">\n\t\t\t\t\t\t<div class=\"elementor-element elementor-element-6c9ddb6 elementor-widget elementor-widget-text-editor\" data-id=\"6c9ddb6\" data-element_type=\"widget\" data-widget_type=\"text-editor.default\">\n\t\t\t\t<div class=\"elementor-widget-container\">\n\t\t\t\t\t\t\t\t\t<h4>Sadr\u017eaj web stranice<\/h4><p>Sadr\u017eaj web stranice pripremila je tvrtka Pnevmotex doo<\/p><h4>Na web stranicama i u online trgovini kori\u0161tene su sljede\u0107e fotografije:<\/h4><p>Fotografije na web stranici vlasni\u0161tvo su tvrtke Pnevmotex doo.<\/p><h4>Svrha web stranica i online trgovina<\/h4><p>Internetska trgovina nudi mogu\u0107nost online kupnje proizvoda koje nudi Pnevmotex doo.<\/p><h4>Tehni\u010dka implementacija<\/h4><p>Izvo\u0111a\u010d radova i autor <strong>web stranice<\/strong> i <strong>internetske trgovine<\/strong> je tvrtka <a href=\"https:\/\/webtim.si\/\" target=\"_blank\" rel=\"noopener\"><strong>Webtim doo.<\/strong><\/a><\/p>\t\t\t\t\t\t\t\t<\/div>\n\t\t\t\t<\/div>\n\t\t\t\t\t<\/div>\n\t\t<\/div>\n\t\t\t\t\t<\/div>\n\t\t<\/section>\n\t\t\t\t<\/div>\n\t\t","protected":false},"excerpt":{"rendered":"Sadr\u017eaj web stranice Sadr\u017eaj web stranice pripremila je tvrtka Pnevmotex doo Na web stranicama i u online trgovini kori\u0161tene su sljede\u0107e fotografije: Fotografije na web stranici vlasni\u0161tvo su tvrtke Pnevmotex doo. Svrha web stranica i online trgovina Internetska trgovina nudi mogu\u0107nost online kupnje proizvoda koje nudi Pnevmotex doo. Tehni\u010dka implementacija Izvo\u0111a\u010d radova i autor web&#8230; <a class=\"view-article\" href=\"https:\/\/zakovice.si\/hr\/znak-stampara\/\">Pogledajte \u010dlanak<\/a>","protected":false},"author":9,"featured_media":0,"parent":0,"menu_order":0,"comment_status":"closed","ping_status":"closed","template":"","meta":{"_acf_changed":false,"footnotes":""},"class_list":["post-5401","page","type-page","status-publish","hentry"],"acf":[],"_links":{"self":[{"href":"https:\/\/zakovice.si\/hr\/wp-json\/wp\/v2\/pages\/5401","targetHints":{"allow":["GET"]}}],"collection":[{"href":"https:\/\/zakovice.si\/hr\/wp-json\/wp\/v2\/pages"}],"about":[{"href":"https:\/\/zakovice.si\/hr\/wp-json\/wp\/v2\/types\/page"}],"author":[{"embeddable":true,"href":"https:\/\/zakovice.si\/hr\/wp-json\/wp\/v2\/users\/9"}],"replies":[{"embeddable":true,"href":"https:\/\/zakovice.si\/hr\/wp-json\/wp\/v2\/comments?post=5401"}],"version-history":[{"count":1,"href":"https:\/\/zakovice.si\/hr\/wp-json\/wp\/v2\/pages\/5401\/revisions"}],"predecessor-version":[{"id":5403,"href":"https:\/\/zakovice.si\/hr\/wp-json\/wp\/v2\/pages\/5401\/revisions\/5403"}],"wp:attachment":[{"href":"https:\/\/zakovice.si\/hr\/wp-json\/wp\/v2\/media?parent=5401"}],"curies":[{"name":"wp","href":"https:\/\/api.w.org\/{rel}","templated":true}]}}