{"id":5408,"date":"2022-02-15T15:06:26","date_gmt":"2022-02-15T14:06:26","guid":{"rendered":"https:\/\/zakovice.si\/servis\/"},"modified":"2025-07-28T15:42:02","modified_gmt":"2025-07-28T13:42:02","slug":"servis","status":"publish","type":"page","link":"https:\/\/zakovice.si\/hr\/servis\/","title":{"rendered":"Servis"},"content":{"rendered":"\t\t<div data-elementor-type=\"wp-page\" data-elementor-id=\"5408\" class=\"elementor elementor-5408 elementor-493\" data-elementor-post-type=\"page\">\n\t\t\t\t\t\t<section class=\"elementor-section elementor-top-section elementor-element elementor-element-b2c7141 elementor-section-boxed elementor-section-height-default elementor-section-height-default\" data-id=\"b2c7141\" data-element_type=\"section\">\n\t\t\t\t\t\t<div class=\"elementor-container elementor-column-gap-no\">\n\t\t\t\t\t<div class=\"elementor-column elementor-col-100 elementor-top-column elementor-element elementor-element-de3888d\" data-id=\"de3888d\" data-element_type=\"column\">\n\t\t\t<div class=\"elementor-widget-wrap elementor-element-populated\">\n\t\t\t\t\t\t<section class=\"elementor-section elementor-inner-section elementor-element elementor-element-5f0d53f elementor-section-boxed elementor-section-height-default elementor-section-height-default\" data-id=\"5f0d53f\" data-element_type=\"section\">\n\t\t\t\t\t\t<div class=\"elementor-container elementor-column-gap-no\">\n\t\t\t\t\t<div class=\"elementor-column elementor-col-50 elementor-inner-column elementor-element elementor-element-ffc5d69\" data-id=\"ffc5d69\" data-element_type=\"column\">\n\t\t\t<div class=\"elementor-widget-wrap elementor-element-populated\">\n\t\t\t\t\t\t<div class=\"elementor-element elementor-element-553d5a8 elementor-widget elementor-widget-heading\" data-id=\"553d5a8\" data-element_type=\"widget\" data-widget_type=\"heading.default\">\n\t\t\t\t<div class=\"elementor-widget-container\">\n\t\t\t\t\t<h4 class=\"elementor-heading-title elementor-size-default\">SERVIS ALATA GESIPA, MANNESMANN DEMAG I NITTO KOHKI<\/h4>\t\t\t\t<\/div>\n\t\t\t\t<\/div>\n\t\t\t\t<div class=\"elementor-element elementor-element-209e228 elementor-widget elementor-widget-heading\" data-id=\"209e228\" data-element_type=\"widget\" data-widget_type=\"heading.default\">\n\t\t\t\t<div class=\"elementor-widget-container\">\n\t\t\t\t\t<h5 class=\"elementor-heading-title elementor-size-default\">Odr\u017eavanje, popravci i rezervni dijelovi<\/h5>\t\t\t\t<\/div>\n\t\t\t\t<\/div>\n\t\t\t\t<div class=\"elementor-element elementor-element-a759894 elementor-widget elementor-widget-text-editor\" data-id=\"a759894\" data-element_type=\"widget\" data-widget_type=\"text-editor.default\">\n\t\t\t\t<div class=\"elementor-widget-container\">\n\t\t\t\t\t\t\t\t\t<p><strong>Svjesni smo da alati mogu biti u\u010dinkoviti samo ako se pravilno odr\u017eavaju, zbog \u010dega pru\u017eamo servis za cijeli program prodaje alata GESIPA, MANNESMANN DEMAG, NITTO KOHKI te stalnu opskrbu rezervnim dijelovima i potro\u0161nim materijalom.<\/strong><\/p><p> <\/p><p>Na\u0161a obveza stoga ne zavr\u0161ava <strong>prodajom alata<\/strong> , ve\u0107 <strong>osiguravamo i njegov nesmetan rad<\/strong> tijekom cijelog jamstvenog roka i izvan njega.<\/p><p> <\/p><p>Alate kojima je potreban popravak mo\u017eete nam dostaviti osobno ili ih poslati na na\u0161u adresu.<\/p><p><br><strong>Molimo Vas da nas unaprijed obavijestite o svim potrebnim informacijama o alatu i gre\u0161kama kako bismo mogli rezervirati termin za servisiranje Va\u0161eg alata.<\/strong><\/p><p> <\/p><p>Za servisiranje alata drugih proizvo\u0111a\u010da, molimo Vas da nas unaprijed kontaktirate.<br> <strong>E-MAIL ADRESA: <a href=\"mailto:info@pnevmotex.si\">info@pnevmotex.si<\/a><\/strong><br> <strong>Mobitel: <a href=\"tel:+38641492520\">+386 41 492 520<\/a><\/strong><\/p>\t\t\t\t\t\t\t\t<\/div>\n\t\t\t\t<\/div>\n\t\t\t\t\t<\/div>\n\t\t<\/div>\n\t\t\t\t<div class=\"elementor-column elementor-col-50 elementor-inner-column elementor-element elementor-element-ae79921\" data-id=\"ae79921\" data-element_type=\"column\">\n\t\t\t<div class=\"elementor-widget-wrap elementor-element-populated\">\n\t\t\t\t\t\t<div class=\"elementor-element elementor-element-01c044f elementor-widget__width-initial elementor-widget elementor-widget-text-editor\" data-id=\"01c044f\" data-element_type=\"widget\" data-widget_type=\"text-editor.default\">\n\t\t\t\t<div class=\"elementor-widget-container\">\n\t\t\t\t\t\t\t\t\tZa sve alate<br> nudimo brzo<br> opskrba, vlastita<br> usluga i zaliha<br> rezervni dijelovi.\t\t\t\t\t\t\t\t<\/div>\n\t\t\t\t<\/div>\n\t\t\t\t<div class=\"elementor-element elementor-element-6a2c4df elementor-widget elementor-widget-image\" data-id=\"6a2c4df\" data-element_type=\"widget\" data-widget_type=\"image.default\">\n\t\t\t\t<div class=\"elementor-widget-container\">\n\t\t\t\t\t\t\t\t\t\t\t\t\t\t\t<img decoding=\"async\" src=\"https:\/\/zakovice.si\/wp-content\/uploads\/2022\/03\/zakovice-footer-gesipa-logo-900x500-1.webp\" title=\"zakovice footer gesipa logo 900&#215;500 1\" alt=\"zakovice footer gesipa logo 900x500 1\" loading=\"lazy\" \/>\t\t\t\t\t\t\t\t\t\t\t\t\t\t\t<\/div>\n\t\t\t\t<\/div>\n\t\t\t\t\t<\/div>\n\t\t<\/div>\n\t\t\t\t\t<\/div>\n\t\t<\/section>\n\t\t\t\t\t<\/div>\n\t\t<\/div>\n\t\t\t\t\t<\/div>\n\t\t<\/section>\n\t\t\t\t<section class=\"elementor-section elementor-top-section elementor-element elementor-element-9fb125e elementor-section-boxed elementor-section-height-default elementor-section-height-default\" data-id=\"9fb125e\" data-element_type=\"section\">\n\t\t\t\t\t\t<div class=\"elementor-container elementor-column-gap-no\">\n\t\t\t\t\t<div class=\"elementor-column elementor-col-100 elementor-top-column elementor-element elementor-element-583688c\" data-id=\"583688c\" data-element_type=\"column\">\n\t\t\t<div class=\"elementor-widget-wrap elementor-element-populated\">\n\t\t\t\t\t\t<div class=\"elementor-element elementor-element-e3730e3 elementor-widget elementor-widget-heading\" data-id=\"e3730e3\" data-element_type=\"widget\" data-widget_type=\"heading.default\">\n\t\t\t\t<div class=\"elementor-widget-container\">\n\t\t\t\t\t<h4 class=\"elementor-heading-title elementor-size-default\">Pretplatite se na USLUGU putem kontakt obrasca<\/h4>\t\t\t\t<\/div>\n\t\t\t\t<\/div>\n\t\t\t\t\t<\/div>\n\t\t<\/div>\n\t\t\t\t\t<\/div>\n\t\t<\/section>\n\t\t\t\t<section class=\"elementor-section elementor-top-section elementor-element elementor-element-6784c65 elementor-section-full_width elementor-section-height-default elementor-section-height-default\" data-id=\"6784c65\" data-element_type=\"section\" data-settings=\"{&quot;background_background&quot;:&quot;classic&quot;}\">\n\t\t\t\t\t\t<div class=\"elementor-container elementor-column-gap-no\">\n\t\t\t\t\t<div class=\"elementor-column elementor-col-100 elementor-top-column elementor-element elementor-element-f84dbeb\" data-id=\"f84dbeb\" data-element_type=\"column\">\n\t\t\t<div class=\"elementor-widget-wrap elementor-element-populated\">\n\t\t\t\t\t\t<section class=\"elementor-section elementor-inner-section elementor-element elementor-element-19452a2 elementor-section-boxed elementor-section-height-default elementor-section-height-default\" data-id=\"19452a2\" data-element_type=\"section\">\n\t\t\t\t\t\t<div class=\"elementor-container elementor-column-gap-no\">\n\t\t\t\t\t<div class=\"elementor-column elementor-col-100 elementor-inner-column elementor-element elementor-element-19e4bdc\" data-id=\"19e4bdc\" data-element_type=\"column\">\n\t\t\t<div class=\"elementor-widget-wrap elementor-element-populated\">\n\t\t\t\t\t\t<div class=\"elementor-element elementor-element-e14cf1e elementor-widget elementor-widget-shortcode\" data-id=\"e14cf1e\" data-element_type=\"widget\" data-widget_type=\"shortcode.default\">\n\t\t\t\t<div class=\"elementor-widget-container\">\n\t\t\t\t\t\t\t<div class=\"elementor-shortcode\">\n<div class=\"wpcf7 no-js\" id=\"wpcf7-f5645-o1\" lang=\"hr\" dir=\"ltr\" data-wpcf7-id=\"5645\">\n<div class=\"screen-reader-response\"><p role=\"status\" aria-live=\"polite\" aria-atomic=\"true\"><\/p> <ul><\/ul><\/div>\n<form action=\"\/hr\/wp-json\/wp\/v2\/pages\/5408#wpcf7-f5645-o1\" method=\"post\" class=\"wpcf7-form init\" aria-label=\"Kontakt obrazac\" novalidate=\"novalidate\" data-status=\"init\">\n<fieldset class=\"hidden-fields-container\"><input type=\"hidden\" name=\"_wpcf7\" value=\"5645\" \/><input type=\"hidden\" name=\"_wpcf7_version\" value=\"6.1.4\" \/><input type=\"hidden\" name=\"_wpcf7_locale\" value=\"hr\" \/><input type=\"hidden\" name=\"_wpcf7_unit_tag\" value=\"wpcf7-f5645-o1\" \/><input type=\"hidden\" name=\"_wpcf7_container_post\" value=\"0\" \/><input type=\"hidden\" name=\"_wpcf7_posted_data_hash\" value=\"\" \/><input type=\"hidden\" name=\"_wpcf7_recaptcha_response\" value=\"\" \/>\n<\/fieldset>\n<div class=\"zakovice-contact--form__wrapper servis-contact-form webtim-contact--form-wrapper webtim-flex__content flex-wrap horizontal-start vertical-start\">\n\t<div class=\"left\">\n\t\t<p class=\"webtim-form-field\"><span class=\"wpcf7-form-control-wrap\" data-name=\"rezervirano\"><input size=\"40\" maxlength=\"400\" class=\"wpcf7-form-control wpcf7-text wpcf7-validates-as-required\" aria-required=\"true\" aria-invalid=\"false\" value=\"Va\u0161e ime i prezime: *\" type=\"text\" name=\"rezervirano\" \/><\/span>\n\t\t<\/p>\n\t\t<p class=\"webtim-form-field\"><span class=\"wpcf7-form-control-wrap\" data-name=\"zakovice-company\"><input size=\"40\" maxlength=\"400\" class=\"wpcf7-form-control wpcf7-text\" aria-invalid=\"false\" placeholder=\"Tvrtka:\" value=\"\" type=\"text\" name=\"zakovice-company\" \/><\/span>\n\t\t<\/p>\n\t\t<p class=\"webtim-form-field\">[email* rezervirano mjesto za e-po\u0161tu za zakovice \"Va\u0161a adresa e-po\u0161te: *\"]\n\t\t<\/p>\n\t\t<p class=\"webtim-form-field\"><span class=\"wpcf7-form-control-wrap\" data-name=\"zakovice-phone\"><input size=\"40\" maxlength=\"400\" class=\"wpcf7-form-control wpcf7-tel wpcf7-text wpcf7-validates-as-tel\" aria-invalid=\"false\" placeholder=\"Telefon: *\" value=\"\" type=\"tel\" name=\"zakovice-phone\" \/><\/span>\n\t\t<\/p>\n\t\t<p class=\"webtim-form-field\"><span class=\"wpcf7-form-control-wrap\" data-name=\"zakovice-notes\"><textarea cols=\"40\" rows=\"10\" maxlength=\"2000\" class=\"wpcf7-form-control wpcf7-textarea\" aria-invalid=\"false\" placeholder=\"Va\u0161a poruka\" name=\"zakovice-notes\"><\/textarea><\/span>\n\t\t<\/p>\n\t<\/div>\n\t<div class=\"right\">\n\t\t<div class=\"webtim-contact--terms-text\">\n\t\t\t<p style=\"font-size:12px; line-height:1.7;\">Ako u polja za unos unesete svoje osobne podatke i kliknete gumb \u201ePO\u0160ALJI\u201c, <i>PNEVMOTEX DOO<\/i> \u0107e pohraniti i obraditi unesene podatke u svrhu pripreme odgovora na va\u0161u poruku. Vi\u0161e informacija o tome kako <i>PNEVMOTEX DOO<\/i> obra\u0111uje osobne podatke mo\u017eete pro\u010ditati na stranici <a href=\"https:\/\/zakovice.si\/varovanje-podatkov\/\">Za\u0161tita podataka<\/a> .\n\t\t\t<\/p>\n\t\t\t<p style=\"font-size:12px; line-height: 1.7;\"><span class=\"wpcf7-form-control-wrap\" data-name=\"acceptance-610\"><span class=\"wpcf7-form-control wpcf7-acceptance optional\"><span class=\"wpcf7-list-item\"><label><input type=\"checkbox\" name=\"acceptance-610\" value=\"1\" aria-invalid=\"false\" \/><span class=\"wpcf7-list-item-label\">Ozna\u010dite ovaj okvir ako se sla\u017eete da vam <i>PNEVMOTEX DOO<\/i> povremeno mo\u017ee slati e-po\u0161tu na adresu e-po\u0161te koju ste naveli. Svoju privolu mo\u017eete povu\u0107i u bilo kojem trenutku putem poveznice u svakoj e-po\u0161ti ili kontaktiranjem nas. Vi\u0161e o tome kako obra\u0111ujemo va\u0161e osobne podatke mo\u017eete pro\u010ditati na stranici <a href=\"https:\/\/zakovice.si\/varovanje-podatkov\/\">Za\u0161tita podataka<\/a> .<\/span><\/label><\/span><\/span><\/span>\n\t\t\t<\/p>\n\t\t<\/div>\n\t\t<p><input class=\"wpcf7-form-control wpcf7-submit has-spinner\" type=\"submit\" value=\"POSLATI\" \/>\n\t\t<\/p>\n\t\t<div class=\"webtim-contact-form--terms-text\">\n\t\t\t<p style=\"font-size:12px; line-height: 1.7;\">Va\u0161e podatke koristit \u0107emo isklju\u010divo u svrhu za koju smo dobili va\u0161u privolu. Va\u0161e osobne podatke koristit \u0107emo povjerljivo i ne\u0107emo ih dijeliti s tre\u0107im stranama. S va\u0161om privatno\u0161\u0107u postupamo u skladu s odredbama GDPR-a i Zakona o za\u0161titi osobnih podataka.\n\t\t\t<\/p>\n\t\t\t<p style=\"font-size:12px; line-height: 1.7;\">Od primanja poruka mo\u017eete se odjaviti u bilo kojem trenutku slanjem poruke na e-mail adresu: <a href=\"mailto:info@pnevmotex.si\">info@pnevmotex.si<\/a> s naslovom <i>Odjava<\/i> . Nakon obrade zahtjeva za odjavu, tvrtka <i>PNEVMOTEX DOO<\/i> prestat \u0107e vam slati sadr\u017eaj s kojeg ste se odjavili. Za detalje o odjavi, obradi i za\u0161titi osobnih podataka pro\u010ditajte stranicu <a href=\"https:\/\/zakovice.si\/varovanje-podatkov\/\">Za\u0161tita podataka<\/a> .\n\t\t\t<\/p>\n\t\t<\/div>\n\t<\/div>\n<\/div><div class=\"wpcf7-response-output\" aria-hidden=\"true\"><\/div>\n<\/form>\n<\/div>\n<\/div>\n\t\t\t\t\t\t<\/div>\n\t\t\t\t<\/div>\n\t\t\t\t\t<\/div>\n\t\t<\/div>\n\t\t\t\t\t<\/div>\n\t\t<\/section>\n\t\t\t\t\t<\/div>\n\t\t<\/div>\n\t\t\t\t\t<\/div>\n\t\t<\/section>\n\t\t\t\t<\/div>\n\t\t","protected":false},"excerpt":{"rendered":"SERVIS ALATA GESIPA, MANNESMANN DEMAG I NITTO KOHKI Odr\u017eavanje, popravci i rezervni dijelovi Svjesni smo da alati mogu biti u\u010dinkoviti samo ako se pravilno odr\u017eavaju, zbog \u010dega pru\u017eamo servis za cijeli program prodaje alata GESIPA, MANNESMANN DEMAG, NITTO KOHKI te stalnu opskrbu rezervnim dijelovima i potro\u0161nim materijalom. Na\u0161a obveza stoga ne zavr\u0161ava prodajom alata ,&#8230; <a class=\"view-article\" href=\"https:\/\/zakovice.si\/hr\/servis\/\">Pogledajte \u010dlanak<\/a>","protected":false},"author":9,"featured_media":0,"parent":0,"menu_order":0,"comment_status":"closed","ping_status":"closed","template":"","meta":{"_acf_changed":false,"footnotes":""},"class_list":["post-5408","page","type-page","status-publish","hentry"],"acf":[],"_links":{"self":[{"href":"https:\/\/zakovice.si\/hr\/wp-json\/wp\/v2\/pages\/5408","targetHints":{"allow":["GET"]}}],"collection":[{"href":"https:\/\/zakovice.si\/hr\/wp-json\/wp\/v2\/pages"}],"about":[{"href":"https:\/\/zakovice.si\/hr\/wp-json\/wp\/v2\/types\/page"}],"author":[{"embeddable":true,"href":"https:\/\/zakovice.si\/hr\/wp-json\/wp\/v2\/users\/9"}],"replies":[{"embeddable":true,"href":"https:\/\/zakovice.si\/hr\/wp-json\/wp\/v2\/comments?post=5408"}],"version-history":[{"count":1,"href":"https:\/\/zakovice.si\/hr\/wp-json\/wp\/v2\/pages\/5408\/revisions"}],"predecessor-version":[{"id":5411,"href":"https:\/\/zakovice.si\/hr\/wp-json\/wp\/v2\/pages\/5408\/revisions\/5411"}],"wp:attachment":[{"href":"https:\/\/zakovice.si\/hr\/wp-json\/wp\/v2\/media?parent=5408"}],"curies":[{"name":"wp","href":"https:\/\/api.w.org\/{rel}","templated":true}]}}