{"id":5409,"date":"2022-02-15T15:06:40","date_gmt":"2022-02-15T14:06:40","guid":{"rendered":"https:\/\/zakovice.si\/o-nama\/"},"modified":"2025-07-28T15:42:02","modified_gmt":"2025-07-28T13:42:02","slug":"o-nama","status":"publish","type":"page","link":"https:\/\/zakovice.si\/hr\/o-nama\/","title":{"rendered":"O nama"},"content":{"rendered":"\t\t<div data-elementor-type=\"wp-page\" data-elementor-id=\"5409\" class=\"elementor elementor-5409 elementor-496\" data-elementor-post-type=\"page\">\n\t\t\t\t\t\t<section class=\"elementor-section elementor-top-section elementor-element elementor-element-2ad2b34 elementor-section-boxed elementor-section-height-default elementor-section-height-default\" data-id=\"2ad2b34\" data-element_type=\"section\">\n\t\t\t\t\t\t<div class=\"elementor-container elementor-column-gap-no\">\n\t\t\t\t\t<div class=\"elementor-column elementor-col-100 elementor-top-column elementor-element elementor-element-25337ea\" data-id=\"25337ea\" data-element_type=\"column\">\n\t\t\t<div class=\"elementor-widget-wrap elementor-element-populated\">\n\t\t\t\t\t\t<section class=\"elementor-section elementor-inner-section elementor-element elementor-element-a100c31 elementor-section-boxed elementor-section-height-default elementor-section-height-default\" data-id=\"a100c31\" data-element_type=\"section\">\n\t\t\t\t\t\t<div class=\"elementor-container elementor-column-gap-default\">\n\t\t\t\t\t<div class=\"elementor-column elementor-col-50 elementor-inner-column elementor-element elementor-element-bce4be0\" data-id=\"bce4be0\" data-element_type=\"column\">\n\t\t\t<div class=\"elementor-widget-wrap elementor-element-populated\">\n\t\t\t\t\t\t<div class=\"elementor-element elementor-element-a563016 elementor-widget elementor-widget-text-editor\" data-id=\"a563016\" data-element_type=\"widget\" data-widget_type=\"text-editor.default\">\n\t\t\t\t<div class=\"elementor-widget-container\">\n\t\t\t\t\t\t\t\t\t<p>Tvrtka <strong>Pnevmotex doo<\/strong> jedan je od <strong>najve\u0107ih distributera materijala za zakivanje<\/strong> i <strong>alata za zakivanje u Sloveniji<\/strong> . Asortiman proizvoda koje prodajemo koristan je u automobilskoj industriji, gra\u0111evinarstvu, krovopokriva\u0161tvu, elektroindustriji, industriji bijele tehnike, autoservisnim djelatnostima i, ne manje va\u017eno, za ku\u0107nu upotrebu.<\/p><p> <\/p><p>Tvrtka <strong>Pnevmotex doo<\/strong> osnovana je <strong>1991. godine<\/strong> . Od tada zastupamo prodaju Gesip proizvoda u Sloveniji. Tijekom godina postojanja uspostavili smo i odr\u017eavamo kontakte s najve\u0107im proizvo\u0111a\u010dima i dobavlja\u010dima materijala za zakivanje u Europi i diljem svijeta.<\/p><p> <\/p><p>Proizvodi u na\u0161em programu uglavnom uklju\u010duju <strong>slijepe zakovice, slijepe matice, alate za zakivanje<\/strong> ( <strong>ru\u010dne, baterijske, pneumatske, automatizirane<\/strong> ), ali istovremeno nudimo na\u0161im kupcima i komplementarni program za njihove potrebe &#8211; vijke, umetnute matice, vijke za zavarivanje, vijke za zavarivanje s unutarnjim i vanjskim navojem. <strong>Nudimo obuku, savjetovanje i servis za prodaju i kori\u0161tenje alata iz na\u0161eg programa.<\/strong><\/p><p> <\/p><p>Ulogu tvrtke <strong>Pnevmotex doo<\/strong> ne vidimo samo u prodaji, ve\u0107 i u <strong>savjetovanju<\/strong> i <strong>pronala\u017eenju rje\u0161enja<\/strong> za potrebe na\u0161ih kupaca, \u0161to omogu\u0107ujemo dugogodi\u0161njim iskustvom, stru\u010dnim osobljem i kontinuiranom edukacijom na\u0161ih zaposlenika u podru\u010dju zakiva\u010dke tehnike.<\/p><p> <\/p><p><strong>Financijski smo pouzdan partner<\/strong> i za vas i za na\u0161e dobavlja\u010de, \u0161to dokazujemo <strong>certifikatom izvrsnosti.<\/strong><br><strong>AAA rejting agencija Bisnode<\/strong> . Tako\u0111er imamo <strong>sustav upravljanja kvalitetom<\/strong> certificiran od strane <strong>T\u00dcV Sava<\/strong> .<\/p>\t\t\t\t\t\t\t\t<\/div>\n\t\t\t\t<\/div>\n\t\t\t\t\t<\/div>\n\t\t<\/div>\n\t\t\t\t<div class=\"elementor-column elementor-col-50 elementor-inner-column elementor-element elementor-element-e71d84b\" data-id=\"e71d84b\" data-element_type=\"column\">\n\t\t\t<div class=\"elementor-widget-wrap elementor-element-populated\">\n\t\t\t\t\t\t<div class=\"elementor-element elementor-element-7cbbe13 elementor-widget__width-initial elementor-widget elementor-widget-text-editor\" data-id=\"7cbbe13\" data-element_type=\"widget\" data-widget_type=\"text-editor.default\">\n\t\t\t\t<div class=\"elementor-widget-container\">\n\t\t\t\t\t\t\t\t\tNa prodaju i\n kori\u0161tenjem alata iz\n na\u0161 program\n nudimo\n obrazovanje,\n savjetovanje i servis.\t\t\t\t\t\t\t\t<\/div>\n\t\t\t\t<\/div>\n\t\t\t\t\t<\/div>\n\t\t<\/div>\n\t\t\t\t\t<\/div>\n\t\t<\/section>\n\t\t\t\t\t<\/div>\n\t\t<\/div>\n\t\t\t\t\t<\/div>\n\t\t<\/section>\n\t\t\t\t<\/div>\n\t\t","protected":false},"excerpt":{"rendered":"Tvrtka Pnevmotex doo jedan je od najve\u0107ih distributera materijala za zakivanje i alata za zakivanje u Sloveniji . Asortiman proizvoda koje prodajemo koristan je u automobilskoj industriji, gra\u0111evinarstvu, krovopokriva\u0161tvu, elektroindustriji, industriji bijele tehnike, autoservisnim djelatnostima i, ne manje va\u017eno, za ku\u0107nu upotrebu. Tvrtka Pnevmotex doo osnovana je 1991. godine . Od tada zastupamo prodaju Gesip&#8230; <a class=\"view-article\" href=\"https:\/\/zakovice.si\/hr\/o-nama\/\">Pogledajte \u010dlanak<\/a>","protected":false},"author":9,"featured_media":0,"parent":0,"menu_order":0,"comment_status":"closed","ping_status":"closed","template":"","meta":{"_acf_changed":false,"footnotes":""},"class_list":["post-5409","page","type-page","status-publish","hentry"],"acf":[],"_links":{"self":[{"href":"https:\/\/zakovice.si\/hr\/wp-json\/wp\/v2\/pages\/5409","targetHints":{"allow":["GET"]}}],"collection":[{"href":"https:\/\/zakovice.si\/hr\/wp-json\/wp\/v2\/pages"}],"about":[{"href":"https:\/\/zakovice.si\/hr\/wp-json\/wp\/v2\/types\/page"}],"author":[{"embeddable":true,"href":"https:\/\/zakovice.si\/hr\/wp-json\/wp\/v2\/users\/9"}],"replies":[{"embeddable":true,"href":"https:\/\/zakovice.si\/hr\/wp-json\/wp\/v2\/comments?post=5409"}],"version-history":[{"count":1,"href":"https:\/\/zakovice.si\/hr\/wp-json\/wp\/v2\/pages\/5409\/revisions"}],"predecessor-version":[{"id":5410,"href":"https:\/\/zakovice.si\/hr\/wp-json\/wp\/v2\/pages\/5409\/revisions\/5410"}],"wp:attachment":[{"href":"https:\/\/zakovice.si\/hr\/wp-json\/wp\/v2\/media?parent=5409"}],"curies":[{"name":"wp","href":"https:\/\/api.w.org\/{rel}","templated":true}]}}