{"id":5461,"date":"2022-02-04T11:49:17","date_gmt":"2022-02-04T10:49:17","guid":{"rendered":"https:\/\/zakovice.si\/kontakt\/"},"modified":"2025-07-29T11:18:40","modified_gmt":"2025-07-29T09:18:40","slug":"kontakt","status":"publish","type":"page","link":"https:\/\/zakovice.si\/hr\/kontakt\/","title":{"rendered":"Kontakt"},"content":{"rendered":"\t\t<div data-elementor-type=\"wp-page\" data-elementor-id=\"5461\" class=\"elementor elementor-5461 elementor-226\" data-elementor-post-type=\"page\">\n\t\t\t\t\t\t<section class=\"elementor-section elementor-top-section elementor-element elementor-element-f88575f elementor-section-boxed elementor-section-height-default elementor-section-height-default\" data-id=\"f88575f\" data-element_type=\"section\">\n\t\t\t\t\t\t<div class=\"elementor-container elementor-column-gap-no\">\n\t\t\t\t\t<div class=\"elementor-column elementor-col-50 elementor-top-column elementor-element elementor-element-2cb0084\" data-id=\"2cb0084\" data-element_type=\"column\">\n\t\t\t<div class=\"elementor-widget-wrap elementor-element-populated\">\n\t\t\t\t\t\t<div class=\"elementor-element elementor-element-edd85ca elementor-widget elementor-widget-heading\" data-id=\"edd85ca\" data-element_type=\"widget\" data-widget_type=\"heading.default\">\n\t\t\t\t<div class=\"elementor-widget-container\">\n\t\t\t\t\t<h2 class=\"elementor-heading-title elementor-size-default\">Pnevmotex doo<\/h2>\t\t\t\t<\/div>\n\t\t\t\t<\/div>\n\t\t\t\t<div class=\"elementor-element elementor-element-2b4bd48 elementor-widget elementor-widget-text-editor\" data-id=\"2b4bd48\" data-element_type=\"widget\" data-widget_type=\"text-editor.default\">\n\t\t\t\t<div class=\"elementor-widget-container\">\n\t\t\t\t\t\t\t\t\t<p><strong>PE sprej<\/strong><br> Spruh 19,<br> 1236 Trzin (kod DHL-a)<\/p><p> <\/p><p><strong>TELEFON: <a href=\"tel:+38615349041\">+386 (0)1 5349 041<\/a><\/strong><br> <strong>Mobitel: <a href=\"tel:+38641492520\">+386 (0)41 492 520<\/a><\/strong><br> <strong>FAKS: <a href=\"tel:+38615341430\">+386 (0)1 5341 430<\/a><\/strong><\/p><p> <\/p><p><strong>E-MAIL ADRESA: <a href=\"mailto:info@pnevmotex.si\">info@pnevmotex.si<\/a><\/strong><\/p><p> <\/p><p>Porez: 54724996<br> Registarski broj: 5445574000<\/p><p> <\/p><p>IBAN SI56 0510 0801 0067 913 (ABANKA dd)<br> IBAN SI56 0310 2101 2013 224 (SKB dd)<\/p><p> <\/p><p><strong>RADNO VRIJEME:<\/strong><br> Ponedjeljak &#8211; Petak: 7:30-15:30<br> Subota, nedjelja: zatvoreno<\/p><p> <\/p><p>Usluga je otvorena od ponedjeljka do petka od 7:30 do 15:30 sati.<\/p>\t\t\t\t\t\t\t\t<\/div>\n\t\t\t\t<\/div>\n\t\t\t\t\t<\/div>\n\t\t<\/div>\n\t\t\t\t<div class=\"elementor-column elementor-col-50 elementor-top-column elementor-element elementor-element-356de3c\" data-id=\"356de3c\" data-element_type=\"column\">\n\t\t\t<div class=\"elementor-widget-wrap elementor-element-populated\">\n\t\t\t\t\t\t<div class=\"elementor-element elementor-element-a239820 elementor-widget elementor-widget-heading\" data-id=\"a239820\" data-element_type=\"widget\" data-widget_type=\"heading.default\">\n\t\t\t\t<div class=\"elementor-widget-container\">\n\t\t\t\t\t<p class=\"elementor-heading-title elementor-size-default\">Imate li pitanje? Pi\u0161ite nam, rado \u0107emo vam pomo\u0107i! <\/p>\t\t\t\t<\/div>\n\t\t\t\t<\/div>\n\t\t\t\t<div class=\"elementor-element elementor-element-8943c22 zakovice-form--cf7-form--element elementor-widget elementor-widget-shortcode\" data-id=\"8943c22\" data-element_type=\"widget\" data-widget_type=\"shortcode.default\">\n\t\t\t\t<div class=\"elementor-widget-container\">\n\t\t\t\t\t\t\t<div class=\"elementor-shortcode\">\n<div class=\"wpcf7 no-js\" id=\"wpcf7-f5643-o1\" lang=\"hr\" dir=\"ltr\" data-wpcf7-id=\"5643\">\n<div class=\"screen-reader-response\"><p role=\"status\" aria-live=\"polite\" aria-atomic=\"true\"><\/p> <ul><\/ul><\/div>\n<form action=\"\/hr\/wp-json\/wp\/v2\/pages\/5461#wpcf7-f5643-o1\" method=\"post\" class=\"wpcf7-form init\" aria-label=\"Kontakt obrazac\" novalidate=\"novalidate\" data-status=\"init\">\n<fieldset class=\"hidden-fields-container\"><input type=\"hidden\" name=\"_wpcf7\" value=\"5643\" \/><input type=\"hidden\" name=\"_wpcf7_version\" value=\"6.1.4\" \/><input type=\"hidden\" name=\"_wpcf7_locale\" value=\"hr\" \/><input type=\"hidden\" name=\"_wpcf7_unit_tag\" value=\"wpcf7-f5643-o1\" \/><input type=\"hidden\" name=\"_wpcf7_container_post\" value=\"0\" \/><input type=\"hidden\" name=\"_wpcf7_posted_data_hash\" value=\"\" \/><input type=\"hidden\" name=\"_wpcf7_recaptcha_response\" value=\"\" \/>\n<\/fieldset>\n<div class=\"zakovice-contact--form__wrapper webtim-contact--form-wrapper\">\n\t<p class=\"webtim-form-field\"><br \/>\n<span class=\"wpcf7-form-control-wrap\" data-name=\"rezervirano\"><input size=\"40\" maxlength=\"400\" class=\"wpcf7-form-control wpcf7-text wpcf7-validates-as-required\" aria-required=\"true\" aria-invalid=\"false\" value=\"Va\u0161e ime i prezime \/ tvrtka *\" type=\"text\" name=\"rezervirano\" \/><\/span>\n\t<\/p>\n\t<p class=\"webtim-form-field\"><br \/>\n[email* rezervirano mjesto za e-po\u0161tu za zakovice \"Va\u0161a adresa e-po\u0161te *\"]\n\t<\/p>\n\t<p class=\"webtim-form-field\"><br \/>\n<span class=\"wpcf7-form-control-wrap\" data-name=\"rezervirano\"><input size=\"40\" maxlength=\"400\" class=\"wpcf7-form-control wpcf7-tel wpcf7-validates-as-required wpcf7-text wpcf7-validates-as-tel\" aria-required=\"true\" aria-invalid=\"false\" value=\"Telefon *\" type=\"tel\" name=\"rezervirano\" \/><\/span>\n\t<\/p>\n\t<p class=\"webtim-form-field\"><br \/>\n<span class=\"wpcf7-form-control-wrap\" data-name=\"zakovice-notes\"><textarea cols=\"40\" rows=\"10\" maxlength=\"2000\" class=\"wpcf7-form-control wpcf7-textarea\" aria-invalid=\"false\" placeholder=\"Va\u0161a poruka\" name=\"zakovice-notes\"><\/textarea><\/span>\n\t<\/p>\n\t<div class=\"webtim-contact--terms-text\">\n\t\t<p class=\"no-margin\">\n\t\t<\/p>\n\t\t<p style=\"font-size:12px; line-height:1.7;\">Ako u polja za unos unesete svoje osobne podatke i kliknete gumb \u201ePO\u0160ALJI\u201c, <i>PNEVMOTEX DOO<\/i> \u0107e pohraniti i obraditi unesene podatke u svrhu pripreme odgovora na va\u0161u poruku. Vi\u0161e informacija o tome kako <i>PNEVMOTEX DOO<\/i> obra\u0111uje osobne podatke mo\u017eete pro\u010ditati na stranici <a href=\"https:\/\/zakovice.si\/varovanje-podatkov\/\">Za\u0161tita podataka<\/a> .\n\t\t<\/p>\n\t\t<p style=\"font-size:12px; line-height: 1.7;\"><span class=\"wpcf7-form-control-wrap\" data-name=\"acceptance-610\"><span class=\"wpcf7-form-control wpcf7-acceptance optional\"><span class=\"wpcf7-list-item\"><label><input type=\"checkbox\" name=\"acceptance-610\" value=\"1\" aria-invalid=\"false\" \/><span class=\"wpcf7-list-item-label\">Ozna\u010dite ovaj okvir ako se sla\u017eete da vam <i>PNEVMOTEX DOO<\/i> povremeno mo\u017ee slati e-po\u0161tu na adresu e-po\u0161te koju ste naveli. Svoju privolu mo\u017eete povu\u0107i u bilo kojem trenutku putem poveznice u svakoj e-po\u0161ti ili kontaktiranjem nas. Vi\u0161e o tome kako obra\u0111ujemo va\u0161e osobne podatke mo\u017eete pro\u010ditati na stranici <a href=\"https:\/\/zakovice.si\/varovanje-podatkov\/\">Za\u0161tita podataka<\/a> .<\/span><\/label><\/span><\/span><\/span>\n\t\t<\/p>\n\t<\/div>\n\t<p><input class=\"wpcf7-form-control wpcf7-submit has-spinner\" type=\"submit\" value=\"POSLATI\" \/>\n\t<\/p>\n\t<div class=\"webtim-contact-form--terms-text\">\n\t\t<p style=\"font-size:12px; line-height: 1.7;\">Va\u0161e podatke koristit \u0107emo isklju\u010divo u svrhu za koju smo dobili va\u0161u privolu. Va\u0161e osobne podatke koristit \u0107emo povjerljivo i ne\u0107emo ih dijeliti s tre\u0107im stranama. S va\u0161om privatno\u0161\u0107u postupamo u skladu s odredbama GDPR-a i Zakona o za\u0161titi osobnih podataka.\n\t\t<\/p>\n\t\t<p style=\"font-size:12px; line-height: 1.7;\">Od primanja poruka mo\u017eete se odjaviti u bilo kojem trenutku slanjem poruke na e-mail adresu: <a href=\"mailto:info@pnevmotex.si\">info@pnevmotex.si<\/a> s naslovom <i>Odjava<\/i> . Nakon obrade zahtjeva za odjavu, tvrtka <i>PNEVMOTEX DOO<\/i> prestat \u0107e vam slati sadr\u017eaj s kojeg ste se odjavili. Za detalje o odjavi, obradi i za\u0161titi osobnih podataka pro\u010ditajte stranicu <a href=\"https:\/\/zakovice.si\/varovanje-podatkov\/\">Za\u0161tita podataka<\/a> .\n\t\t<\/p>\n\t<\/div>\n<\/div><div class=\"wpcf7-response-output\" aria-hidden=\"true\"><\/div>\n<\/form>\n<\/div>\n<\/div>\n\t\t\t\t\t\t<\/div>\n\t\t\t\t<\/div>\n\t\t\t\t\t<\/div>\n\t\t<\/div>\n\t\t\t\t\t<\/div>\n\t\t<\/section>\n\t\t\t\t<section class=\"elementor-section elementor-top-section elementor-element elementor-element-209c827 elementor-section-boxed elementor-section-height-default elementor-section-height-default\" data-id=\"209c827\" data-element_type=\"section\">\n\t\t\t\t\t\t<div class=\"elementor-container elementor-column-gap-no\">\n\t\t\t\t\t<div class=\"elementor-column elementor-col-100 elementor-top-column elementor-element elementor-element-480846b\" data-id=\"480846b\" data-element_type=\"column\">\n\t\t\t<div class=\"elementor-widget-wrap elementor-element-populated\">\n\t\t\t\t\t\t<div class=\"elementor-element elementor-element-8d302c1 elementor-widget-divider--view-line elementor-widget elementor-widget-divider\" data-id=\"8d302c1\" data-element_type=\"widget\" data-widget_type=\"divider.default\">\n\t\t\t\t<div class=\"elementor-widget-container\">\n\t\t\t\t\t\t\t<div class=\"elementor-divider\">\n\t\t\t<span class=\"elementor-divider-separator\">\n\t\t\t\t\t\t<\/span>\n\t\t<\/div>\n\t\t\t\t\t\t<\/div>\n\t\t\t\t<\/div>\n\t\t\t\t\t<\/div>\n\t\t<\/div>\n\t\t\t\t\t<\/div>\n\t\t<\/section>\n\t\t\t\t<section class=\"elementor-section elementor-top-section elementor-element elementor-element-fbd1e61 elementor-section-boxed elementor-section-height-default elementor-section-height-default\" data-id=\"fbd1e61\" data-element_type=\"section\">\n\t\t\t\t\t\t<div class=\"elementor-container elementor-column-gap-no\">\n\t\t\t\t\t<div class=\"elementor-column elementor-col-100 elementor-top-column elementor-element elementor-element-5b4ed0e\" data-id=\"5b4ed0e\" data-element_type=\"column\">\n\t\t\t<div class=\"elementor-widget-wrap elementor-element-populated\">\n\t\t\t\t\t\t<div class=\"elementor-element elementor-element-e59db89 elementor-widget elementor-widget-heading\" data-id=\"e59db89\" data-element_type=\"widget\" data-widget_type=\"heading.default\">\n\t\t\t\t<div class=\"elementor-widget-container\">\n\t\t\t\t\t<h3 class=\"elementor-heading-title elementor-size-default\">Kontakt osobe<\/h3>\t\t\t\t<\/div>\n\t\t\t\t<\/div>\n\t\t\t\t<section class=\"elementor-section elementor-inner-section elementor-element elementor-element-b2093e0 elementor-section-boxed elementor-section-height-default elementor-section-height-default\" data-id=\"b2093e0\" data-element_type=\"section\">\n\t\t\t\t\t\t<div class=\"elementor-container elementor-column-gap-no\">\n\t\t\t\t\t<div class=\"elementor-column elementor-col-33 elementor-inner-column elementor-element elementor-element-fd26a12\" data-id=\"fd26a12\" data-element_type=\"column\">\n\t\t\t<div class=\"elementor-widget-wrap elementor-element-populated\">\n\t\t\t\t\t\t<div class=\"elementor-element elementor-element-703286c elementor-widget elementor-widget-image\" data-id=\"703286c\" data-element_type=\"widget\" data-widget_type=\"image.default\">\n\t\t\t\t<div class=\"elementor-widget-container\">\n\t\t\t\t\t\t\t\t\t\t\t\t\t\t\t<img decoding=\"async\" src=\"https:\/\/zakovice.si\/wp-content\/uploads\/elementor\/thumbs\/zakovice-kontakt-andrej-troha-pl6dvrwth5ekdhrrc398p00ype04bhrsr8f8bjbxac.webp\" title=\"zakovice kontakt andrej troha\" alt=\"zakovice kontakt andrej troha\" loading=\"lazy\" \/>\t\t\t\t\t\t\t\t\t\t\t\t\t\t\t<\/div>\n\t\t\t\t<\/div>\n\t\t\t\t<div class=\"elementor-element elementor-element-e3eb807 elementor-widget elementor-widget-heading\" data-id=\"e3eb807\" data-element_type=\"widget\" data-widget_type=\"heading.default\">\n\t\t\t\t<div class=\"elementor-widget-container\">\n\t\t\t\t\t<p class=\"elementor-heading-title elementor-size-default\">Andrej <strong>Troha<\/strong><br><\/p>\t\t\t\t<\/div>\n\t\t\t\t<\/div>\n\t\t\t\t<div class=\"elementor-element elementor-element-4b0fba5 elementor-widget elementor-widget-heading\" data-id=\"4b0fba5\" data-element_type=\"widget\" data-widget_type=\"heading.default\">\n\t\t\t\t<div class=\"elementor-widget-container\">\n\t\t\t\t\t<p class=\"elementor-heading-title elementor-size-default\">Direktor<\/p>\t\t\t\t<\/div>\n\t\t\t\t<\/div>\n\t\t\t\t<div class=\"elementor-element elementor-element-7854e04 elementor-widget elementor-widget-text-editor\" data-id=\"7854e04\" data-element_type=\"widget\" data-widget_type=\"text-editor.default\">\n\t\t\t\t<div class=\"elementor-widget-container\">\n\t\t\t\t\t\t\t\t\t<p class=\"p1\"><strong><span class=\"s1\">Telefon:<\/span> <a href=\"tel:+38615653814\">+386 (0)1 5653 814<\/a><\/strong><\/p><p class=\"p1\"><strong><span class=\"s1\">E-mail:<\/span> <a href=\"mailto:andrej.troha@pnevmotex.si\">andrej.troha@pnevmotex.si<\/a><\/strong><\/p>\t\t\t\t\t\t\t\t<\/div>\n\t\t\t\t<\/div>\n\t\t\t\t\t<\/div>\n\t\t<\/div>\n\t\t\t\t<div class=\"elementor-column elementor-col-33 elementor-inner-column elementor-element elementor-element-379b541\" data-id=\"379b541\" data-element_type=\"column\">\n\t\t\t<div class=\"elementor-widget-wrap elementor-element-populated\">\n\t\t\t\t\t\t<div class=\"elementor-element elementor-element-4e79371 elementor-widget elementor-widget-image\" data-id=\"4e79371\" data-element_type=\"widget\" data-widget_type=\"image.default\">\n\t\t\t\t<div class=\"elementor-widget-container\">\n\t\t\t\t\t\t\t\t\t\t\t\t\t\t\t<img decoding=\"async\" src=\"https:\/\/zakovice.si\/wp-content\/uploads\/elementor\/thumbs\/zakovice-kontakt-klara-saje-troha-pl6dzm33dsnps671x8zedj5q1132r00ca8blv7n1vo.webp\" title=\"zakovice kontakt klara saje troha\" alt=\"zakovice kontakt klara saje troha\" loading=\"lazy\" \/>\t\t\t\t\t\t\t\t\t\t\t\t\t\t\t<\/div>\n\t\t\t\t<\/div>\n\t\t\t\t<div class=\"elementor-element elementor-element-5c21ac4 elementor-widget elementor-widget-heading\" data-id=\"5c21ac4\" data-element_type=\"widget\" data-widget_type=\"heading.default\">\n\t\t\t\t<div class=\"elementor-widget-container\">\n\t\t\t\t\t<p class=\"elementor-heading-title elementor-size-default\">Klara Saje <strong>Troha<\/strong><br><\/p>\t\t\t\t<\/div>\n\t\t\t\t<\/div>\n\t\t\t\t<div class=\"elementor-element elementor-element-f0f541c elementor-widget elementor-widget-heading\" data-id=\"f0f541c\" data-element_type=\"widget\" data-widget_type=\"heading.default\">\n\t\t\t\t<div class=\"elementor-widget-container\">\n\t\t\t\t\t<p class=\"elementor-heading-title elementor-size-default\">Prodajni<\/p>\t\t\t\t<\/div>\n\t\t\t\t<\/div>\n\t\t\t\t<div class=\"elementor-element elementor-element-4e9fc5c elementor-widget elementor-widget-text-editor\" data-id=\"4e9fc5c\" data-element_type=\"widget\" data-widget_type=\"text-editor.default\">\n\t\t\t\t<div class=\"elementor-widget-container\">\n\t\t\t\t\t\t\t\t\t<p class=\"p1\"><strong><span class=\"s1\">Telefon:<\/span> <a href=\"tel:+38615349041\">+386 (0)1 5349 041<\/a><\/strong><\/p>\n<p class=\"p1\"><strong><span class=\"s1\">Telefon:<\/span> <a href=\"tel:+38615684272\">+386 (0)1 5684 272<\/a><\/strong><\/p>\n<p class=\"p1\"><strong><span class=\"s1\">E-mail:<\/span> <a href=\"mailto:klara.saje@pnevmotex.si\">klara.saje@pnevmotex.si<\/a><\/strong><\/p>\t\t\t\t\t\t\t\t<\/div>\n\t\t\t\t<\/div>\n\t\t\t\t\t<\/div>\n\t\t<\/div>\n\t\t\t\t<div class=\"elementor-column elementor-col-33 elementor-inner-column elementor-element elementor-element-99e0628\" data-id=\"99e0628\" data-element_type=\"column\">\n\t\t\t<div class=\"elementor-widget-wrap elementor-element-populated\">\n\t\t\t\t\t\t<div class=\"elementor-element elementor-element-c9f39dd elementor-widget elementor-widget-image\" data-id=\"c9f39dd\" data-element_type=\"widget\" data-widget_type=\"image.default\">\n\t\t\t\t<div class=\"elementor-widget-container\">\n\t\t\t\t\t\t\t\t\t\t\t\t\t\t\t<img decoding=\"async\" src=\"https:\/\/zakovice.si\/wp-content\/uploads\/elementor\/thumbs\/zakovice-kontakt-irena-repnik-pl6e17f8you7gdvrmfrn3mou9j8gsjbyu44853a1c4.webp\" title=\"zakovice kontakt irena repnik\" alt=\"zakovice kontakt irena repnik\" loading=\"lazy\" \/>\t\t\t\t\t\t\t\t\t\t\t\t\t\t\t<\/div>\n\t\t\t\t<\/div>\n\t\t\t\t<div class=\"elementor-element elementor-element-8329cba elementor-widget elementor-widget-heading\" data-id=\"8329cba\" data-element_type=\"widget\" data-widget_type=\"heading.default\">\n\t\t\t\t<div class=\"elementor-widget-container\">\n\t\t\t\t\t<p class=\"elementor-heading-title elementor-size-default\">Irena <strong>Repnik<\/strong><br><\/p>\t\t\t\t<\/div>\n\t\t\t\t<\/div>\n\t\t\t\t<div class=\"elementor-element elementor-element-ebb8eb4 elementor-widget elementor-widget-heading\" data-id=\"ebb8eb4\" data-element_type=\"widget\" data-widget_type=\"heading.default\">\n\t\t\t\t<div class=\"elementor-widget-container\">\n\t\t\t\t\t<p class=\"elementor-heading-title elementor-size-default\">Prodajni<\/p>\t\t\t\t<\/div>\n\t\t\t\t<\/div>\n\t\t\t\t<div class=\"elementor-element elementor-element-107ba8f elementor-widget elementor-widget-text-editor\" data-id=\"107ba8f\" data-element_type=\"widget\" data-widget_type=\"text-editor.default\">\n\t\t\t\t<div class=\"elementor-widget-container\">\n\t\t\t\t\t\t\t\t\t<p class=\"p1\"><strong><span class=\"s1\">Telefon:<\/span> <a href=\"tel:+38615349041\">+386 (0)1 5349 041<\/a><\/strong><\/p>\n<p class=\"p1\"><strong><span class=\"s1\">Telefon:<\/span> <a href=\"tel:+38615684272\">+386 (0)1 5684 272<\/a><\/strong><\/p>\n<p class=\"p1\"><strong><span class=\"s1\">E-mail:<\/span> <a href=\"mailto:irena.repnik@pnevmotex.si\">irena.repnik@pnevmotex.si<\/a><\/strong><\/p>\t\t\t\t\t\t\t\t<\/div>\n\t\t\t\t<\/div>\n\t\t\t\t\t<\/div>\n\t\t<\/div>\n\t\t\t\t\t<\/div>\n\t\t<\/section>\n\t\t\t\t<section class=\"elementor-section elementor-inner-section elementor-element elementor-element-fe0855c elementor-section-boxed elementor-section-height-default elementor-section-height-default\" data-id=\"fe0855c\" data-element_type=\"section\">\n\t\t\t\t\t\t<div class=\"elementor-container elementor-column-gap-no\">\n\t\t\t\t\t<div class=\"elementor-column elementor-col-33 elementor-inner-column elementor-element elementor-element-aabe64d\" data-id=\"aabe64d\" data-element_type=\"column\">\n\t\t\t<div class=\"elementor-widget-wrap elementor-element-populated\">\n\t\t\t\t\t\t<div class=\"elementor-element elementor-element-d2cc6d0 elementor-widget elementor-widget-image\" data-id=\"d2cc6d0\" data-element_type=\"widget\" data-widget_type=\"image.default\">\n\t\t\t\t<div class=\"elementor-widget-container\">\n\t\t\t\t\t\t\t\t\t\t\t\t\t\t\t<img decoding=\"async\" src=\"https:\/\/zakovice.si\/wp-content\/uploads\/elementor\/thumbs\/zakovice-kontakt-boris-jurekovic-pl6e2srejl0p4lkhbmjvtq7yi1duu2nldzwueyx0sk.webp\" title=\"zakovice kontakt boris jurekovic\" alt=\"zakovice kontakt boris jurekovic\" loading=\"lazy\" \/>\t\t\t\t\t\t\t\t\t\t\t\t\t\t\t<\/div>\n\t\t\t\t<\/div>\n\t\t\t\t<div class=\"elementor-element elementor-element-19b91ac elementor-widget elementor-widget-heading\" data-id=\"19b91ac\" data-element_type=\"widget\" data-widget_type=\"heading.default\">\n\t\t\t\t<div class=\"elementor-widget-container\">\n\t\t\t\t\t<p class=\"elementor-heading-title elementor-size-default\">Boris <strong>Jurekovi\u0107<\/strong><br><\/p>\t\t\t\t<\/div>\n\t\t\t\t<\/div>\n\t\t\t\t<div class=\"elementor-element elementor-element-957d74b elementor-widget elementor-widget-heading\" data-id=\"957d74b\" data-element_type=\"widget\" data-widget_type=\"heading.default\">\n\t\t\t\t<div class=\"elementor-widget-container\">\n\t\t\t\t\t<p class=\"elementor-heading-title elementor-size-default\">Tehni\u010dko savjetovanje i prodaja<\/p>\t\t\t\t<\/div>\n\t\t\t\t<\/div>\n\t\t\t\t<div class=\"elementor-element elementor-element-2cbc014 elementor-widget elementor-widget-text-editor\" data-id=\"2cbc014\" data-element_type=\"widget\" data-widget_type=\"text-editor.default\">\n\t\t\t\t<div class=\"elementor-widget-container\">\n\t\t\t\t\t\t\t\t\t<p class=\"p1\"><strong><span class=\"s1\">Telefon:<\/span> <a href=\"tel:+38651410015\">+386 (0)51 410 015<\/a><\/strong><\/p>\n<p class=\"p1\"><strong><span class=\"s1\">E-po\u0161ta:<\/span> <a href=\"mailto:boris@pnevmotex.si\">boris@pnevmotex.si<\/a><\/strong><\/p>\t\t\t\t\t\t\t\t<\/div>\n\t\t\t\t<\/div>\n\t\t\t\t\t<\/div>\n\t\t<\/div>\n\t\t\t\t<div class=\"elementor-column elementor-col-33 elementor-inner-column elementor-element elementor-element-16d5635\" data-id=\"16d5635\" data-element_type=\"column\">\n\t\t\t<div class=\"elementor-widget-wrap elementor-element-populated\">\n\t\t\t\t\t\t<div class=\"elementor-element elementor-element-fa84fb8 elementor-widget elementor-widget-image\" data-id=\"fa84fb8\" data-element_type=\"widget\" data-widget_type=\"image.default\">\n\t\t\t\t<div class=\"elementor-widget-container\">\n\t\t\t\t\t\t\t\t\t\t\t\t\t\t\t<img decoding=\"async\" src=\"https:\/\/zakovice.si\/wp-content\/uploads\/elementor\/thumbs\/zakovice-kontakt-ozbolt-kristan-pl6e3z2534mln1v1gmu3fxjp8dldggbijt9p0f6b0k.webp\" title=\"zakovice kontakt ozbolt kristan\" alt=\"zakovice kontakt ozbolt kristan\" loading=\"lazy\" \/>\t\t\t\t\t\t\t\t\t\t\t\t\t\t\t<\/div>\n\t\t\t\t<\/div>\n\t\t\t\t<div class=\"elementor-element elementor-element-779b0d3 elementor-widget elementor-widget-heading\" data-id=\"779b0d3\" data-element_type=\"widget\" data-widget_type=\"heading.default\">\n\t\t\t\t<div class=\"elementor-widget-container\">\n\t\t\t\t\t<p class=\"elementor-heading-title elementor-size-default\">O\u017ebolt <strong>Kristan<\/strong><br><\/p>\t\t\t\t<\/div>\n\t\t\t\t<\/div>\n\t\t\t\t<div class=\"elementor-element elementor-element-6a41bfc elementor-widget elementor-widget-heading\" data-id=\"6a41bfc\" data-element_type=\"widget\" data-widget_type=\"heading.default\">\n\t\t\t\t<div class=\"elementor-widget-container\">\n\t\t\t\t\t<p class=\"elementor-heading-title elementor-size-default\">Logistika<\/p>\t\t\t\t<\/div>\n\t\t\t\t<\/div>\n\t\t\t\t<div class=\"elementor-element elementor-element-30caa45 elementor-widget elementor-widget-text-editor\" data-id=\"30caa45\" data-element_type=\"widget\" data-widget_type=\"text-editor.default\">\n\t\t\t\t<div class=\"elementor-widget-container\">\n\t\t\t\t\t\t\t\t\t<p class=\"p1\"><strong><span class=\"s1\">Telefon:<\/span> <a href=\"tel:+38615349041\">+386 (0)1 5349 041<\/a><\/strong><\/p>\n<p class=\"p1\"><strong><span class=\"s1\">E-po\u0161ta:<\/span> <a href=\"mailto:info@pnevmotex.si\">info@pnevmotex.si<\/a><\/strong><\/p>\t\t\t\t\t\t\t\t<\/div>\n\t\t\t\t<\/div>\n\t\t\t\t\t<\/div>\n\t\t<\/div>\n\t\t\t\t<div class=\"elementor-column elementor-col-33 elementor-inner-column elementor-element elementor-element-080b02a elementor-hidden-tablet elementor-hidden-mobile\" data-id=\"080b02a\" data-element_type=\"column\">\n\t\t\t<div class=\"elementor-widget-wrap\">\n\t\t\t\t\t\t\t<\/div>\n\t\t<\/div>\n\t\t\t\t\t<\/div>\n\t\t<\/section>\n\t\t\t\t\t<\/div>\n\t\t<\/div>\n\t\t\t\t\t<\/div>\n\t\t<\/section>\n\t\t\t\t<section class=\"elementor-section elementor-top-section elementor-element elementor-element-6d4965d elementor-section-full_width elementor-section-height-default elementor-section-height-default\" data-id=\"6d4965d\" data-element_type=\"section\">\n\t\t\t\t\t\t<div class=\"elementor-container elementor-column-gap-no\">\n\t\t\t\t\t<div class=\"elementor-column elementor-col-100 elementor-top-column elementor-element elementor-element-63fdcd2\" data-id=\"63fdcd2\" data-element_type=\"column\">\n\t\t\t<div class=\"elementor-widget-wrap elementor-element-populated\">\n\t\t\t\t\t\t<div class=\"elementor-element elementor-element-874aa4e elementor-widget elementor-widget-google_maps\" data-id=\"874aa4e\" data-element_type=\"widget\" data-widget_type=\"google_maps.default\">\n\t\t\t\t<div class=\"elementor-widget-container\">\n\t\t\t\t\t\t\t<div class=\"elementor-custom-embed\">\n\t\t\t<iframe loading=\"lazy\"\n\t\t\t\t\tsrc=\"https:\/\/maps.google.com\/maps?q=%C5%A0pruha%2019%2C%201236%20Trzin&#038;t=m&#038;z=17&#038;output=embed&#038;iwloc=near\"\n\t\t\t\t\ttitle=\"\u0160pruha 19, 1236 Trzin\"\n\t\t\t\t\taria-label=\"\u0160pruha 19, 1236 Trzin\"\n\t\t\t><\/iframe>\n\t\t<\/div>\n\t\t\t\t\t\t<\/div>\n\t\t\t\t<\/div>\n\t\t\t\t\t<\/div>\n\t\t<\/div>\n\t\t\t\t\t<\/div>\n\t\t<\/section>\n\t\t\t\t<\/div>\n\t\t","protected":false},"excerpt":{"rendered":"Pnevmotex doo PE sprej Spruh 19, 1236 Trzin (kod DHL-a) TELEFON: +386 (0)1 5349 041 Mobitel: +386 (0)41 492 520 FAKS: +386 (0)1 5341 430 E-MAIL ADRESA: info@pnevmotex.si Porez: 54724996 Registarski broj: 5445574000 IBAN SI56 0510 0801 0067 913 (ABANKA dd) IBAN SI56 0310 2101 2013 224 (SKB dd) RADNO VRIJEME: Ponedjeljak &#8211; Petak: 7:30-15:30&#8230; <a class=\"view-article\" href=\"https:\/\/zakovice.si\/hr\/kontakt\/\">Pogledajte \u010dlanak<\/a>","protected":false},"author":9,"featured_media":0,"parent":0,"menu_order":0,"comment_status":"closed","ping_status":"closed","template":"","meta":{"_acf_changed":false,"footnotes":""},"class_list":["post-5461","page","type-page","status-publish","hentry"],"acf":[],"_links":{"self":[{"href":"https:\/\/zakovice.si\/hr\/wp-json\/wp\/v2\/pages\/5461","targetHints":{"allow":["GET"]}}],"collection":[{"href":"https:\/\/zakovice.si\/hr\/wp-json\/wp\/v2\/pages"}],"about":[{"href":"https:\/\/zakovice.si\/hr\/wp-json\/wp\/v2\/types\/page"}],"author":[{"embeddable":true,"href":"https:\/\/zakovice.si\/hr\/wp-json\/wp\/v2\/users\/9"}],"replies":[{"embeddable":true,"href":"https:\/\/zakovice.si\/hr\/wp-json\/wp\/v2\/comments?post=5461"}],"version-history":[{"count":2,"href":"https:\/\/zakovice.si\/hr\/wp-json\/wp\/v2\/pages\/5461\/revisions"}],"predecessor-version":[{"id":5464,"href":"https:\/\/zakovice.si\/hr\/wp-json\/wp\/v2\/pages\/5461\/revisions\/5464"}],"wp:attachment":[{"href":"https:\/\/zakovice.si\/hr\/wp-json\/wp\/v2\/media?parent=5461"}],"curies":[{"name":"wp","href":"https:\/\/api.w.org\/{rel}","templated":true}]}}