{"id":5463,"date":"2022-05-09T10:59:13","date_gmt":"2022-05-09T08:59:13","guid":{"rendered":"https:\/\/zakovice.si\/kolacici\/"},"modified":"2025-07-29T11:18:40","modified_gmt":"2025-07-29T09:18:40","slug":"kolacici","status":"publish","type":"page","link":"https:\/\/zakovice.si\/hr\/kolacici\/","title":{"rendered":"Kola\u010di\u0107i"},"content":{"rendered":"\t\t<div data-elementor-type=\"wp-page\" data-elementor-id=\"5463\" class=\"elementor elementor-5463 elementor-1933\" data-elementor-post-type=\"page\">\n\t\t\t\t\t\t<section class=\"elementor-section elementor-top-section elementor-element elementor-element-bdf47e2 elementor-section-boxed elementor-section-height-default elementor-section-height-default\" data-id=\"bdf47e2\" data-element_type=\"section\">\n\t\t\t\t\t\t<div class=\"elementor-container elementor-column-gap-no\">\n\t\t\t\t\t<div class=\"elementor-column elementor-col-100 elementor-top-column elementor-element elementor-element-57ca2aa\" data-id=\"57ca2aa\" data-element_type=\"column\">\n\t\t\t<div class=\"elementor-widget-wrap elementor-element-populated\">\n\t\t\t\t\t\t<div class=\"elementor-element elementor-element-3484cf3 elementor-widget elementor-widget-text-editor\" data-id=\"3484cf3\" data-element_type=\"widget\" data-widget_type=\"text-editor.default\">\n\t\t\t\t<div class=\"elementor-widget-container\">\n\t\t\t\t\t\t\t\t\t<h3>Sadr\u017eaj<\/h3>\n<ul>\n \t<li>\u0160to su kola\u010di\u0107i?<\/li>\n \t<li>Za\u0161to su kola\u010di\u0107i potrebni?<\/li>\n \t<li>Za\u0161to na\u0161a web stranica koristi kola\u010di\u0107e?<\/li>\n \t<li>Onemogu\u0107avanje kola\u010di\u0107a<\/li>\n \t<li>Vrste kola\u010di\u0107a koje koristimo na ovoj web stranici<\/li>\n \t<li>Tablica kori\u0161tenih kola\u010di\u0107a<\/li>\n<\/ul>\n<h3>\u0160to su kola\u010di\u0107i?<\/h3>\nKola\u010di\u0107i su male datoteke koje preuzimamo na va\u0161e ra\u010dunalo kako bismo pobolj\u0161ali va\u0161e korisni\u010dko iskustvo. Sami kola\u010di\u0107i ne sadr\u017ee nikakve podatke. Uvijek imate mogu\u0107nost prihvatiti ili odbiti kola\u010di\u0107e. Njihova pohrana je pod potpunom kontrolom preglednika koji koristi korisnik. Kola\u010di\u0107i su male datoteke koje web-mjesta koja posje\u0107ujete \u0161alju na va\u0161e ra\u010dunalo i pohranjuju na njemu. Obi\u010dno sadr\u017ee: naziv poslu\u017eitelja s kojeg je kola\u010di\u0107 poslan; vijek trajanja kola\u010di\u0107a; vrijednost (jedinstveni broj). Kola\u010di\u0107i se pohranjuju u direktorij datoteka web-preglednika. Sljede\u0107i put kada posjetite web-mjesto, preglednik \u010dita kola\u010di\u0107 i prenosi informacije web-mjestu ili drugom entitetu koji je postavio kola\u010di\u0107.       \n<h3>Za\u0161to su kola\u010di\u0107i potrebni?<\/h3>\nNeophodni su za pru\u017eanje korisni\u010dki prilago\u0111enih online usluga. Kola\u010di\u0107i ubrzavaju i olak\u0161avaju interakciju izme\u0111u web korisnika i web stranice. Poma\u017eu web stranici da zapamti individualne preferencije i iskustva, \u0161tede\u0107i vrijeme i \u010dine\u0107i pregledavanje web stranice u\u010dinkovitijim i korisni\u010dki prilago\u0111enijim.  \n\nNeki specifi\u010dni primjeri kori\u0161tenja kola\u010di\u0107a:\n<ul>\n \t<li>Kako bismo pobolj\u0161ali korisni\u010dko iskustvo web stranice, prilago\u0111avamo prikaz sadr\u017eaja posjetiteljima na temelju pro\u0161lih posjeta.<\/li>\n \t<li>za spremanje izbora prilikom izrade u\u017eeg popisa ure\u0111aja i ponuda te njihove usporedbe<\/li>\n \t<li>Odr\u017eavamo vas prijavljenima na dijelovima web stranice gdje je potrebna prijava.<\/li>\n \t<li>prepoznavanje va\u0161eg ure\u0111aja (ra\u010dunala, tableta, mobitela), \u0161to vam omogu\u0107uje prilagodbu prikaza sadr\u017eaja va\u0161em ure\u0111aju<\/li>\n \t<li>pra\u0107enje posjeta, \u0161to omogu\u0107uje provjeru u\u010dinkovitosti prikaza sadr\u017eaja i relevantnosti oglasa te kontinuirano pobolj\u0161anje web stranica<\/li>\n \t<li>nu\u017eni su za rad odre\u0111enih usluga (npr. internetske trgovine i drugi oblici e-trgovine itd.)<\/li>\n<\/ul>\n<h3>Za\u0161to na\u0161a web stranica koristi kola\u010di\u0107e?<\/h3>\nKola\u010di\u0107i su va\u017eno sredstvo za odr\u017eavanje svje\u017eeg i prikladnog sadr\u017eaja koji je u skladu s interesima i preferencijama pojedinog web korisnika. Razlozi za kori\u0161tenje kola\u010di\u0107a proizlaze iz njihovih svojstava, od kojih je jedno pohranjivanje podataka o stanju pojedine web stranice, kola\u010di\u0107i poma\u017eu u provedbi raznih web usluga (internetske trgovine), poma\u017eu u prikupljanju raznih statistika, budu\u0107i da se samo uz pomo\u0107 njih mo\u017ee pratiti u\u010destalost posjeta odre\u0111enoj web stranici. Pomo\u0107u kola\u010di\u0107a, operater web stranice mo\u017ee procijeniti u\u010dinkovitost dizajna svoje web stranice, kao i prikladnost vrste i broja oglasa koji se nude tre\u0107im korisnicima na njegovoj web stranici.  \n<h3>Onemogu\u0107avanje kola\u010di\u0107a<\/h3>\nVi odlu\u010dujete ho\u0107ete li dopustiti pohranjivanje kola\u010di\u0107a na svoje ra\u010dunalo ili ne. Postavke kola\u010di\u0107a mo\u017eete kontrolirati i mijenjati pomo\u0107u odabranih postavki web preglednika. Za informacije o postavkama kola\u010di\u0107a odaberite web preglednik koji koristite.  \n\n<a href=\"https:\/\/support.google.com\/chrome\/answer\/95647?hl=sl-sl&amp;p=cpn_cookies\" target=\"_blank\" rel=\"noopener\">Krom<\/a>\n<a href=\"https:\/\/support.mozilla.org\/sl\/kb\/izbrisite-piskotke-podatke-strani\" target=\"_blank\" rel=\"noopener\">Firefox<\/a>\n<a href=\"https:\/\/support.microsoft.com\/sl-si\/windows\/upravljanje-pi%C5%A1kotkov-v-brskalniku-microsoft-edge-ogled-omogo%C4%8Danje-blokiranje-brisanje-in-uporaba-168dab11-0753-043d-7c16-ede5947fc64d\" target=\"_blank\" rel=\"noopener\">Rub<\/a>\n<a href=\"http:\/\/www.opera.com\/help\/tutorials\/security\/cookies\/\" target=\"_blank\" rel=\"noopener\">Opera<\/a> (stranica na engleskom jeziku)\n<a href=\"https:\/\/support.apple.com\/sl-si\/guide\/safari\/sfri11471\/mac\" target=\"_blank\" rel=\"noopener\">Safari<\/a> (stranica na engleskom jeziku)\n<h3>Vrste kola\u010di\u0107a koje koristimo na ovoj web stranici<\/h3>\nSljede\u0107i kola\u010di\u0107i koriste se za osiguranje rada svih funkcija web stranice:\n<ul>\n \t<li>kola\u010di\u0107i u analiti\u010dke svrhe<\/li>\n \t<li>kola\u010di\u0107 za pra\u0107enje putovanja neregistriranih korisnika<\/li>\n \t<li>odre\u0111eni sadr\u017eaj prilago\u0111en je odre\u0111enom korisniku, analiza posjeta web stranici omogu\u0107uje kontinuirano pobolj\u0161anje web stranice<\/li>\n<\/ul>\nDetaljan opis svakog kola\u010di\u0107a i vrijeme njegove instalacije mo\u017eete prona\u0107i u tablicama u nastavku:\n\n1. Grupa: Neophodni kola\u010di\u0107i\n\nKola\u010di\u0107i su tekstualne datoteke koje identificiraju va\u0161e ra\u010dunalo na poslu\u017eitelju. Sami kola\u010di\u0107i ne identificiraju pojedinog korisnika, ve\u0107 ra\u010dunalo koje se koristi za pristup web stranici. Neophodni kola\u010di\u0107i \u010dine web stranicu korisnom omogu\u0107uju\u0107i osnovne funkcije poput navigacije stranicama i pristupa sigurnim podru\u010djima web stranice. Web-stranica ne funkcionira ispravno bez ovih kola\u010di\u0107a.\n\n2. Grupa: Izborni\/analiti\u010dki kola\u010di\u0107i\n\nStatisti\u010dki kola\u010di\u0107i poma\u017eu vlasnicima web stranica da razumiju kako posjetitelji koriste web stranicu anonimnim prikupljanjem i izvje\u0161tavanjem informacija.\n\n3. Grupa: Marketin\u0161ki kola\u010di\u0107i\n\nKoriste se za pra\u0107enje korisnika putem web stranice. Svrha je prikazivati oglase koji su prikladni i zanimljivi za pojedinog korisnika.\n<h3>Tablica kori\u0161tenih kola\u010di\u0107a<\/h3>\n<div class=\"cky-audit-table-element\"><\/div>\t\t\t\t\t\t\t\t<\/div>\n\t\t\t\t<\/div>\n\t\t\t\t\t<\/div>\n\t\t<\/div>\n\t\t\t\t\t<\/div>\n\t\t<\/section>\n\t\t\t\t<\/div>\n\t\t","protected":false},"excerpt":{"rendered":"Sadr\u017eaj \u0160to su kola\u010di\u0107i? Za\u0161to su kola\u010di\u0107i potrebni? Za\u0161to na\u0161a web stranica koristi kola\u010di\u0107e? Onemogu\u0107avanje kola\u010di\u0107a Vrste kola\u010di\u0107a koje koristimo na ovoj web stranici Tablica kori\u0161tenih kola\u010di\u0107a \u0160to su kola\u010di\u0107i? Kola\u010di\u0107i su male datoteke koje preuzimamo na va\u0161e ra\u010dunalo kako bismo pobolj\u0161ali va\u0161e korisni\u010dko iskustvo. Sami kola\u010di\u0107i ne sadr\u017ee nikakve podatke. Uvijek imate mogu\u0107nost prihvatiti&#8230; <a class=\"view-article\" href=\"https:\/\/zakovice.si\/hr\/kolacici\/\">Pogledajte \u010dlanak<\/a>","protected":false},"author":9,"featured_media":0,"parent":0,"menu_order":0,"comment_status":"closed","ping_status":"closed","template":"","meta":{"_acf_changed":false,"footnotes":""},"class_list":["post-5463","page","type-page","status-publish","hentry"],"acf":[],"_links":{"self":[{"href":"https:\/\/zakovice.si\/hr\/wp-json\/wp\/v2\/pages\/5463","targetHints":{"allow":["GET"]}}],"collection":[{"href":"https:\/\/zakovice.si\/hr\/wp-json\/wp\/v2\/pages"}],"about":[{"href":"https:\/\/zakovice.si\/hr\/wp-json\/wp\/v2\/types\/page"}],"author":[{"embeddable":true,"href":"https:\/\/zakovice.si\/hr\/wp-json\/wp\/v2\/users\/9"}],"replies":[{"embeddable":true,"href":"https:\/\/zakovice.si\/hr\/wp-json\/wp\/v2\/comments?post=5463"}],"version-history":[{"count":1,"href":"https:\/\/zakovice.si\/hr\/wp-json\/wp\/v2\/pages\/5463\/revisions"}],"predecessor-version":[{"id":5465,"href":"https:\/\/zakovice.si\/hr\/wp-json\/wp\/v2\/pages\/5463\/revisions\/5465"}],"wp:attachment":[{"href":"https:\/\/zakovice.si\/hr\/wp-json\/wp\/v2\/media?parent=5463"}],"curies":[{"name":"wp","href":"https:\/\/api.w.org\/{rel}","templated":true}]}}