{"id":5468,"date":"2022-02-02T09:21:00","date_gmt":"2022-02-02T08:21:00","guid":{"rendered":"https:\/\/zakovice.si\/pravila-o-privatnosti\/"},"modified":"2025-07-29T11:18:58","modified_gmt":"2025-07-29T09:18:58","slug":"pravila-o-privatnosti","status":"publish","type":"page","link":"https:\/\/zakovice.si\/hr\/pravila-o-privatnosti\/","title":{"rendered":"Pravila o privatnosti"},"content":{"rendered":"<h2 class=\"wp-block-heading\">Tko smo mi<\/h2><p><strong class=\"privacy-policy-tutorial\">Predlo\u017eeni tekst:<\/strong> Adresa na\u0161e web stranice je: https:\/\/zakovice.si<\/p><h2 class=\"wp-block-heading\">Komentari<\/h2><p><strong class=\"privacy-policy-tutorial\">Predlo\u017eeni tekst:<\/strong> Kada posjetitelji ostavljaju komentare na stranici, prikupljamo podatke prikazane u obrascu za komentare, kao i IP adresu posjetitelja i niz korisni\u010dkog agenta preglednika kako bismo pomogli u otkrivanju ne\u017eeljene po\u0161te.<\/p><p>Anonimizirani niz podataka generiran iz va\u0161e adrese e-po\u0161te (tako\u0111er nazvan hash) mo\u017ee se dostaviti usluzi Gravatar kako bi se vidjelo koristite li je. Pravila privatnosti usluge Gravatar dostupna su ovdje: https:\/\/automattic.com\/privacy\/. Nakon odobrenja va\u0161eg komentara, va\u0161a profilna slika vidljiva je javnosti u kontekstu va\u0161eg komentara. <\/p><h2 class=\"wp-block-heading\">Mediji<\/h2><p><strong class=\"privacy-policy-tutorial\">Predlo\u017eeni tekst:<\/strong> Ako prenosite slike na web-stranicu, trebali biste izbjegavati prenos slika s ugra\u0111enim podacima o lokaciji (EXIF GPS). Posjetitelji web-stranice mogu preuzeti i izdvojiti bilo koje podatke o lokaciji sa slika na web-stranici. <\/p><h2 class=\"wp-block-heading\">Kola\u010di\u0107i<\/h2><p><strong class=\"privacy-policy-tutorial\">Predlo\u017eeni tekst:<\/strong> Ako ostavite komentar na na\u0161oj stranici, mo\u017eete se prijaviti za spremanje va\u0161eg imena, adrese e-po\u0161te i web-stranice u kola\u010di\u0107e. To je za va\u0161u udobnost kako ne biste morali ponovno unositi svoje podatke kada ostavite sljede\u0107i komentar. Ovi kola\u010di\u0107i traju godinu dana.  <\/p><p>Ako posjetite na\u0161u stranicu za prijavu, postavit \u0107emo privremeni kola\u010di\u0107 kako bismo utvrdili prihva\u0107a li va\u0161 preglednik kola\u010di\u0107e. Ovaj kola\u010di\u0107 ne sadr\u017ei osobne podatke i odbacuje se kada zatvorite preglednik. <\/p><p>Kada se prijavite, postavit \u0107emo i nekoliko kola\u010di\u0107a za spremanje va\u0161ih podataka za prijavu i va\u0161ih odabira prikaza zaslona. Kola\u010di\u0107i za prijavu traju dva dana, a kola\u010di\u0107i za opcije zaslona traju godinu dana. Ako odaberete &#8220;Zapamti me&#8221;, va\u0161a \u0107e prijava trajati dva tjedna. Ako se odjavite s ra\u010duna, kola\u010di\u0107i za prijavu bit \u0107e uklonjeni.   <\/p><p>Ako uredite ili objavite \u010dlanak, u va\u0161em \u0107e se pregledniku spremiti dodatni kola\u010di\u0107. Ovaj kola\u010di\u0107 ne sadr\u017ei osobne podatke i jednostavno ozna\u010dava ID objave \u010dlanka koji ste upravo uredili. Istje\u010de nakon 1 dana.  <\/p><h2 class=\"wp-block-heading\">Ugra\u0111eni sadr\u017eaj s drugih web stranica<\/h2><p><strong class=\"privacy-policy-tutorial\">Predlo\u017eeni tekst:<\/strong> \u010clanci na ovoj stranici mogu sadr\u017eavati ugra\u0111eni sadr\u017eaj (npr. videozapise, slike, \u010dlanke itd.). Ugra\u0111eni sadr\u017eaj s drugih web stranica pona\u0161a se na potpuno isti na\u010din kao da je posjetitelj posjetio drugu web stranicu. <\/p><p>Ove web stranice mogu prikupljati podatke o vama, koristiti kola\u010di\u0107e, ugraditi dodatno pra\u0107enje tre\u0107ih strana i pratiti va\u0161u interakciju s tim ugra\u0111enim sadr\u017eajem, uklju\u010duju\u0107i pra\u0107enje va\u0161e interakcije s ugra\u0111enim sadr\u017eajem ako imate ra\u010dun i prijavljeni ste na tu web stranicu.<\/p><h2 class=\"wp-block-heading\">S kim dijelimo va\u0161e podatke<\/h2><p><strong class=\"privacy-policy-tutorial\">Predlo\u017eeni tekst:<\/strong> Ako ste zatra\u017eili resetiranje lozinke, va\u0161a IP adresa bit \u0107e uklju\u010dena u e-poruku za resetiranje.<\/p><h2 class=\"wp-block-heading\">Koliko dugo \u010duvamo va\u0161e podatke?<\/h2><p><strong class=\"privacy-policy-tutorial\">Predlo\u017eeni tekst:<\/strong> Ako ostavite komentar, komentar i njegovi metapodaci \u010duvaju se neograni\u010deno. To je kako bismo mogli automatski prepoznati i odobriti sve naknadne komentare umjesto da ih dr\u017eimo u redu za moderiranje. <\/p><p>Za korisnike koji se registriraju na na\u0161oj web stranici (ako ih ima), osobne podatke koje navedu pohranjujemo i u njihovom korisni\u010dkom profilu. Svi korisnici mogu vidjeti, urediti ili izbrisati svoje osobne podatke u bilo kojem trenutku (osim \u0161to ne mogu promijeniti svoje korisni\u010dko ime). Administratori web stranice tako\u0111er mogu vidjeti i urediti te podatke.  <\/p><h2 class=\"wp-block-heading\">Koja prava imate nad svojim podacima?<\/h2><p><strong class=\"privacy-policy-tutorial\">Predlo\u017eeni tekst:<\/strong> Ako imate ra\u010dun na ovoj stranici ili ste ostavili komentare, mo\u017eete zatra\u017eiti da primite izvezenu datoteku s osobnim podacima koje imamo o vama, uklju\u010duju\u0107i sve podatke koje ste nam dostavili. Tako\u0111er mo\u017eete zatra\u017eiti da izbri\u0161emo sve osobne podatke koje imamo o vama. To ne uklju\u010duje podatke koje smo du\u017eni \u010duvati u administrativne, pravne ili sigurnosne svrhe.  <\/p><h2 class=\"wp-block-heading\">Kamo \u0161aljemo va\u0161e podatke?<\/h2><p><strong class=\"privacy-policy-tutorial\">Predlo\u017eeni tekst:<\/strong> Komentari posjetitelja mogu se provjeriti putem automatizirane usluge otkrivanja ne\u017eeljene po\u0161te.<\/p>","protected":false},"excerpt":{"rendered":"Tko smo mi Predlo\u017eeni tekst: Adresa na\u0161e web stranice je: https:\/\/zakovice.si Komentari Predlo\u017eeni tekst: Kada posjetitelji ostavljaju komentare na stranici, prikupljamo podatke prikazane u obrascu za komentare, kao i IP adresu posjetitelja i niz korisni\u010dkog agenta preglednika kako bismo pomogli u otkrivanju ne\u017eeljene po\u0161te. Anonimizirani niz podataka generiran iz va\u0161e adrese e-po\u0161te (tako\u0111er nazvan hash)&#8230; <a class=\"view-article\" href=\"https:\/\/zakovice.si\/hr\/pravila-o-privatnosti\/\">Pogledajte \u010dlanak<\/a>","protected":false},"author":9,"featured_media":0,"parent":0,"menu_order":0,"comment_status":"closed","ping_status":"closed","template":"","meta":{"_acf_changed":false,"footnotes":""},"class_list":["post-5468","page","type-page","status-publish","hentry"],"acf":[],"_links":{"self":[{"href":"https:\/\/zakovice.si\/hr\/wp-json\/wp\/v2\/pages\/5468","targetHints":{"allow":["GET"]}}],"collection":[{"href":"https:\/\/zakovice.si\/hr\/wp-json\/wp\/v2\/pages"}],"about":[{"href":"https:\/\/zakovice.si\/hr\/wp-json\/wp\/v2\/types\/page"}],"author":[{"embeddable":true,"href":"https:\/\/zakovice.si\/hr\/wp-json\/wp\/v2\/users\/9"}],"replies":[{"embeddable":true,"href":"https:\/\/zakovice.si\/hr\/wp-json\/wp\/v2\/comments?post=5468"}],"version-history":[{"count":1,"href":"https:\/\/zakovice.si\/hr\/wp-json\/wp\/v2\/pages\/5468\/revisions"}],"predecessor-version":[{"id":5470,"href":"https:\/\/zakovice.si\/hr\/wp-json\/wp\/v2\/pages\/5468\/revisions\/5470"}],"wp:attachment":[{"href":"https:\/\/zakovice.si\/hr\/wp-json\/wp\/v2\/media?parent=5468"}],"curies":[{"name":"wp","href":"https:\/\/api.w.org\/{rel}","templated":true}]}}