{"id":5476,"date":"2024-08-02T13:19:28","date_gmt":"2024-08-02T11:19:28","guid":{"rendered":"https:\/\/zakovice.si\/zastita-podataka\/"},"modified":"2025-07-29T11:18:58","modified_gmt":"2025-07-29T09:18:58","slug":"zastita-podataka","status":"publish","type":"page","link":"https:\/\/zakovice.si\/hr\/zastita-podataka\/","title":{"rendered":"Za\u0161tita podataka"},"content":{"rendered":"\t\t<div data-elementor-type=\"wp-page\" data-elementor-id=\"5476\" class=\"elementor elementor-5476 elementor-4388\" data-elementor-post-type=\"page\">\n\t\t\t\t\t\t<section class=\"elementor-section elementor-top-section elementor-element elementor-element-bdf47e2 elementor-section-boxed elementor-section-height-default elementor-section-height-default\" data-id=\"bdf47e2\" data-element_type=\"section\">\n\t\t\t\t\t\t<div class=\"elementor-container elementor-column-gap-no\">\n\t\t\t\t\t<div class=\"elementor-column elementor-col-100 elementor-top-column elementor-element elementor-element-57ca2aa\" data-id=\"57ca2aa\" data-element_type=\"column\">\n\t\t\t<div class=\"elementor-widget-wrap elementor-element-populated\">\n\t\t\t\t\t\t<div class=\"elementor-element elementor-element-3484cf3 elementor-widget elementor-widget-text-editor\" data-id=\"3484cf3\" data-element_type=\"widget\" data-widget_type=\"text-editor.default\">\n\t\t\t\t<div class=\"elementor-widget-container\">\n\t\t\t\t\t\t\t\t\t<h3>PO\u0160TUJEMO VA\u0160U PRIVATNOST<\/h3>\nAko nam na stranici date bilo kakve osobne podatke, po\u0161tovat \u0107emo va\u0161u privatnost. Na\u0161a politika za\u0161tite podataka je sljede\u0107a: Uvijek korisnicima to\u010dno govorimo kako \u0107emo koristiti podatke koje unose u razli\u010dite obrasce na web stranici. Svi ovi podaci nikada nisu dostupni tre\u0107im stranama. Nikada ne iznajmljujemo, ne prodajemo niti dopu\u0161tamo tre\u0107im stranama kori\u0161tenje podataka na\u0161ih korisnika.\n<h3>PRIVOLJA ZA OBRADU OSOBNIH PODATAKA<\/h3>\nDostavljanjem ili ispunjavanjem tra\u017eenih osobnih i drugih podataka izjavljujem da sam upoznat\/a i suglasan\/na te izri\u010dito dopu\u0161tam i ovla\u0161\u0107ujem tvrtku <b>Pnevmotex doo<\/b> da prikuplja i obra\u0111uje moje osobne i druge podatke koje sam unio\/la u obrazac za prijavu (u daljnjem tekstu: podaci), u svrhu izravnog marketinga usluga i proizvoda tvrtke (npr. obavje\u0161tavanje o novim uslugama i proizvodima koje plasira na tr\u017ei\u0161te, upiti, priprema ponude ili odgovora te uspostavljanje kontakta ili komunikacije, pri \u010demu tvrtka mo\u017ee koristiti razli\u010dite komunikacijske kanale &#8211; telefon, redovnu po\u0161tu, e-po\u0161tu).\n\nDru\u0161tvo prikuplja i obra\u0111uje dobivene osobne podatke u skladu s odredbama GDPR-a i va\u017ee\u0107im zakonodavstvom koje ure\u0111uje za\u0161titu osobnih podataka. Svjestan\/svjesna sam da se u bilo kojem trenutku mogu odjaviti od primanja svih marketin\u0161kih e-poruka namijenjenih izravnom marketingu usluga (u daljnjem tekstu: marketin\u0161ke e-poruke) od tvrtke slanjem pisane izjave tvrtki na e-mail adresu <a href=\"mailto:info@pnevmotex.si\">info@pnevmotex.si<\/a> ili na adresu <b>Pnevmotex doo, \u0160pruha 19, 1236 Trzin<\/b> .\n\nSvjestan\/svjesna sam da \u0107e nakon moje odjave tvrtka prestati koristiti moje osobne podatke u svrhu izravnog marketinga. Razumijem da se odjavom s marketin\u0161kih e-poruka automatski odjavljujem i od primanja bilo kakvih obavijesti na koje sam se mo\u017eda pretplatio\/la. Svjestan\/svjesna sam da odjavom s marketin\u0161kih e-poruka tvrtka prestaje koristiti moje osobne podatke u svrhu izravnog marketinga te da u bilo kojem trenutku mogu pismeno zatra\u017eiti od tvrtke da trajno ili privremeno prestane koristiti moje osobne podatke u svrhu izravnog marketinga.\n\nIzjavljujem da sam upoznat\/a i suglasan\/na da moje osobne podatke upravlja, obra\u0111uje ili koristi tvrtka <b>Pnevmotex doo<\/b> u svojoj osobnoj bazi podataka za izravni marketing. Izjavljujem da sam svjestan\/svjesna \u010dinjenice da ove osobne podatke dajem dobrovoljno i bez posljedica u slu\u010daju odbijanja. Voditelj obrade jam\u010di sva prava pojedincima \u010dije podatke obra\u0111uje u skladu s GDPR-om (Op\u0107om uredbom o za\u0161titi podataka) i va\u017ee\u0107im zakonodavstvom u podru\u010dju za\u0161tite osobnih podataka.\n\nSvoj zahtjev u vezi s va\u0161im osobnim podacima koje obra\u0111ujemo mo\u017eete poslati na e-mail adresu <a href=\"mailto:info@pnevmotex.si\">info@pnevmotex.si<\/a> ili pismeno na adresu <b>Pnevmotex doo, \u0160pruha 19, 1236 Trzin<\/b> :\n<ul>\n \t<li>radi dobivanja potvrde ili u vezi s vama, obra\u0111ujemo osobne podatke<\/li>\n \t<li>pristupiti osobnim podacima koji se odnose na vas<\/li>\n \t<li>dobiti informacije: o svrsi obrade, o vrsti doti\u010dnih osobnih podataka, o korisnicima i kategorijama korisnika kojima se osobni podaci otkrivaju te o razdoblju \u010duvanja osobnih podataka<\/li>\n \t<li>ispraviti osobne podatke koji se odnose na vas<\/li>\n \t<li>izbrisati osobne podatke koji se odnose na vas<\/li>\n \t<li>ograni\u010diti na\u0161u obradu\/kori\u0161tenje osobnih podataka koji se odnose na vas<\/li>\n \t<li>prigovoriti na obradu\/kori\u0161tenje osobnih podataka koji se odnose na vas<\/li>\n \t<li>povla\u010denje privole za kori\u0161tenje\/obradu jednog ili vi\u0161e osobnih podataka koji se na vas odnose<\/li>\n<\/ul>\nVa\u0161 zahtjev \u0107emo ispuniti u najkra\u0107em mogu\u0107em roku, ali najkasnije u roku od 1 mjeseca. Imate pravo podnijeti pritu\u017ebu Povjereniku za informiranje u vezi s na\u0161om obradom va\u0161ih osobnih podataka.\t\t\t\t\t\t\t\t<\/div>\n\t\t\t\t<\/div>\n\t\t\t\t\t<\/div>\n\t\t<\/div>\n\t\t\t\t\t<\/div>\n\t\t<\/section>\n\t\t\t\t<\/div>\n\t\t","protected":false},"excerpt":{"rendered":"PO\u0160TUJEMO VA\u0160U PRIVATNOST Ako nam na stranici date bilo kakve osobne podatke, po\u0161tovat \u0107emo va\u0161u privatnost. Na\u0161a politika za\u0161tite podataka je sljede\u0107a: Uvijek korisnicima to\u010dno govorimo kako \u0107emo koristiti podatke koje unose u razli\u010dite obrasce na web stranici. Svi ovi podaci nikada nisu dostupni tre\u0107im stranama. Nikada ne iznajmljujemo, ne prodajemo niti dopu\u0161tamo tre\u0107im stranama&#8230; <a class=\"view-article\" href=\"https:\/\/zakovice.si\/hr\/zastita-podataka\/\">Pogledajte \u010dlanak<\/a>","protected":false},"author":9,"featured_media":0,"parent":0,"menu_order":0,"comment_status":"closed","ping_status":"closed","template":"","meta":{"_acf_changed":false,"footnotes":""},"class_list":["post-5476","page","type-page","status-publish","hentry"],"acf":[],"_links":{"self":[{"href":"https:\/\/zakovice.si\/hr\/wp-json\/wp\/v2\/pages\/5476","targetHints":{"allow":["GET"]}}],"collection":[{"href":"https:\/\/zakovice.si\/hr\/wp-json\/wp\/v2\/pages"}],"about":[{"href":"https:\/\/zakovice.si\/hr\/wp-json\/wp\/v2\/types\/page"}],"author":[{"embeddable":true,"href":"https:\/\/zakovice.si\/hr\/wp-json\/wp\/v2\/users\/9"}],"replies":[{"embeddable":true,"href":"https:\/\/zakovice.si\/hr\/wp-json\/wp\/v2\/comments?post=5476"}],"version-history":[{"count":1,"href":"https:\/\/zakovice.si\/hr\/wp-json\/wp\/v2\/pages\/5476\/revisions"}],"predecessor-version":[{"id":5477,"href":"https:\/\/zakovice.si\/hr\/wp-json\/wp\/v2\/pages\/5476\/revisions\/5477"}],"wp:attachment":[{"href":"https:\/\/zakovice.si\/hr\/wp-json\/wp\/v2\/media?parent=5476"}],"curies":[{"name":"wp","href":"https:\/\/api.w.org\/{rel}","templated":true}]}}