{"id":5497,"date":"2022-08-29T13:48:33","date_gmt":"2022-08-29T11:48:33","guid":{"rendered":"https:\/\/zakovice.si\/izdelek\/nitto-kohki-ls-10\/"},"modified":"2022-08-29T13:48:33","modified_gmt":"2022-08-29T11:48:33","slug":"nitto-kohki-ls-10","status":"publish","type":"product","link":"https:\/\/zakovice.si\/hr\/proizvod\/nitto-kohki-ls-10\/","title":{"rendered":"NITTO KOHKI LS 10"},"content":{"rendered":"<p><strong>Zna\u010dajke:<\/strong><\/p>\n<p><span id=\"result_box\" class=\"\" lang=\"sl\"><span class=\"hps\">Kompaktno i lagano, linearno bru\u0161enje. Kompaktan, lagan i ekonomi\u010dan s nevjerojatno niskom potro\u0161njom zraka. Ugra\u0111eni klip za neprekidni radni vijek. Jednostavna i izdr\u017eljiva konstrukcija. Idealno za bru\u0161enje linearnih linija &#8211; utora, prozora.<\/span><\/span><span id=\"result_box\" class=\"\" lang=\"sl\"><span class=\"hps\"><br \/>\n<\/span><\/span><\/p>\n<p><span id=\"result_box\" class=\"\" lang=\"sl\">Dodatna oprema: <span class=\"hps\">plo\u010da za bru\u0161enje utora.<\/span><span class=\"hps\"><br \/>\n<\/span><\/span><\/p>\n<table border=\"1\" cellspacing=\"0\" cellpadding=\"0\">\n<tbody>\n<tr>\n<td valign=\"top\" width=\"307\"><b>Broj okretaja &#8211; bez optere\u0107enja<br \/>\n<\/b><\/td>\n<td valign=\"top\" width=\"307\">4.000 okretaja u minuti<\/td>\n<\/tr>\n<tr>\n<td valign=\"top\" width=\"307\"><b>Te\u017eina<\/b><\/td>\n<td valign=\"top\" width=\"307\">0,75 kg<\/td>\n<\/tr>\n<tr>\n<td valign=\"top\" width=\"307\"><b>Radni tlak<\/b><\/td>\n<td valign=\"top\" width=\"307\">6 bara<\/td>\n<\/tr>\n<tr>\n<td valign=\"top\" width=\"307\"><b>Hod alata (jedan)<\/b><\/td>\n<td valign=\"top\" width=\"307\">4,0 mm<\/td>\n<\/tr>\n<tr>\n<td valign=\"top\" width=\"307\"><b>Dimenzija brusne povr\u0161ine<br \/>\n<\/b><\/td>\n<td valign=\"top\" width=\"307\">55 x 103 mm<\/td>\n<\/tr>\n<\/tbody>\n<\/table>\n","protected":false},"excerpt":{"rendered":"<span id=\"result_box\" class=\"\" lang=\"sl\"><a href=\"http:\/\/www.zakovice.si\/wp-content\/uploads\/2016\/02\/FREE_SANDER.pdf\">Specifikacije FREE_SANDER-a<\/a><\/span>","protected":false},"featured_media":2554,"template":"","meta":{"_acf_changed":false},"pwb-brand":[],"product_brand":[],"product_cat":[237],"product_tag":[239,238],"class_list":{"0":"post-5497","1":"product","2":"type-product","3":"status-publish","4":"has-post-thumbnail","6":"product_cat-nitto-kohki-mlinovi","7":"product_tag-nitto-kohki-ls-10-mlin-za-kavu","8":"product_tag-pneumatski-alati","10":"first","11":"instock","12":"shipping-taxable","13":"product-type-simple"},"acf":[],"brands":[],"_links":{"self":[{"href":"https:\/\/zakovice.si\/hr\/wp-json\/wp\/v2\/product\/5497","targetHints":{"allow":["GET"]}}],"collection":[{"href":"https:\/\/zakovice.si\/hr\/wp-json\/wp\/v2\/product"}],"about":[{"href":"https:\/\/zakovice.si\/hr\/wp-json\/wp\/v2\/types\/product"}],"wp:featuredmedia":[{"embeddable":true,"href":"https:\/\/zakovice.si\/hr\/wp-json\/wp\/v2\/media\/2554"}],"wp:attachment":[{"href":"https:\/\/zakovice.si\/hr\/wp-json\/wp\/v2\/media?parent=5497"}],"wp:term":[{"taxonomy":"pwb-brand","embeddable":true,"href":"https:\/\/zakovice.si\/hr\/wp-json\/wp\/v2\/pwb-brand?post=5497"},{"taxonomy":"product_brand","embeddable":true,"href":"https:\/\/zakovice.si\/hr\/wp-json\/wp\/v2\/product_brand?post=5497"},{"taxonomy":"product_cat","embeddable":true,"href":"https:\/\/zakovice.si\/hr\/wp-json\/wp\/v2\/product_cat?post=5497"},{"taxonomy":"product_tag","embeddable":true,"href":"https:\/\/zakovice.si\/hr\/wp-json\/wp\/v2\/product_tag?post=5497"}],"curies":[{"name":"wp","href":"https:\/\/api.w.org\/{rel}","templated":true}]}}