{"id":5500,"date":"2023-08-01T13:03:41","date_gmt":"2023-08-01T11:03:41","guid":{"rendered":"https:\/\/zakovice.si\/izdelek\/gesipa-pticica\/"},"modified":"2023-08-01T13:03:41","modified_gmt":"2023-08-01T11:03:41","slug":"gesipa-pticica","status":"publish","type":"product","link":"https:\/\/zakovice.si\/hr\/proizvod\/gesipa-pticica\/","title":{"rendered":"GESIPA Pti\u010dica"},"content":{"rendered":"<p><strong>GESIPA\u00ae Birdie<\/strong> akumulatorski zakiva\u010d<strong> <\/strong>&#8211; brzina zakivanja usporediva s pneumatskim alatima.<\/p>\n<p>Najmanji i najlak\u0161i akumulatorski alat za slijepe zakovice.<\/p>\n<p>Motor alata bez \u010detkica \u2013 prakti\u010dki bez habanja.<\/p>\n<p>Iznimno jednostavna i brza zamjena usnika i \u010deljusti, bez upotrebe alata.<\/p>\n<p>Iznimno brz radni ciklus, usporediv s brzinom pneumatskih alata.<\/p>\n<p>Pobolj\u0161ana ergonomija, gumirane povr\u0161ine alata za lak\u0161e rukovanje.<\/p>\n<p>Nova CAS 18 V \/ 2,0 Ah ugradna baterija. Zvu\u010dni i opti\u010dki indikator napunjenosti baterije. <\/p>\n<p>Baterija je kompatibilna sa sustavom Cordless Alliance.<\/p>\n<p>Sustav vu\u010dne \u010deljusti preuzet je iz provjerene serije pneumatskih alata GESIPA TAURUS\u00ae.<\/p>\n<p>Podesivo osvjetljenje mjesta zakivanja s dvije LED diode.<\/p>\n<p>Prozirni slivnik.<\/p>\n<p>&nbsp;<\/p>\n<table style=\"height: 228px;\" border=\"1\" width=\"634\" cellspacing=\"0\" cellpadding=\"0\">\n<tbody>\n<tr>\n<td valign=\"top\" width=\"307\"><b>Radno podru\u010dje<\/b><\/td>\n<td valign=\"top\" width=\"307\">Aluminij, \u017eeljezo i nehr\u0111aju\u0107i \u010delik od \u00d8 2,4 mm do \u00d8 5,0 mm, aluminij do 6,0 mm (maksimalna debljina trna zakovice <span style=\"font-family: inherit; font-size: inherit;\">3,5 mm)<\/span><\/td>\n<\/tr>\n<tr>\n<td valign=\"top\" width=\"307\"><b>Te\u017eina<\/b><\/td>\n<td valign=\"top\" width=\"307\">1,3 kg (s baterijom od 2,0 Ah)<\/td>\n<\/tr>\n<tr>\n<td valign=\"top\" width=\"307\"><b>Vu\u010dna sila<\/b><\/td>\n<td valign=\"top\" width=\"307\">10.000 N<\/td>\n<\/tr>\n<tr>\n<td valign=\"top\" width=\"307\"><b>Hod alata (jedan)<\/b><\/td>\n<td valign=\"top\" width=\"307\">25 mm<\/td>\n<\/tr>\n<tr>\n<td valign=\"top\" width=\"307\"><b>Baterija<\/b><\/td>\n<td valign=\"top\" width=\"307\">18,0 V punjiva Li-ionska baterija 2,0 Ah<\/td>\n<\/tr>\n<tr>\n<td valign=\"top\" width=\"307\"><b>Punja\u010d<\/b><\/td>\n<td valign=\"top\" width=\"307\">230 V \/ 50 Hz, vrijeme punjenja 45-90 min<\/td>\n<\/tr>\n<\/tbody>\n<\/table>\n<p>&nbsp;<\/p>\n<p>&nbsp;<\/p>\n","protected":false},"excerpt":{"rendered":"GESIPA\u00ae Birdie akumulatorski zakiva\u010d &#8211; brzina zakivanja usporediva s pneumatskim alatima. Najmanji i najlak\u0161i akumulatorski alat za slijepe zakovice. Motor alata bez \u010detkica \u2013 prakti\u010dki bez habanja. Iznimno jednostavna i brza zamjena usnika i \u010deljusti, bez upotrebe alata. Iznimno brz radni ciklus, usporediv s brzinom pneumatskih alata. Pobolj\u0161ana ergonomija, gumirane povr\u0161ine alata za lak\u0161e rukovanje&#8230;. <a class=\"view-article\" href=\"https:\/\/zakovice.si\/hr\/proizvod\/gesipa-pticica\/\">Pogledajte \u010dlanak<\/a>","protected":false},"featured_media":3883,"template":"","meta":{"_acf_changed":false},"pwb-brand":[],"product_brand":[],"product_cat":[242],"product_tag":[243,235],"class_list":{"0":"post-5500","1":"product","2":"type-product","3":"status-publish","4":"has-post-thumbnail","6":"product_cat-bezicni-alati-hr","7":"product_tag-alati-za-postavljanje-zakovica","8":"product_tag-bezicni-alati","10":"first","11":"instock","12":"shipping-taxable","13":"product-type-simple"},"acf":[],"brands":[],"_links":{"self":[{"href":"https:\/\/zakovice.si\/hr\/wp-json\/wp\/v2\/product\/5500","targetHints":{"allow":["GET"]}}],"collection":[{"href":"https:\/\/zakovice.si\/hr\/wp-json\/wp\/v2\/product"}],"about":[{"href":"https:\/\/zakovice.si\/hr\/wp-json\/wp\/v2\/types\/product"}],"wp:featuredmedia":[{"embeddable":true,"href":"https:\/\/zakovice.si\/hr\/wp-json\/wp\/v2\/media\/3883"}],"wp:attachment":[{"href":"https:\/\/zakovice.si\/hr\/wp-json\/wp\/v2\/media?parent=5500"}],"wp:term":[{"taxonomy":"pwb-brand","embeddable":true,"href":"https:\/\/zakovice.si\/hr\/wp-json\/wp\/v2\/pwb-brand?post=5500"},{"taxonomy":"product_brand","embeddable":true,"href":"https:\/\/zakovice.si\/hr\/wp-json\/wp\/v2\/product_brand?post=5500"},{"taxonomy":"product_cat","embeddable":true,"href":"https:\/\/zakovice.si\/hr\/wp-json\/wp\/v2\/product_cat?post=5500"},{"taxonomy":"product_tag","embeddable":true,"href":"https:\/\/zakovice.si\/hr\/wp-json\/wp\/v2\/product_tag?post=5500"}],"curies":[{"name":"wp","href":"https:\/\/api.w.org\/{rel}","templated":true}]}}