{"id":5504,"date":"2022-08-29T13:48:33","date_gmt":"2022-08-29T11:48:33","guid":{"rendered":"https:\/\/zakovice.si\/izdelek\/gesipa-g-bulb-inox-a2-obicna-glava\/"},"modified":"2022-08-29T13:48:33","modified_gmt":"2022-08-29T11:48:33","slug":"gesipa-g-bulb-inox-a2-obicna-glava","status":"publish","type":"product","link":"https:\/\/zakovice.si\/hr\/proizvod\/gesipa-g-bulb-inox-a2-obicna-glava\/","title":{"rendered":"GESIPA G-BULB\u00ae Inox A2 &#8211; obi\u010dna glava"},"content":{"rendered":"<table border=\"1\" cellspacing=\"0\" cellpadding=\"0\">\n<tbody>\n<tr>\n<td valign=\"top\" width=\"302\"><b>Materijal tijela zakovice:<\/b><b><\/b><\/td>\n<td valign=\"top\" width=\"302\">Nehr\u0111aju\u0107i \u010delik A2 (1.4301) AISI 304<\/td>\n<\/tr>\n<tr>\n<td valign=\"top\" width=\"302\"><b>Materijal trna za zakovice:<\/b><b><\/b><\/td>\n<td valign=\"top\" width=\"302\">Nehr\u0111aju\u0107i \u010delik A2 (1.4301) AISI 304<\/td>\n<\/tr>\n<tr>\n<td valign=\"top\" width=\"302\"><b>Dostupni promjeri zakovica &#8220;d1&#8221; u mm:<\/b><b><\/b><\/td>\n<td valign=\"top\" width=\"302\">3,2, 4,0, 4,8, 6,4<\/td>\n<\/tr>\n<tr>\n<td valign=\"top\" width=\"302\"><b>Dostupne duljine zakovica &#8220;L&#8221; u mm:<\/b><b><\/b><\/td>\n<td valign=\"top\" width=\"302\">od 8,0 do 25,0, ovisno o promjeru zakovice<\/td>\n<\/tr>\n<tr>\n<td valign=\"top\" width=\"302\"><b>Dostupni promjeri glave zakovice &#8220;d2&#8221; u mm:<\/b><b><\/b><\/td>\n<td valign=\"top\" width=\"302\">od 7,2 do 13,0, ovisno o promjeru zakovice<\/td>\n<\/tr>\n<tr>\n<td valign=\"top\" width=\"302\"><b>Za ukupne debljine materijala &#8220;E&#8221; u mm:<\/b><b><\/b><\/td>\n<td valign=\"top\" width=\"302\">od 1,5 do 15,5, ovisno o promjeru zakovice<\/td>\n<\/tr>\n<\/tbody>\n<\/table>\n<p>&nbsp;<\/p>\n<p>Za zakovice u boji, molimo po\u0161aljite upit. Tako\u0111er, zakovice bojimo po narud\u017ebi u svim bojama prema RAL ljestvici ili prema uzorku boja! <\/p>\n<p>&nbsp;<\/p>\n<p>https:\/\/www.youtube.com\/watch?v=yYh_cVn2W6Y<\/p>\n","protected":false},"excerpt":{"rendered":"Materijal tijela zakovice: Nehr\u0111aju\u0107i \u010delik A2 (1.4301) AISI 304 Materijal trna za zakovice: Nehr\u0111aju\u0107i \u010delik A2 (1.4301) AISI 304 Dostupni promjeri zakovica &#8220;d1&#8221; u mm: 3,2, 4,0, 4,8, 6,4 Dostupne duljine zakovica &#8220;L&#8221; u mm: od 8,0 do 25,0, ovisno o promjeru zakovice Dostupni promjeri glave zakovice &#8220;d2&#8221; u mm: od 7,2 do 13,0, ovisno&#8230; <a class=\"view-article\" href=\"https:\/\/zakovice.si\/hr\/proizvod\/gesipa-g-bulb-inox-a2-obicna-glava\/\">Pogledajte \u010dlanak<\/a>","protected":false},"featured_media":2556,"template":"","meta":{"_acf_changed":false},"pwb-brand":[],"product_brand":[],"product_cat":[253],"product_tag":[251,246,254,247,248,249,250],"class_list":{"0":"post-5504","1":"product","2":"type-product","3":"status-publish","4":"has-post-thumbnail","6":"product_cat-konstrukcijski-nehrdajuci-celik-a2","7":"product_tag-gesipa-g-zaruljica","8":"product_tag-konstrukcijski","9":"product_tag-nehrdajuci-celik","10":"product_tag-strukturni","11":"product_tag-strukturni-fe-fe","12":"product_tag-zakovice-otporne-na-vibracije","13":"product_tag-zakovice-za-teske-uvjete-rada","15":"first","16":"instock","17":"shipping-taxable","18":"product-type-simple"},"acf":[],"brands":[],"_links":{"self":[{"href":"https:\/\/zakovice.si\/hr\/wp-json\/wp\/v2\/product\/5504","targetHints":{"allow":["GET"]}}],"collection":[{"href":"https:\/\/zakovice.si\/hr\/wp-json\/wp\/v2\/product"}],"about":[{"href":"https:\/\/zakovice.si\/hr\/wp-json\/wp\/v2\/types\/product"}],"wp:featuredmedia":[{"embeddable":true,"href":"https:\/\/zakovice.si\/hr\/wp-json\/wp\/v2\/media\/2556"}],"wp:attachment":[{"href":"https:\/\/zakovice.si\/hr\/wp-json\/wp\/v2\/media?parent=5504"}],"wp:term":[{"taxonomy":"pwb-brand","embeddable":true,"href":"https:\/\/zakovice.si\/hr\/wp-json\/wp\/v2\/pwb-brand?post=5504"},{"taxonomy":"product_brand","embeddable":true,"href":"https:\/\/zakovice.si\/hr\/wp-json\/wp\/v2\/product_brand?post=5504"},{"taxonomy":"product_cat","embeddable":true,"href":"https:\/\/zakovice.si\/hr\/wp-json\/wp\/v2\/product_cat?post=5504"},{"taxonomy":"product_tag","embeddable":true,"href":"https:\/\/zakovice.si\/hr\/wp-json\/wp\/v2\/product_tag?post=5504"}],"curies":[{"name":"wp","href":"https:\/\/api.w.org\/{rel}","templated":true}]}}