{"id":5505,"date":"2022-08-29T13:48:33","date_gmt":"2022-08-29T11:48:33","guid":{"rendered":"https:\/\/zakovice.si\/izdelek\/gbm-40-r\/"},"modified":"2022-08-29T13:48:33","modified_gmt":"2022-08-29T11:48:33","slug":"gbm-40-r","status":"publish","type":"product","link":"https:\/\/zakovice.si\/hr\/proizvod\/gbm-40-r\/","title":{"rendered":"GBM 40-R"},"content":{"rendered":"<p><strong>Zna\u010dajke:<\/strong><\/p>\n<ul>\n<li>kompaktan dizajn, jednostavan pristup mjestu zakivanja<\/li>\n<li>jednostavan prijenos snage s ra\u010dvastim klju\u010dem<\/li>\n<li>brza zamjena navojnog trna bez upotrebe alata<\/li>\n<li>Prodajni set uklju\u010duje mlaznice i trnove: M5, M6, M8 i M10; M3, M4 i M12 dostupni su na zahtjev<\/li>\n<li>mogu\u0107a upotreba za vijke za zakivanje od M4 do M8 &#8211; set dostupan na zahtjev<\/li>\n<\/ul>\n<p>&nbsp;<\/p>\n<table border=\"1\" cellspacing=\"0\" cellpadding=\"0\">\n<tbody>\n<tr>\n<td valign=\"top\" width=\"307\"><b>Radno podru\u010dje<\/b><\/td>\n<td valign=\"top\" width=\"307\">Od M3 do M10 svi materijali, do M12 aluminij i \u010delik<\/td>\n<\/tr>\n<tr>\n<td valign=\"top\" width=\"307\"><b>Te\u017eina<\/b><\/td>\n<td valign=\"top\" width=\"307\">1,25 kg<\/td>\n<\/tr>\n<tr>\n<td valign=\"top\" width=\"307\"><b>Duljina<\/b><\/td>\n<td valign=\"top\" width=\"307\">212 mm<\/td>\n<\/tr>\n<tr>\n<td valign=\"top\" width=\"307\"><b>Hod alata (jedan)<\/b><\/td>\n<td valign=\"top\" width=\"307\">6,0 mm<\/td>\n<\/tr>\n<\/tbody>\n<\/table>\n","protected":false},"excerpt":{"rendered":"Zna\u010dajke: kompaktan dizajn, jednostavan pristup mjestu zakivanja jednostavan prijenos snage s ra\u010dvastim klju\u010dem brza zamjena navojnog trna bez upotrebe alata Prodajni set uklju\u010duje mlaznice i trnove: M5, M6, M8 i M10; M3, M4 i M12 dostupni su na zahtjev mogu\u0107a upotreba za vijke za zakivanje od M4 do M8 &#8211; set dostupan na zahtjev &nbsp;&#8230; <a class=\"view-article\" href=\"https:\/\/zakovice.si\/hr\/proizvod\/gbm-40-r\/\">Pogledajte \u010dlanak<\/a>","protected":false},"featured_media":2568,"template":"","meta":{"_acf_changed":false},"pwb-brand":[],"product_brand":[],"product_cat":[255],"product_tag":[236,256],"class_list":{"0":"post-5505","1":"product","2":"type-product","3":"status-publish","4":"has-post-thumbnail","6":"product_cat-rucni-alati","7":"product_tag-alati-za-slijepo-zakivanje","8":"product_tag-rucni-alati","10":"first","11":"instock","12":"shipping-taxable","13":"product-type-simple"},"acf":[],"brands":[],"_links":{"self":[{"href":"https:\/\/zakovice.si\/hr\/wp-json\/wp\/v2\/product\/5505","targetHints":{"allow":["GET"]}}],"collection":[{"href":"https:\/\/zakovice.si\/hr\/wp-json\/wp\/v2\/product"}],"about":[{"href":"https:\/\/zakovice.si\/hr\/wp-json\/wp\/v2\/types\/product"}],"wp:featuredmedia":[{"embeddable":true,"href":"https:\/\/zakovice.si\/hr\/wp-json\/wp\/v2\/media\/2568"}],"wp:attachment":[{"href":"https:\/\/zakovice.si\/hr\/wp-json\/wp\/v2\/media?parent=5505"}],"wp:term":[{"taxonomy":"pwb-brand","embeddable":true,"href":"https:\/\/zakovice.si\/hr\/wp-json\/wp\/v2\/pwb-brand?post=5505"},{"taxonomy":"product_brand","embeddable":true,"href":"https:\/\/zakovice.si\/hr\/wp-json\/wp\/v2\/product_brand?post=5505"},{"taxonomy":"product_cat","embeddable":true,"href":"https:\/\/zakovice.si\/hr\/wp-json\/wp\/v2\/product_cat?post=5505"},{"taxonomy":"product_tag","embeddable":true,"href":"https:\/\/zakovice.si\/hr\/wp-json\/wp\/v2\/product_tag?post=5505"}],"curies":[{"name":"wp","href":"https:\/\/api.w.org\/{rel}","templated":true}]}}