{"id":5506,"date":"2022-08-29T13:48:33","date_gmt":"2022-08-29T11:48:33","guid":{"rendered":"https:\/\/zakovice.si\/izdelek\/stroj-za-zavarivanje-vijaka-nomark-65\/"},"modified":"2022-08-29T13:48:33","modified_gmt":"2022-08-29T11:48:33","slug":"stroj-za-zavarivanje-vijaka-nomark-65","status":"publish","type":"product","link":"https:\/\/zakovice.si\/hr\/proizvod\/stroj-za-zavarivanje-vijaka-nomark-65\/","title":{"rendered":"Stroj za zavarivanje vijaka NOMARK 65"},"content":{"rendered":"<p>Nova linija strojeva za zavarivanje vijaka zadovoljava visoke zahtjeve korisnika zbog svoje prakti\u010dnosti, male te\u017eine,<\/p>\n<p>visoka u\u010dinkovitost, kompaktan dizajn i potpuna sigurnost. Sve funkcije ure\u0111aja vidljive su na LED zaslonu na prednjoj plo\u010di.<\/p>\n<p>Kratki intervali punjenja kondenzatora pove\u0107avaju produktivnost.<\/p>\n<p>Lagan i prenosiv, NOMARK 65 te\u017ei otprilike upola manje od ostalih klasi\u010dnih strojeva za zavarivanje vijaka.<\/p>\n<p>NOMARK 65 je na\u0161 najlak\u0161i i najpovoljniji ure\u0111aj.<\/p>\n<table style=\"height: 682px\" width=\"595\">\n<tbody>\n<tr>\n<td width=\"115\">Radno podru\u010dje<\/td>\n<td width=\"14\">:<\/td>\n<td width=\"222\">M3 &#8211; M8 (\u017eeljezo i nehr\u0111aju\u0107e \u017eeljezo)<\/p>\n<p> M3 &#8211; M6 (aluminij i mesing)<\/td>\n<\/tr>\n<tr>\n<td width=\"115\">Podrijetlo zavarivanja<\/td>\n<td width=\"14\">:<\/td>\n<td width=\"222\">Kondenzator<\/td>\n<\/tr>\n<tr>\n<td width=\"115\">Metoda zavarivanja<\/td>\n<td width=\"14\">:<\/td>\n<td width=\"222\">Kontakt ili pozicioniranje<\/td>\n<\/tr>\n<tr>\n<td width=\"115\">Kapacitet<\/td>\n<td width=\"14\">:<\/td>\n<td width=\"222\">66.000 mF<\/td>\n<\/tr>\n<tr>\n<td width=\"115\">Napon punjenja<\/td>\n<td width=\"14\">:<\/td>\n<td width=\"222\">50 &#8211; 200 V (AC)<\/td>\n<\/tr>\n<tr>\n<td width=\"115\">Digitalni voltmetar<\/td>\n<td width=\"14\">:<\/td>\n<td width=\"222\">Da<\/td>\n<\/tr>\n<tr>\n<td width=\"115\">Vrijeme zavarivanja<\/td>\n<td width=\"14\">:<\/td>\n<td width=\"222\">0,001 &#8211; 0,003 s<\/td>\n<\/tr>\n<tr>\n<td width=\"115\">Broj zavara <\/td>\n<td width=\"14\">:<\/td>\n<td width=\"222\">Do 25 vijaka u minuti<\/td>\n<\/tr>\n<tr>\n<td width=\"115\">Izlazna snaga<\/td>\n<td width=\"14\">:<\/td>\n<td width=\"222\">1.320 W<\/td>\n<\/tr>\n<tr>\n<td width=\"115\">Napon napajanja<\/td>\n<td width=\"14\">:<\/td>\n<td width=\"222\">230 V &#8211; 50 \/ 60 Hz &#8211; 10 A<\/td>\n<\/tr>\n<tr>\n<td width=\"115\">Dimenzije (\u0161 x v x d)<\/td>\n<td width=\"14\">:<\/td>\n<td width=\"222\">165 x 250 x 380 mm<\/td>\n<\/tr>\n<tr>\n<td width=\"115\">Za\u0161tita<\/td>\n<td width=\"14\">:<\/td>\n<td width=\"222\">IP23<\/td>\n<\/tr>\n<tr>\n<td width=\"115\">Klasa izolacije<\/td>\n<td width=\"14\">:<\/td>\n<td width=\"222\">1<\/td>\n<\/tr>\n<tr>\n<td width=\"115\">Te\u017eina<\/td>\n<td width=\"14\">:<\/td>\n<td width=\"222\">12,5 kg<\/td>\n<\/tr>\n<\/tbody>\n<\/table>\n<p>&nbsp;<\/p>\n","protected":false},"excerpt":{"rendered":"Nova linija strojeva za zavarivanje vijaka zadovoljava visoke zahtjeve korisnika zbog svoje prakti\u010dnosti, male te\u017eine, visoka u\u010dinkovitost, kompaktan dizajn i potpuna sigurnost. Sve funkcije ure\u0111aja vidljive su na LED zaslonu na prednjoj plo\u010di. Kratki intervali punjenja kondenzatora pove\u0107avaju produktivnost. Lagan i prenosiv, NOMARK 65 te\u017ei otprilike upola manje od ostalih klasi\u010dnih strojeva za zavarivanje vijaka&#8230;. <a class=\"view-article\" href=\"https:\/\/zakovice.si\/hr\/proizvod\/stroj-za-zavarivanje-vijaka-nomark-65\/\">Pogledajte \u010dlanak<\/a>","protected":false},"featured_media":2566,"template":"","meta":{"_acf_changed":false},"pwb-brand":[],"product_brand":[],"product_cat":[257],"product_tag":[],"class_list":{"0":"post-5506","1":"product","2":"type-product","3":"status-publish","4":"has-post-thumbnail","6":"product_cat-strojevi-za-zavarivanje-vijaka","8":"first","9":"instock","10":"shipping-taxable","11":"product-type-simple"},"acf":[],"brands":[],"_links":{"self":[{"href":"https:\/\/zakovice.si\/hr\/wp-json\/wp\/v2\/product\/5506","targetHints":{"allow":["GET"]}}],"collection":[{"href":"https:\/\/zakovice.si\/hr\/wp-json\/wp\/v2\/product"}],"about":[{"href":"https:\/\/zakovice.si\/hr\/wp-json\/wp\/v2\/types\/product"}],"wp:featuredmedia":[{"embeddable":true,"href":"https:\/\/zakovice.si\/hr\/wp-json\/wp\/v2\/media\/2566"}],"wp:attachment":[{"href":"https:\/\/zakovice.si\/hr\/wp-json\/wp\/v2\/media?parent=5506"}],"wp:term":[{"taxonomy":"pwb-brand","embeddable":true,"href":"https:\/\/zakovice.si\/hr\/wp-json\/wp\/v2\/pwb-brand?post=5506"},{"taxonomy":"product_brand","embeddable":true,"href":"https:\/\/zakovice.si\/hr\/wp-json\/wp\/v2\/product_brand?post=5506"},{"taxonomy":"product_cat","embeddable":true,"href":"https:\/\/zakovice.si\/hr\/wp-json\/wp\/v2\/product_cat?post=5506"},{"taxonomy":"product_tag","embeddable":true,"href":"https:\/\/zakovice.si\/hr\/wp-json\/wp\/v2\/product_tag?post=5506"}],"curies":[{"name":"wp","href":"https:\/\/api.w.org\/{rel}","templated":true}]}}