{"id":5509,"date":"2022-08-29T13:48:33","date_gmt":"2022-08-29T11:48:33","guid":{"rendered":"https:\/\/zakovice.si\/izdelek\/gesipa-powerbird-pro-gold-edition-cas\/"},"modified":"2022-08-29T13:48:33","modified_gmt":"2022-08-29T11:48:33","slug":"gesipa-powerbird-pro-gold-edition-cas","status":"publish","type":"product","link":"https:\/\/zakovice.si\/hr\/proizvod\/gesipa-powerbird-pro-gold-edition-cas\/","title":{"rendered":"GESIPA PowerBird PRO GOLD EDITION CAS"},"content":{"rendered":"<p><strong>GESIPA\u00ae Power<\/strong> <strong>Bird Pro<\/strong> <strong>GOLD EDITION<\/strong> <strong>CAS<\/strong> baterijski zakiva\u010d &#8211; brzina zakivanja usporediva s pneumatskim alatima.<\/p>\n<p>Motor alata bez \u010detkica \u2013 prakti\u010dki bez habanja.<\/p>\n<p>Iznimno brz radni ciklus, usporediv s brzinom pneumatskih alata.<\/p>\n<p>Pobolj\u0161ana ergonomija, gumirane povr\u0161ine alata za lak\u0161e rukovanje.<\/p>\n<p>Nova klizna baterija CAS 18V \/ 2,0 Ah. Zvu\u010dni i opti\u010dki indikator napunjenosti baterije. <\/p>\n<p>Sustav vu\u010dne \u010deljusti preuzet je iz provjerene serije pneumatskih alata GESIPA TAURUS\u00ae.<\/p>\n<p>Podesivo osvjetljenje mjesta zakivanja s tri LED diode.<\/p>\n<p>Mlaznice za zakovice nalaze se u ku\u0107i\u0161tu alata zajedno s monta\u017enim klju\u010dem za brzu zamjenu odgovaraju\u0107e mlaznice.<\/p>\n<table border=\"1\" cellspacing=\"0\" cellpadding=\"0\">\n<tbody>\n<tr>\n<td valign=\"top\" width=\"307\"><b>Radno podru\u010dje<\/b><\/td>\n<td valign=\"top\" width=\"307\">Aluminij, \u017eeljezo i nehr\u0111aju\u0107i \u010delik od \u00d8 4,8 mm do \u00d8 8,0.<\/td>\n<\/tr>\n<tr>\n<td valign=\"top\" width=\"307\"><b>Te\u017eina<\/b><\/td>\n<td valign=\"top\" width=\"307\">2,1 kg<\/td>\n<\/tr>\n<tr>\n<td valign=\"top\" width=\"307\"><b>Vu\u010dna sila<\/b><\/td>\n<td valign=\"top\" width=\"307\">20.000 N<\/td>\n<\/tr>\n<tr>\n<td valign=\"top\" width=\"307\"><b>Hod alata (jedan)<\/b><\/td>\n<td valign=\"top\" width=\"307\">25 mm<\/td>\n<\/tr>\n<tr>\n<td valign=\"top\" width=\"307\"><b>Baterija<\/b><\/td>\n<td valign=\"top\" width=\"307\">18,0 V punjiva Li-ionska baterija 2,1 Ah<\/td>\n<\/tr>\n<tr>\n<td valign=\"top\" width=\"307\"><b>Punja\u010d<\/b><\/td>\n<td valign=\"top\" width=\"307\">230 V \/ 50 Hz, vrijeme punjenja 45-90 min<\/td>\n<\/tr>\n<\/tbody>\n<\/table>\n<p>https:\/\/www.youtube.com\/watch?v=86j72nirrFI<\/p>\n","protected":false},"excerpt":{"rendered":"<a href=\"https:\/\/www.zakovice.si\/wp-content\/uploads\/2020\/11\/Power-Bird-Pro-Gold-Edition-E.pdf\">Power Bird Pro zlatno izdanje (E)<\/a>\n\n&nbsp;","protected":false},"featured_media":2580,"template":"","meta":{"_acf_changed":false},"pwb-brand":[],"product_brand":[],"product_cat":[242],"product_tag":[243,235],"class_list":{"0":"post-5509","1":"product","2":"type-product","3":"status-publish","4":"has-post-thumbnail","6":"product_cat-bezicni-alati-hr","7":"product_tag-alati-za-postavljanje-zakovica","8":"product_tag-bezicni-alati","10":"first","11":"instock","12":"shipping-taxable","13":"product-type-simple"},"acf":[],"brands":[],"_links":{"self":[{"href":"https:\/\/zakovice.si\/hr\/wp-json\/wp\/v2\/product\/5509","targetHints":{"allow":["GET"]}}],"collection":[{"href":"https:\/\/zakovice.si\/hr\/wp-json\/wp\/v2\/product"}],"about":[{"href":"https:\/\/zakovice.si\/hr\/wp-json\/wp\/v2\/types\/product"}],"wp:featuredmedia":[{"embeddable":true,"href":"https:\/\/zakovice.si\/hr\/wp-json\/wp\/v2\/media\/2580"}],"wp:attachment":[{"href":"https:\/\/zakovice.si\/hr\/wp-json\/wp\/v2\/media?parent=5509"}],"wp:term":[{"taxonomy":"pwb-brand","embeddable":true,"href":"https:\/\/zakovice.si\/hr\/wp-json\/wp\/v2\/pwb-brand?post=5509"},{"taxonomy":"product_brand","embeddable":true,"href":"https:\/\/zakovice.si\/hr\/wp-json\/wp\/v2\/product_brand?post=5509"},{"taxonomy":"product_cat","embeddable":true,"href":"https:\/\/zakovice.si\/hr\/wp-json\/wp\/v2\/product_cat?post=5509"},{"taxonomy":"product_tag","embeddable":true,"href":"https:\/\/zakovice.si\/hr\/wp-json\/wp\/v2\/product_tag?post=5509"}],"curies":[{"name":"wp","href":"https:\/\/api.w.org\/{rel}","templated":true}]}}