{"id":5518,"date":"2022-08-29T13:48:32","date_gmt":"2022-08-29T11:48:32","guid":{"rendered":"https:\/\/zakovice.si\/izdelek\/cfi-mesingana-cahura-za-zavarivanje\/"},"modified":"2022-08-29T13:48:32","modified_gmt":"2022-08-29T11:48:32","slug":"cfi-mesingana-cahura-za-zavarivanje","status":"publish","type":"product","link":"https:\/\/zakovice.si\/hr\/proizvod\/cfi-mesingana-cahura-za-zavarivanje\/","title":{"rendered":"CFI mesingana \u010dahura za zavarivanje"},"content":{"rendered":"<table style=\"height: 501px;\" border=\"0\" width=\"761\">\n<tbody>\n<tr>\n<td colspan=\"12\" width=\"100%\">\n<table style=\"height: 164px;\" border=\"0\" width=\"731\" cellpadding=\"2\">\n<tbody>\n<tr>\n<td colspan=\"4\" align=\"left\" valign=\"top\">\n<table border=\"0\" cellpadding=\"2\">\n<tbody>\n<tr>\n<td colspan=\"4\" valign=\"top\">\n<ul>\n<li><span style=\"color: #0e1d3a; font-family: Tahoma; font-size: small;\">Mesingane zavariva\u010dke \u010dahure namijenjene su za zavarivanje tankih limova (od 1,0 mm nadalje)<br \/>\n<\/span><\/li>\n<li><span style=\"color: #0e1d3a; font-family: Tahoma; font-size: small;\">Dostupni su u dimenzijama od M3 do M5.<br \/>\n<\/span><\/li>\n<li><span style=\"color: #0e1d3a; font-family: Tahoma; font-size: small;\">Veli\u010dina i oblik glave vijka za zavarivanje u skladu su s normom EN ISO 13918.  <\/span><span style=\"color: #0e1d3a; font-family: Tahoma; font-size: small;\"> <\/span><\/li>\n<\/ul>\n<\/td>\n<\/tr>\n<\/tbody>\n<\/table>\n<\/td>\n<\/tr>\n<tr>\n<td valign=\"top\"><\/td>\n<td colspan=\"4\" valign=\"top\"><\/td>\n<\/tr>\n<\/tbody>\n<\/table>\n<\/td>\n<\/tr>\n<tr>\n<td colspan=\"2\"><\/td>\n<td><\/td>\n<td><\/td>\n<td><\/td>\n<td><\/td>\n<td><\/td>\n<td><\/td>\n<td align=\"center\"><\/td>\n<td align=\"center\"><\/td>\n<td align=\"center\"><\/td>\n<td align=\"center\"><\/td>\n<\/tr>\n<tr>\n<td rowspan=\"7\" align=\"center\"><a href=\"http:\/\/www.zakovice.si\/wp-content\/uploads\/2016\/02\/cfi2_small.jpg\"><img fetchpriority=\"high\" decoding=\"async\" class=\"alignnone wp-image-983 alignleft\" src=\"http:\/\/www.zakovice.si\/wp-content\/uploads\/2016\/02\/cfi2_small.jpg\" alt=\"cfi2_small\" width=\"254\" height=\"246\"><\/a><\/td>\n<td rowspan=\"7\" align=\"center\"><\/td>\n<td align=\"center\"><span style=\"font-family: Arial Black; font-size: large;\"><sub>d2<\/sub><\/span><\/td>\n<td colspan=\"4\" align=\"right\">\n<p align=\"center\"><span style=\"font-family: Arial Black; font-size: large;\">l<\/span><\/p>\n<\/td>\n<td align=\"right\"><\/td>\n<td align=\"center\"><b><span style=\"color: #0e1d3a; font-family: verdana,arial; font-size: medium;\"><sub>1.<\/sub> dan<\/span><\/b><\/td>\n<td align=\"center\"><b><span style=\"color: #0e1d3a; font-family: verdana,arial; font-size: medium;\">b<\/span><\/b><\/td>\n<td align=\"center\"><b><span style=\"color: #0e1d3a; font-family: verdana,arial; font-size: medium;\">h<\/span><\/b><\/td>\n<td align=\"center\"><b><span style=\"color: #0e1d3a; font-family: verdana,arial; font-size: medium;\"><sub>d3<\/sub><\/span><\/b><\/td>\n<\/tr>\n<tr>\n<td align=\"center\"><span style=\"font-family: Arial Black; font-size: medium;\">M 3<\/span><\/td>\n<td align=\"right\"><span style=\"font-family: Arial Black; font-size: medium;\">  6<\/span><\/td>\n<td align=\"center\"><span style=\"font-family: Arial Black; font-size: medium;\">&#8211;<\/span><\/td>\n<td align=\"left\"><span style=\"color: #0e1d3a; font-family: Arial Black; font-size: medium;\">30<\/span><\/td>\n<td align=\"left\"><span style=\"color: #0e1d3a; font-family: Arial Black; font-size: medium;\">mm<\/span><\/td>\n<td align=\"right\"><\/td>\n<td align=\"center\"><span style=\"color: #0e1d3a; font-family: verdana,arial;\"><small><b>5 mm<\/b><\/small><\/span><\/td>\n<td align=\"center\"><span style=\"color: #0e1d3a; font-family: verdana,arial;\"><small>5 mm<\/small><\/span><\/td>\n<td align=\"center\"><span style=\"color: #0e1d3a; font-family: verdana,arial;\"><small>0,8 &#8211; 1,4 mm<\/small><\/span><\/td>\n<td align=\"center\"><span style=\"color: #0e1d3a; font-family: verdana,arial;\"><small>6,5 mm<\/small><\/span><\/td>\n<\/tr>\n<tr>\n<td align=\"center\"><span style=\"font-family: Arial Black; font-size: medium;\">M 4<\/span><\/td>\n<td align=\"right\"><span style=\"font-family: Arial Black; font-size: medium;\">6<\/span><\/td>\n<td align=\"center\"><span style=\"font-family: Arial Black; font-size: medium;\">&#8211;<\/span><\/td>\n<td align=\"left\"><span style=\"color: #0e1d3a; font-family: Arial Black; font-size: medium;\">35<\/span><\/td>\n<td align=\"left\"><span style=\"color: #0e1d3a; font-family: Arial Black; font-size: medium;\">mm<\/span><\/td>\n<td align=\"right\"><\/td>\n<td align=\"center\"><span style=\"color: #0e1d3a; font-family: verdana,arial;\"><small><b>6 mm<\/b><\/small><\/span><\/td>\n<td align=\"center\"><span style=\"color: #0e1d3a; font-family: verdana,arial;\"><small>6 mm<\/small><\/span><\/td>\n<td align=\"center\"><span style=\"color: #0e1d3a; font-family: verdana,arial;\"><small>0,8 &#8211; 1,4 mm<\/small><\/span><\/td>\n<td align=\"center\"><span style=\"color: #0e1d3a; font-family: verdana,arial;\"><small>7,5 mm<\/small><\/span><\/td>\n<\/tr>\n<tr>\n<td align=\"center\"><span style=\"font-family: Arial Black; font-size: medium;\">M 5<\/span><\/td>\n<td align=\"right\"><span style=\"font-family: Arial Black; font-size: medium;\">10<\/span><\/td>\n<td align=\"center\"><span style=\"font-family: Arial Black; font-size: medium;\">&#8211;<\/span><\/td>\n<td align=\"left\"><span style=\"color: #0e1d3a; font-family: Arial Black; font-size: medium;\">40<\/span><\/td>\n<td align=\"left\"><span style=\"color: #0e1d3a; font-family: Arial Black; font-size: medium;\">mm<\/span><\/td>\n<td align=\"right\"><\/td>\n<td align=\"center\"><span style=\"color: #0e1d3a; font-family: verdana,arial;\"><small><b>7,1 mm<\/b><\/small><\/span><\/td>\n<td align=\"center\"><span style=\"color: #0e1d3a; font-family: verdana,arial;\"><small>7,5 mm<\/small><\/span><\/td>\n<td align=\"center\"><span style=\"color: #0e1d3a; font-family: verdana,arial;\"><small>0,8 &#8211; 1,4 mm<\/small><\/span><\/td>\n<td align=\"center\"><span style=\"color: #0e1d3a; font-family: verdana,arial;\"><small>8,5 mm<\/small><\/span><\/td>\n<\/tr>\n<tr>\n<td align=\"center\"><span style=\"font-family: Arial Black; font-size: medium;\"> <\/span><\/td>\n<td align=\"right\"><span style=\"font-family: Arial Black; font-size: medium;\"> <\/span><\/td>\n<td align=\"center\"><span style=\"font-family: Arial Black; font-size: medium;\"> <\/span><\/td>\n<td align=\"left\"><\/td>\n<td align=\"left\"><\/td>\n<td align=\"right\"><\/td>\n<td align=\"center\"><span style=\"color: #0e1d3a; font-family: verdana,arial;\"><small><b> <\/b><\/small><\/span><\/td>\n<td align=\"center\"><span style=\"color: #0e1d3a; font-family: verdana,arial;\"><small> <\/small><\/span><\/td>\n<td align=\"center\"><span style=\"color: #0e1d3a; font-family: verdana,arial;\"><small> <\/small><\/span><\/td>\n<td align=\"center\"><span style=\"color: #0e1d3a; font-family: verdana,arial;\"><small> <\/small><\/span><\/td>\n<\/tr>\n<tr>\n<td align=\"center\"><span style=\"font-family: Arial Black; font-size: medium;\"> <\/span><\/td>\n<td align=\"right\"><\/td>\n<td align=\"center\"><\/td>\n<td align=\"left\"><\/td>\n<td align=\"left\"><\/td>\n<td align=\"right\"><\/td>\n<td align=\"center\"><span style=\"color: #0e1d3a; font-family: verdana,arial;\"><b><small> <\/small><\/b><\/span><\/td>\n<td align=\"center\"><span style=\"color: #0e1d3a; font-family: verdana,arial;\"><small> <\/small><\/span><\/td>\n<td align=\"center\"><span style=\"color: #0e1d3a; font-family: verdana,arial;\"><small> <\/small><\/span><\/td>\n<td align=\"center\"><span style=\"color: #0e1d3a; font-family: verdana,arial;\"><small> <\/small><\/span><\/td>\n<\/tr>\n<tr>\n<td colspan=\"10\" align=\"center\">\n<p align=\"left\"><i><span style=\"color: #004080;\"><small><span style=\"font-family: verdana,arial;\"> <\/span><\/small><\/span><\/i><\/p>\n<\/td>\n<\/tr>\n<\/tbody>\n<\/table>\n","protected":false},"excerpt":{"rendered":"Mesingane zavariva\u010dke \u010dahure namijenjene su za zavarivanje tankih limova (od 1,0 mm nadalje) Dostupni su u dimenzijama od M3 do M5. Veli\u010dina i oblik glave vijka za zavarivanje u skladu su s normom EN ISO 13918. d2 l 1. dan b h d3 M 3 6 &#8211; 30 mm 5 mm 5 mm 0,8 &#8211;&#8230; <a class=\"view-article\" href=\"https:\/\/zakovice.si\/hr\/proizvod\/cfi-mesingana-cahura-za-zavarivanje\/\">Pogledajte \u010dlanak<\/a>","protected":false},"featured_media":2551,"template":"","meta":{"_acf_changed":false},"pwb-brand":[],"product_brand":[],"product_cat":[262],"product_tag":[263,277,264],"class_list":{"0":"post-5518","1":"product","2":"type-product","3":"status-publish","4":"has-post-thumbnail","6":"product_cat-cfi-zavarivacke-cahure-s-unutarnjim-navojem","7":"product_tag-elementi-za-zavarivanje","8":"product_tag-mesingana-cahura-za-zavarivanje","9":"product_tag-zavarivacka-cahura-cfi","11":"first","12":"instock","13":"shipping-taxable","14":"product-type-simple"},"acf":[],"brands":[],"_links":{"self":[{"href":"https:\/\/zakovice.si\/hr\/wp-json\/wp\/v2\/product\/5518","targetHints":{"allow":["GET"]}}],"collection":[{"href":"https:\/\/zakovice.si\/hr\/wp-json\/wp\/v2\/product"}],"about":[{"href":"https:\/\/zakovice.si\/hr\/wp-json\/wp\/v2\/types\/product"}],"wp:featuredmedia":[{"embeddable":true,"href":"https:\/\/zakovice.si\/hr\/wp-json\/wp\/v2\/media\/2551"}],"wp:attachment":[{"href":"https:\/\/zakovice.si\/hr\/wp-json\/wp\/v2\/media?parent=5518"}],"wp:term":[{"taxonomy":"pwb-brand","embeddable":true,"href":"https:\/\/zakovice.si\/hr\/wp-json\/wp\/v2\/pwb-brand?post=5518"},{"taxonomy":"product_brand","embeddable":true,"href":"https:\/\/zakovice.si\/hr\/wp-json\/wp\/v2\/product_brand?post=5518"},{"taxonomy":"product_cat","embeddable":true,"href":"https:\/\/zakovice.si\/hr\/wp-json\/wp\/v2\/product_cat?post=5518"},{"taxonomy":"product_tag","embeddable":true,"href":"https:\/\/zakovice.si\/hr\/wp-json\/wp\/v2\/product_tag?post=5518"}],"curies":[{"name":"wp","href":"https:\/\/api.w.org\/{rel}","templated":true}]}}