{"id":5526,"date":"2022-08-29T13:48:10","date_gmt":"2022-08-29T11:48:10","guid":{"rendered":"https:\/\/zakovice.si\/izdelek\/taurus-1-brzinska-zakovica\/"},"modified":"2022-08-29T13:48:10","modified_gmt":"2022-08-29T11:48:10","slug":"taurus-1-brzinska-zakovica","status":"publish","type":"product","link":"https:\/\/zakovice.si\/hr\/proizvod\/taurus-1-brzinska-zakovica\/","title":{"rendered":"TAURUS 1 Brzinska Zakovica"},"content":{"rendered":"<p><strong>Zna\u010dajke:<\/strong><\/p>\n<ul>\n<li>Iznimno brz, siguran i pouzdan alat za postavljanje brzih zakovica<\/li>\n<li>razvijeno iz serije pneumatskih alata GESIPA TAURUS\u00ae<\/li>\n<li>gumirana dr\u0161ka alata i pove\u0107ana stabilnost alata prilikom skladi\u0161tenja<\/li>\n<\/ul>\n<p>&nbsp;<\/p>\n<p>&nbsp;<\/p>\n<table border=\"1\" cellspacing=\"0\" cellpadding=\"0\">\n<tbody>\n<tr>\n<td valign=\"top\" width=\"307\"><b>Radno podru\u010dje<\/b><\/td>\n<td valign=\"top\" width=\"307\">Brze zakovice do \u00d8 4,8 mm Aluminij i \u017eeljezo, nehr\u0111aju\u0107i \u010delik do \u00d8 4,0 mm<\/td>\n<\/tr>\n<tr>\n<td valign=\"top\" width=\"307\"><b>Te\u017eina<\/b><\/td>\n<td valign=\"top\" width=\"307\">1,8 kg<\/td>\n<\/tr>\n<tr>\n<td valign=\"top\" width=\"307\"><b>Radni tlak<\/b><\/td>\n<td valign=\"top\" width=\"307\">6 bara<\/td>\n<\/tr>\n<tr>\n<td valign=\"top\" width=\"307\"><b>Hod alata (jedan)<\/b><\/td>\n<td valign=\"top\" width=\"307\">26 mm<\/td>\n<\/tr>\n<tr>\n<td valign=\"top\" width=\"307\"><b>Vu\u010dna sila<\/b><\/td>\n<td valign=\"top\" width=\"307\">2.700 N pri 5 bara<\/td>\n<\/tr>\n<\/tbody>\n<\/table>\n","protected":false},"excerpt":{"rendered":"<a href=\"https:\/\/www.zakovice.si\/wp-content\/uploads\/2020\/02\/Speed_Rivet_Technology-GESIPA-pdf.pdf\">Tehnologija brzih zakovica GESIPA pdf<\/a>\n\n&nbsp;\n\n&nbsp;\n\n&nbsp;\n\n&nbsp;","protected":false},"featured_media":2518,"template":"","meta":{"_acf_changed":false},"pwb-brand":[],"product_brand":[],"product_cat":[258],"product_tag":[260,243,259,238],"class_list":{"0":"post-5526","1":"product","2":"type-product","3":"status-publish","4":"has-post-thumbnail","6":"product_cat-alati-za-brzo-zakivanje","7":"product_tag-alat-za-zakivanje-brzih-zakovica","8":"product_tag-alati-za-postavljanje-zakovica","9":"product_tag-brzinske-zakovice","10":"product_tag-pneumatski-alati","12":"first","13":"instock","14":"shipping-taxable","15":"product-type-simple"},"acf":[],"brands":[],"_links":{"self":[{"href":"https:\/\/zakovice.si\/hr\/wp-json\/wp\/v2\/product\/5526","targetHints":{"allow":["GET"]}}],"collection":[{"href":"https:\/\/zakovice.si\/hr\/wp-json\/wp\/v2\/product"}],"about":[{"href":"https:\/\/zakovice.si\/hr\/wp-json\/wp\/v2\/types\/product"}],"wp:featuredmedia":[{"embeddable":true,"href":"https:\/\/zakovice.si\/hr\/wp-json\/wp\/v2\/media\/2518"}],"wp:attachment":[{"href":"https:\/\/zakovice.si\/hr\/wp-json\/wp\/v2\/media?parent=5526"}],"wp:term":[{"taxonomy":"pwb-brand","embeddable":true,"href":"https:\/\/zakovice.si\/hr\/wp-json\/wp\/v2\/pwb-brand?post=5526"},{"taxonomy":"product_brand","embeddable":true,"href":"https:\/\/zakovice.si\/hr\/wp-json\/wp\/v2\/product_brand?post=5526"},{"taxonomy":"product_cat","embeddable":true,"href":"https:\/\/zakovice.si\/hr\/wp-json\/wp\/v2\/product_cat?post=5526"},{"taxonomy":"product_tag","embeddable":true,"href":"https:\/\/zakovice.si\/hr\/wp-json\/wp\/v2\/product_tag?post=5526"}],"curies":[{"name":"wp","href":"https:\/\/api.w.org\/{rel}","templated":true}]}}