{"id":5529,"date":"2022-08-29T13:48:10","date_gmt":"2022-08-29T11:48:10","guid":{"rendered":"https:\/\/zakovice.si\/izdelek\/cft-vijak-za-zavarivanje-od-nehrdajuceg-celika\/"},"modified":"2022-08-29T13:48:10","modified_gmt":"2022-08-29T11:48:10","slug":"cft-vijak-za-zavarivanje-od-nehrdajuceg-celika","status":"publish","type":"product","link":"https:\/\/zakovice.si\/hr\/proizvod\/cft-vijak-za-zavarivanje-od-nehrdajuceg-celika\/","title":{"rendered":"CFT vijak za zavarivanje od nehr\u0111aju\u0107eg \u010delika"},"content":{"rendered":"<table style=\"height: 465px;\" border=\"0\" width=\"747\">\n<tbody>\n<tr>\n<td colspan=\"11\" width=\"100%\">\n<table style=\"height: 149px;\" border=\"0\" width=\"691\" cellpadding=\"2\">\n<tbody>\n<tr>\n<td colspan=\"4\" valign=\"top\">\n<ul>\n<li><span style=\"color: #0e1d3a; font-family: Tahoma; font-size: small;\">Vijci za zavarivanje namijenjeni su za zavarivanje tankih limova (od 1,0 mm nadalje)<br \/>\n<\/span><\/li>\n<li><span style=\"color: #0e1d3a; font-family: Tahoma; font-size: small;\">Dostupni su u dimenzijama od M2,5 do M10.<br \/>\n<\/span><\/li>\n<li><span style=\"color: #0e1d3a; font-family: Tahoma; font-size: small;\">Druge kvalitete materijala, npr. nehr\u0111aju\u0107i \u010delik AISI 316 (A4), AISI 310 dostupne su na zahtjev.<br \/>\n<\/span><\/li>\n<li><span style=\"color: #0e1d3a; font-family: Tahoma; font-size: small;\">Veli\u010dina i oblik glave vijka za zavarivanje u skladu su s normom EN ISO 13918.<\/span><span style=\"color: #0e1d3a; font-family: Tahoma; font-size: small;\">  <\/span><\/li>\n<\/ul>\n<\/td>\n<\/tr>\n<\/tbody>\n<\/table>\n<\/td>\n<\/tr>\n<tr>\n<td colspan=\"2\"><\/td>\n<td><\/td>\n<td><\/td>\n<td><\/td>\n<td><\/td>\n<td><\/td>\n<td><\/td>\n<td align=\"center\"><\/td>\n<td align=\"center\"><\/td>\n<td align=\"center\"><\/td>\n<\/tr>\n<tr>\n<td rowspan=\"8\" align=\"center\"><\/td>\n<td rowspan=\"8\" align=\"center\"><img fetchpriority=\"high\" decoding=\"async\" class=\"\" src=\"http:\/\/www.thomas-welding.com\/goujon\/image\/cft2.jpg\" alt=\"goujon filet\u00e9 CD pour soudage par d\u00e9charge de condensateurs\" width=\"274\" height=\"272\" border=\"0\"><\/td>\n<td align=\"center\"><span style=\"font-family: Arial Black; font-size: medium;\"><sub>1.<\/sub> dan<\/span><\/td>\n<td colspan=\"4\" align=\"right\">\n<p align=\"center\"><span style=\"font-family: Arial Black; font-size: medium;\">l  <\/span><\/p>\n<\/td>\n<td align=\"right\"><\/td>\n<td align=\"center\"><b><span style=\"color: #0e1d3a; font-family: verdana,arial; font-size: medium;\"><sub>d3<\/sub><\/span><\/b><\/td>\n<td align=\"center\"><b><span style=\"color: #0e1d3a; font-family: verdana,arial; font-size: medium;\">h<\/span><\/b><\/td>\n<td align=\"center\"><b><span style=\"color: #0e1d3a; font-family: verdana,arial; font-size: medium;\">n <sub>maks.<\/sub><\/span><\/b><\/td>\n<\/tr>\n<tr>\n<td align=\"center\"><span style=\"font-family: Arial; font-size: medium;\"><b>M2.5<\/b><\/span><\/td>\n<td align=\"right\"><span style=\"font-family: Arial; font-size: medium;\"><b>  8<\/b><\/span><\/td>\n<td align=\"center\"><span style=\"font-family: Arial; font-size: medium;\"><b>&#8211;<\/b><\/span><\/td>\n<td align=\"left\"><b><span style=\"font-family: Arial; font-size: medium;\">25<\/span><\/b><\/td>\n<td align=\"left\"><b><span style=\"font-family: Arial; font-size: medium;\">mm<\/span><\/b><\/td>\n<td align=\"right\"><\/td>\n<td align=\"center\"><span style=\"color: #0e1d3a; font-family: verdana,arial;\"><small>3,6 mm<\/small><\/span><\/td>\n<td align=\"center\"><span style=\"color: #0e1d3a; font-family: verdana,arial;\"><small>0,7 &#8211; 1,4 mm<\/small><\/span><\/td>\n<td align=\"center\"><span style=\"color: #0e1d3a; font-family: verdana,arial;\"><small>  1,5 mm<\/small><\/span><\/td>\n<\/tr>\n<tr>\n<td align=\"center\"><span style=\"font-family: Arial; font-size: medium;\"><b>M3<\/b><\/span><\/td>\n<td align=\"right\"><span style=\"font-family: Arial; font-size: medium;\"><b>  6<\/b><\/span><\/td>\n<td align=\"center\"><span style=\"font-family: Arial; font-size: medium;\"><b>&#8211;<\/b><\/span><\/td>\n<td align=\"left\"><b><span style=\"font-family: Arial; font-size: medium;\">50<\/span><\/b><\/td>\n<td align=\"left\"><b><span style=\"font-family: Arial; font-size: medium;\">mm<\/span><\/b><\/td>\n<td align=\"right\"><\/td>\n<td align=\"center\"><span style=\"color: #0e1d3a; font-family: verdana,arial;\"><small>4,5 mm<\/small><\/span><\/td>\n<td align=\"center\"><span style=\"color: #0e1d3a; font-family: verdana,arial;\"><small>0,7 &#8211; 1,4 mm<\/small><\/span><\/td>\n<td align=\"center\"><span style=\"color: #0e1d3a; font-family: verdana,arial;\"><small>  1,5 mm<\/small><\/span><\/td>\n<\/tr>\n<tr>\n<td align=\"center\"><span style=\"font-family: Arial; font-size: medium;\"><b>M4<\/b><\/span><\/td>\n<td align=\"right\"><span style=\"font-family: Arial; font-size: medium;\"><b>6<\/b><\/span><\/td>\n<td align=\"center\"><span style=\"font-family: Arial; font-size: medium;\"><b>&#8211;<\/b><\/span><\/td>\n<td align=\"left\"><b><span style=\"font-family: Arial; font-size: medium;\">50<\/span><\/b><\/td>\n<td align=\"left\"><b><span style=\"font-family: Arial; font-size: medium;\">mm<\/span><\/b><\/td>\n<td align=\"right\"><\/td>\n<td align=\"center\"><span style=\"color: #0e1d3a; font-family: verdana,arial;\"><small>5,5 mm<\/small><\/span><\/td>\n<td align=\"center\"><span style=\"color: #0e1d3a; font-family: verdana,arial;\"><small>0,7 &#8211; 1,4 mm<\/small><\/span><\/td>\n<td align=\"center\"><span style=\"color: #0e1d3a; font-family: verdana,arial;\"><small>  1,5 mm<\/small><\/span><\/td>\n<\/tr>\n<tr>\n<td align=\"center\"><span style=\"font-family: Arial; font-size: medium;\"><b>M5<\/b><\/span><\/td>\n<td align=\"right\"><span style=\"font-family: Arial; font-size: medium;\"><b>6<\/b><\/span><\/td>\n<td align=\"center\"><span style=\"font-family: Arial; font-size: medium;\"><b>&#8211;<\/b><\/span><\/td>\n<td align=\"left\"><b><span style=\"font-family: Arial; font-size: medium;\">70<\/span><\/b><\/td>\n<td align=\"left\"><b><span style=\"font-family: Arial; font-size: medium;\">mm<\/span><\/b><\/td>\n<td align=\"right\"><\/td>\n<td align=\"center\"><span style=\"color: #0e1d3a; font-family: verdana,arial;\"><small>6,5 mm<\/small><\/span><\/td>\n<td align=\"center\"><span style=\"color: #0e1d3a; font-family: verdana,arial;\"><small>0,8 &#8211; 1,4 mm<\/small><\/span><\/td>\n<td align=\"center\"><span style=\"color: #0e1d3a; font-family: verdana,arial;\"><small>  2 mm<\/small><\/span><\/td>\n<\/tr>\n<tr>\n<td align=\"center\"><span style=\"font-family: Arial; font-size: medium;\"><b>M6<\/b><\/span><\/td>\n<td align=\"right\"><span style=\"font-family: Arial; font-size: medium;\"><b>6<\/b><\/span><\/td>\n<td align=\"center\"><span style=\"font-family: Arial; font-size: medium;\"><b>&#8211;<\/b><\/span><\/td>\n<td align=\"left\"><b><span style=\"font-family: Arial; font-size: medium;\">80<\/span><\/b><\/td>\n<td align=\"left\"><b><span style=\"font-family: Arial; font-size: medium;\">mm<\/span><\/b><\/td>\n<td align=\"right\"><\/td>\n<td align=\"center\"><span style=\"color: #0e1d3a; font-family: verdana,arial;\"><small>7,5 mm<\/small><\/span><\/td>\n<td align=\"center\"><span style=\"color: #0e1d3a; font-family: verdana,arial;\"><small>0,8 &#8211; 1,4 mm<\/small><\/span><\/td>\n<td align=\"center\"><span style=\"color: #0e1d3a; font-family: verdana,arial;\"><small>  2 mm<\/small><\/span><\/td>\n<\/tr>\n<tr>\n<td align=\"center\"><span style=\"font-family: Arial; font-size: medium;\"><b>M8<\/b><\/span><\/td>\n<td align=\"right\"><span style=\"font-family: Arial; font-size: medium;\"><b>10<\/b><\/span><\/td>\n<td align=\"center\"><span style=\"font-family: Arial; font-size: medium;\"><b>&#8211;<\/b><\/span><\/td>\n<td align=\"left\"><b><span style=\"font-family: Arial; font-size: medium;\">80<\/span><\/b><\/td>\n<td align=\"left\"><b><span style=\"font-family: Arial; font-size: medium;\">mm<\/span><\/b><\/td>\n<td align=\"right\"><\/td>\n<td align=\"center\"><span style=\"color: #0e1d3a; font-family: verdana,arial;\"><small>9,0 mm<\/small><\/span><\/td>\n<td align=\"center\"><span style=\"color: #0e1d3a; font-family: verdana,arial;\"><small>0,8 &#8211; 1,4 mm<\/small><\/span><\/td>\n<td align=\"center\"><span style=\"color: #0e1d3a; font-family: verdana,arial;\"><small>  2 mm<\/small><\/span><\/td>\n<\/tr>\n<tr>\n<td align=\"center\"><span style=\"font-family: Arial; font-size: medium;\"><b>M10<\/b><\/span><\/td>\n<td align=\"right\"><span style=\"font-family: Arial; font-size: medium;\"><b>12<\/b><\/span><\/td>\n<td align=\"center\"><span style=\"font-family: Arial; font-size: medium;\"><b>&#8211;<\/b><\/span><\/td>\n<td align=\"left\"><b><span style=\"font-family: Arial; font-size: medium;\">80<\/span><\/b><\/td>\n<td align=\"left\"><b><span style=\"font-family: Arial; font-size: medium;\">mm<\/span><\/b><\/td>\n<td align=\"right\"><\/td>\n<td align=\"center\"><span style=\"color: #0e1d3a; font-family: verdana,arial;\"><small><small>10,5 mm<\/small><\/small><\/span><\/td>\n<td align=\"center\"><span style=\"color: #0e1d3a; font-family: verdana,arial;\"><small>1,0 &#8211; 1,6 mm<\/small><\/span><\/td>\n<td align=\"center\"><span style=\"color: #0e1d3a; font-family: verdana,arial;\"><small>3 mm<\/small><\/span><\/td>\n<\/tr>\n<\/tbody>\n<\/table>\n","protected":false},"excerpt":{"rendered":"Vijci za zavarivanje namijenjeni su za zavarivanje tankih limova (od 1,0 mm nadalje) Dostupni su u dimenzijama od M2,5 do M10. Druge kvalitete materijala, npr. nehr\u0111aju\u0107i \u010delik AISI 316 (A4), AISI 310 dostupne su na zahtjev. Veli\u010dina i oblik glave vijka za zavarivanje u skladu su s normom EN ISO 13918. 1. dan l d3&#8230; <a class=\"view-article\" href=\"https:\/\/zakovice.si\/hr\/proizvod\/cft-vijak-za-zavarivanje-od-nehrdajuceg-celika\/\">Pogledajte \u010dlanak<\/a>","protected":false},"featured_media":2542,"template":"","meta":{"_acf_changed":false},"pwb-brand":[],"product_brand":[],"product_cat":[288],"product_tag":[289,263,294],"class_list":{"0":"post-5529","1":"product","2":"type-product","3":"status-publish","4":"has-post-thumbnail","6":"product_cat-cft-vijci-za-zavarivanje","7":"product_tag-cft-vijak-za-zavarivanje","8":"product_tag-elementi-za-zavarivanje","9":"product_tag-vijak-za-zavarivanje-od-nehrdajuceg-celika","11":"first","12":"instock","13":"shipping-taxable","14":"product-type-simple"},"acf":[],"brands":[],"_links":{"self":[{"href":"https:\/\/zakovice.si\/hr\/wp-json\/wp\/v2\/product\/5529","targetHints":{"allow":["GET"]}}],"collection":[{"href":"https:\/\/zakovice.si\/hr\/wp-json\/wp\/v2\/product"}],"about":[{"href":"https:\/\/zakovice.si\/hr\/wp-json\/wp\/v2\/types\/product"}],"wp:featuredmedia":[{"embeddable":true,"href":"https:\/\/zakovice.si\/hr\/wp-json\/wp\/v2\/media\/2542"}],"wp:attachment":[{"href":"https:\/\/zakovice.si\/hr\/wp-json\/wp\/v2\/media?parent=5529"}],"wp:term":[{"taxonomy":"pwb-brand","embeddable":true,"href":"https:\/\/zakovice.si\/hr\/wp-json\/wp\/v2\/pwb-brand?post=5529"},{"taxonomy":"product_brand","embeddable":true,"href":"https:\/\/zakovice.si\/hr\/wp-json\/wp\/v2\/product_brand?post=5529"},{"taxonomy":"product_cat","embeddable":true,"href":"https:\/\/zakovice.si\/hr\/wp-json\/wp\/v2\/product_cat?post=5529"},{"taxonomy":"product_tag","embeddable":true,"href":"https:\/\/zakovice.si\/hr\/wp-json\/wp\/v2\/product_tag?post=5529"}],"curies":[{"name":"wp","href":"https:\/\/api.w.org\/{rel}","templated":true}]}}