{"id":5532,"date":"2022-08-29T13:48:10","date_gmt":"2022-08-29T11:48:10","guid":{"rendered":"https:\/\/zakovice.si\/izdelek\/vijak-za-zavarivanje-od-nehrdajuceg-celika-cfu\/"},"modified":"2022-08-29T13:48:10","modified_gmt":"2022-08-29T11:48:10","slug":"vijak-za-zavarivanje-od-nehrdajuceg-celika-cfu","status":"publish","type":"product","link":"https:\/\/zakovice.si\/hr\/proizvod\/vijak-za-zavarivanje-od-nehrdajuceg-celika-cfu\/","title":{"rendered":"Vijak za zavarivanje od nehr\u0111aju\u0107eg \u010delika CFU"},"content":{"rendered":"<table style=\"height: 435px;\" border=\"0\" width=\"725\">\n<tbody>\n<tr>\n<td colspan=\"11\" width=\"100%\">\n<table border=\"0\" cellpadding=\"2\">\n<tbody>\n<tr>\n<td colspan=\"4\" valign=\"top\">\n<ul>\n<li><span style=\"color: #0e1d3a; font-family: Tahoma; font-size: small;\">Vijci za zavarivanje od nehr\u0111aju\u0107eg \u010delika namijenjeni su za zavarivanje tankih limova (od 1,0 mm nadalje)<\/span><\/li>\n<li><span style=\"color: #0e1d3a; font-family: Tahoma; font-size: small;\">Dostupne su u dimenzijama od \u00d8 3 mm do \u00d8 8 mm.<br \/>\n<\/span><\/li>\n<li><span style=\"color: #0e1d3a; font-family: Tahoma; font-size: small;\">Veli\u010dina i oblik glave vijka za zavarivanje u skladu su s normom EN ISO 13918.  <\/span><\/li>\n<\/ul>\n<\/td>\n<\/tr>\n<\/tbody>\n<\/table>\n<\/td>\n<\/tr>\n<tr>\n<td colspan=\"2\"><\/td>\n<td><\/td>\n<td><\/td>\n<td><\/td>\n<td><\/td>\n<td><\/td>\n<td><\/td>\n<td align=\"center\"><\/td>\n<td align=\"center\"><\/td>\n<td align=\"center\"><\/td>\n<\/tr>\n<tr>\n<td rowspan=\"8\" align=\"center\"><a href=\"http:\/\/www.zakovice.si\/wp-content\/uploads\/2016\/02\/cfu2.jpg\"><img fetchpriority=\"high\" decoding=\"async\" class=\"alignnone wp-image-966\" src=\"http:\/\/www.zakovice.si\/wp-content\/uploads\/2016\/02\/cfu2.jpg\" alt=\"cfu2\" width=\"273\" height=\"275\"><\/a><\/td>\n<td rowspan=\"8\" align=\"center\"><\/td>\n<td align=\"center\"><strong>d1<\/strong><\/td>\n<td style=\"text-align: center;\" colspan=\"4\" align=\"right\"><strong>l<\/strong><\/td>\n<td align=\"right\"><\/td>\n<td align=\"center\"><b><span style=\"color: #0e1d3a; font-family: verdana,arial; font-size: medium;\"><sub>d3<\/sub><\/span><\/b><\/td>\n<td align=\"center\"><b><span style=\"color: #0e1d3a; font-family: verdana,arial; font-size: medium;\">h<\/span><\/b><\/td>\n<td align=\"center\"><\/td>\n<\/tr>\n<tr>\n<td align=\"center\"><strong><span style=\"font-family: Arial; font-size: medium;\"><span style=\"font-family: Arial Black; font-size: small;\">\u00d8 3<\/span><\/span><\/strong><\/td>\n<td align=\"right\"><span style=\"font-family: Arial; font-size: medium;\"><b>  6<\/b><\/span><\/td>\n<td align=\"center\"><span style=\"font-family: Arial; font-size: medium;\"><b>&#8211;<\/b><\/span><\/td>\n<td align=\"left\"><b><span style=\"font-family: Arial; font-size: medium;\">35<\/span><\/b><\/td>\n<td align=\"left\"><b><span style=\"font-family: Arial; font-size: medium;\">mm<\/span><\/b><\/td>\n<td align=\"right\"><\/td>\n<td align=\"center\"><span style=\"color: #0e1d3a; font-family: verdana,arial;\"><small>4,5 mm<\/small><\/span><\/td>\n<td align=\"center\"><span style=\"color: #0e1d3a; font-family: verdana,arial;\"><small>0,7 &#8211; 1,4 mm<\/small><\/span><\/td>\n<td align=\"center\"><\/td>\n<\/tr>\n<tr>\n<td align=\"center\"><strong><span style=\"font-family: Arial; font-size: medium;\"><span style=\"font-family: Arial Black; font-size: small;\">\u00d8 4<\/span><\/span><\/strong><\/td>\n<td align=\"right\"><span style=\"font-family: Arial; font-size: medium;\"><b>  6<\/b><\/span><\/td>\n<td align=\"center\"><span style=\"font-family: Arial; font-size: medium;\"><b>&#8211;<\/b><\/span><\/td>\n<td align=\"left\"><b><span style=\"font-family: Arial; font-size: medium;\">40<\/span><\/b><\/td>\n<td align=\"left\"><b><span style=\"font-family: Arial; font-size: medium;\">mm<\/span><\/b><\/td>\n<td align=\"right\"><\/td>\n<td align=\"center\"><span style=\"color: #0e1d3a; font-family: verdana,arial;\"><small>4,5 mm<\/small><\/span><\/td>\n<td align=\"center\"><span style=\"color: #0e1d3a; font-family: verdana,arial;\"><small>0,7 &#8211; 1,4 mm<\/small><\/span><\/td>\n<td align=\"center\"><\/td>\n<\/tr>\n<tr>\n<td align=\"center\"><strong><span style=\"font-family: Arial; font-size: medium;\"><span style=\"font-family: Arial Black; font-size: small;\">\u00d8 5<\/span><\/span><\/strong><\/td>\n<td align=\"right\"><span style=\"font-family: Arial; font-size: medium;\"><b>6<\/b><\/span><\/td>\n<td align=\"center\"><span style=\"font-family: Arial; font-size: medium;\"><b>&#8211;<\/b><\/span><\/td>\n<td align=\"left\"><b><span style=\"font-family: Arial; font-size: medium;\">70<\/span><\/b><\/td>\n<td align=\"left\"><b><span style=\"font-family: Arial; font-size: medium;\">mm<\/span><\/b><\/td>\n<td align=\"right\"><\/td>\n<td align=\"center\"><span style=\"color: #0e1d3a; font-family: verdana,arial;\"><small>5,5 mm<\/small><\/span><\/td>\n<td align=\"center\"><span style=\"color: #0e1d3a; font-family: verdana,arial;\"><small>0,7 &#8211; 1,4 mm<\/small><\/span><\/td>\n<td align=\"center\"><\/td>\n<\/tr>\n<tr>\n<td align=\"center\"><strong><span style=\"font-family: Arial; font-size: medium;\"><span style=\"font-family: Arial Black; font-size: small;\">\u00d8 6<\/span><\/span><\/strong><\/td>\n<td align=\"right\"><span style=\"font-family: Arial; font-size: medium;\"><b>8<\/b><\/span><\/td>\n<td align=\"center\"><span style=\"font-family: Arial; font-size: medium;\"><b>&#8211;<\/b><\/span><\/td>\n<td align=\"left\"><b><span style=\"font-family: Arial; font-size: medium;\">80<\/span><\/b><\/td>\n<td align=\"left\"><b><span style=\"font-family: Arial; font-size: medium;\">mm<\/span><\/b><\/td>\n<td align=\"right\"><\/td>\n<td align=\"center\"><span style=\"color: #0e1d3a; font-family: verdana,arial;\"><small>6,5 mm<\/small><\/span><\/td>\n<td align=\"center\"><span style=\"color: #0e1d3a; font-family: verdana,arial;\"><small>0,8 &#8211; 1,4 mm<\/small><\/span><\/td>\n<td align=\"center\"><\/td>\n<\/tr>\n<tr>\n<td align=\"center\"><strong><span style=\"font-family: Arial; font-size: medium;\"><span style=\"font-family: Arial Black; font-size: small;\">\u00d8 7.1<\/span><\/span><\/strong><\/td>\n<td align=\"right\"><strong><span style=\"font-family: Arial; font-size: medium;\">10<\/span><\/strong><\/td>\n<td align=\"center\"><span style=\"font-family: Arial; font-size: medium;\"><b>&#8211;<\/b><\/span><\/td>\n<td align=\"left\"><b><span style=\"font-family: Arial; font-size: medium;\">80<\/span><\/b><\/td>\n<td align=\"left\"><b><span style=\"font-family: Arial; font-size: medium;\">mm<\/span><\/b><\/td>\n<td align=\"right\"><\/td>\n<td align=\"center\"><span style=\"color: #0e1d3a; font-family: verdana,arial;\"><small>7,5 mm<\/small><\/span><\/td>\n<td align=\"center\"><span style=\"color: #0e1d3a; font-family: verdana,arial;\"><small>0,8 &#8211; 1,4 mm<\/small><\/span><\/td>\n<td align=\"center\"><\/td>\n<\/tr>\n<tr>\n<td align=\"center\"><strong><span style=\"font-family: Arial; font-size: medium;\"><span style=\"font-family: Arial Black; font-size: small;\">\u00d8 8<\/span><\/span><\/strong><\/td>\n<td align=\"right\"><span style=\"font-family: Arial; font-size: medium;\"><b>10<\/b><\/span><\/td>\n<td align=\"center\"><span style=\"font-family: Arial; font-size: medium;\"><b>&#8211;<\/b><\/span><\/td>\n<td align=\"left\"><b><span style=\"font-family: Arial; font-size: medium;\">80<\/span><\/b><\/td>\n<td align=\"left\"><b><span style=\"font-family: Arial; font-size: medium;\">mm<\/span><\/b><\/td>\n<td align=\"right\"><\/td>\n<td align=\"center\"><span style=\"color: #0e1d3a; font-family: verdana,arial;\"><small>9,0 mm<\/small><\/span><\/td>\n<td align=\"center\"><span style=\"color: #0e1d3a; font-family: verdana,arial;\"><small>0,8 &#8211; 1,4 mm<\/small><\/span><\/td>\n<td align=\"center\"><\/td>\n<\/tr>\n<tr>\n<td align=\"center\"><\/td>\n<td align=\"right\"><\/td>\n<td align=\"center\"><\/td>\n<td align=\"left\"><\/td>\n<td align=\"left\"><\/td>\n<td align=\"right\"><\/td>\n<td align=\"center\"><\/td>\n<td align=\"center\"><\/td>\n<td align=\"center\"><\/td>\n<\/tr>\n<\/tbody>\n<\/table>\n","protected":false},"excerpt":{"rendered":"Vijci za zavarivanje od nehr\u0111aju\u0107eg \u010delika namijenjeni su za zavarivanje tankih limova (od 1,0 mm nadalje) Dostupne su u dimenzijama od \u00d8 3 mm do \u00d8 8 mm. Veli\u010dina i oblik glave vijka za zavarivanje u skladu su s normom EN ISO 13918. d1 l d3 h \u00d8 3 6 &#8211; 35 mm 4,5 mm&#8230; <a class=\"view-article\" href=\"https:\/\/zakovice.si\/hr\/proizvod\/vijak-za-zavarivanje-od-nehrdajuceg-celika-cfu\/\">Pogledajte \u010dlanak<\/a>","protected":false},"featured_media":2545,"template":"","meta":{"_acf_changed":false},"pwb-brand":[],"product_brand":[],"product_cat":[295],"product_tag":[296,263,301,297],"class_list":{"0":"post-5532","1":"product","2":"type-product","3":"status-publish","4":"has-post-thumbnail","6":"product_cat-cfu-vijci-za-zavarivanje","7":"product_tag-cfu-za-zavarivanje-vijaka","8":"product_tag-elementi-za-zavarivanje","9":"product_tag-vijak-za-zavarivanje-od-nehrdajuceg-celika-hr","10":"product_tag-vijci-za-zavarivanje","12":"first","13":"instock","14":"shipping-taxable","15":"product-type-simple"},"acf":[],"brands":[],"_links":{"self":[{"href":"https:\/\/zakovice.si\/hr\/wp-json\/wp\/v2\/product\/5532","targetHints":{"allow":["GET"]}}],"collection":[{"href":"https:\/\/zakovice.si\/hr\/wp-json\/wp\/v2\/product"}],"about":[{"href":"https:\/\/zakovice.si\/hr\/wp-json\/wp\/v2\/types\/product"}],"wp:featuredmedia":[{"embeddable":true,"href":"https:\/\/zakovice.si\/hr\/wp-json\/wp\/v2\/media\/2545"}],"wp:attachment":[{"href":"https:\/\/zakovice.si\/hr\/wp-json\/wp\/v2\/media?parent=5532"}],"wp:term":[{"taxonomy":"pwb-brand","embeddable":true,"href":"https:\/\/zakovice.si\/hr\/wp-json\/wp\/v2\/pwb-brand?post=5532"},{"taxonomy":"product_brand","embeddable":true,"href":"https:\/\/zakovice.si\/hr\/wp-json\/wp\/v2\/product_brand?post=5532"},{"taxonomy":"product_cat","embeddable":true,"href":"https:\/\/zakovice.si\/hr\/wp-json\/wp\/v2\/product_cat?post=5532"},{"taxonomy":"product_tag","embeddable":true,"href":"https:\/\/zakovice.si\/hr\/wp-json\/wp\/v2\/product_tag?post=5532"}],"curies":[{"name":"wp","href":"https:\/\/api.w.org\/{rel}","templated":true}]}}