{"id":5533,"date":"2022-08-29T13:47:49","date_gmt":"2022-08-29T11:47:49","guid":{"rendered":"https:\/\/zakovice.si\/izdelek\/s-trebol-al-al-obicna-glava\/"},"modified":"2022-08-29T13:47:49","modified_gmt":"2022-08-29T11:47:49","slug":"s-trebol-al-al-obicna-glava","status":"publish","type":"product","link":"https:\/\/zakovice.si\/hr\/proizvod\/s-trebol-al-al-obicna-glava\/","title":{"rendered":"S-Trebol Al\/Al &#8211; obi\u010dna glava"},"content":{"rendered":"<table border=\"1\" cellspacing=\"0\" cellpadding=\"0\">\n<tbody>\n<tr>\n<td valign=\"top\" width=\"302\"><b>Materijal tijela zakovice:<\/b><b><\/b><\/td>\n<td valign=\"top\" width=\"302\">AlMg 3.5 AW 5154<\/td>\n<\/tr>\n<tr>\n<td valign=\"top\" width=\"302\"><b>Materijal trna za zakovice:<\/b><b><\/b><\/td>\n<td valign=\"top\" width=\"302\">Aluminij AW 2017<\/td>\n<\/tr>\n<tr>\n<td valign=\"top\" width=\"302\"><b>Dostupni promjeri zakovica &#8220;d1&#8221; u mm:<\/b><b><\/b><\/td>\n<td valign=\"top\" width=\"302\">5.2, 6.4<\/td>\n<\/tr>\n<tr>\n<td valign=\"top\" width=\"302\"><b>Dostupne duljine zakovica &#8220;L&#8221; u mm:<\/b><b><\/b><\/td>\n<td valign=\"top\" width=\"302\">20,5 do 26,5, ovisno o promjeru zakovice<\/td>\n<\/tr>\n<tr>\n<td valign=\"top\" width=\"302\"><b>Dostupni promjeri glave zakovice &#8220;d2&#8221; u mm:<\/b><b><\/b><\/td>\n<td valign=\"top\" width=\"302\">11,40 do 14,0, ovisno o promjeru zakovice<\/td>\n<\/tr>\n<tr>\n<td valign=\"top\" width=\"302\"><b>Za ukupne debljine materijala &#8220;E&#8221; u mm:<\/b><b><\/b><\/td>\n<td valign=\"top\" width=\"302\">0,5 do 11,0, ovisno o promjeru zakovice<\/td>\n<\/tr>\n<\/tbody>\n<\/table>\n<p>Za zakovice u boji, molimo po\u0161aljite upit. Tako\u0111er, zakovice bojimo po narud\u017ebi u svim bojama prema RAL ljestvici ili prema uzorku boja! <\/p>\n<p>Nudimo DIBt NZ-14.1-4 certifikat za S-Trebol zakovice.<\/p>\n","protected":false},"excerpt":{"rendered":"Materijal tijela zakovice: AlMg 3.5 AW 5154 Materijal trna za zakovice: Aluminij AW 2017 Dostupni promjeri zakovica &#8220;d1&#8221; u mm: 5.2, 6.4 Dostupne duljine zakovica &#8220;L&#8221; u mm: 20,5 do 26,5, ovisno o promjeru zakovice Dostupni promjeri glave zakovice &#8220;d2&#8221; u mm: 11,40 do 14,0, ovisno o promjeru zakovice Za ukupne debljine materijala &#8220;E&#8221; u&#8230; <a class=\"view-article\" href=\"https:\/\/zakovice.si\/hr\/proizvod\/s-trebol-al-al-obicna-glava\/\">Pogledajte \u010dlanak<\/a>","protected":false},"featured_media":2381,"template":"","meta":{"_acf_changed":false},"pwb-brand":[],"product_brand":[],"product_cat":[302],"product_tag":[303,246,304,271,306,305],"class_list":{"0":"post-5533","1":"product","2":"type-product","3":"status-publish","4":"has-post-thumbnail","6":"product_cat-konstrukcijski-aluminij","7":"product_tag-aluminij-aluminij","8":"product_tag-konstrukcijski","9":"product_tag-konstrukcijski-aluminij","10":"product_tag-obicna-glava","11":"product_tag-s-trebol-hr","12":"product_tag-zakovica-za-panele","14":"first","15":"instock","16":"shipping-taxable","17":"product-type-simple"},"acf":[],"brands":[],"_links":{"self":[{"href":"https:\/\/zakovice.si\/hr\/wp-json\/wp\/v2\/product\/5533","targetHints":{"allow":["GET"]}}],"collection":[{"href":"https:\/\/zakovice.si\/hr\/wp-json\/wp\/v2\/product"}],"about":[{"href":"https:\/\/zakovice.si\/hr\/wp-json\/wp\/v2\/types\/product"}],"wp:featuredmedia":[{"embeddable":true,"href":"https:\/\/zakovice.si\/hr\/wp-json\/wp\/v2\/media\/2381"}],"wp:attachment":[{"href":"https:\/\/zakovice.si\/hr\/wp-json\/wp\/v2\/media?parent=5533"}],"wp:term":[{"taxonomy":"pwb-brand","embeddable":true,"href":"https:\/\/zakovice.si\/hr\/wp-json\/wp\/v2\/pwb-brand?post=5533"},{"taxonomy":"product_brand","embeddable":true,"href":"https:\/\/zakovice.si\/hr\/wp-json\/wp\/v2\/product_brand?post=5533"},{"taxonomy":"product_cat","embeddable":true,"href":"https:\/\/zakovice.si\/hr\/wp-json\/wp\/v2\/product_cat?post=5533"},{"taxonomy":"product_tag","embeddable":true,"href":"https:\/\/zakovice.si\/hr\/wp-json\/wp\/v2\/product_tag?post=5533"}],"curies":[{"name":"wp","href":"https:\/\/api.w.org\/{rel}","templated":true}]}}