{"id":5541,"date":"2022-08-29T13:47:49","date_gmt":"2022-08-29T11:47:49","guid":{"rendered":"https:\/\/zakovice.si\/izdelek\/konstrukcijska-al-al-upustena-glava\/"},"modified":"2022-08-29T13:47:49","modified_gmt":"2022-08-29T11:47:49","slug":"konstrukcijska-al-al-upustena-glava","status":"publish","type":"product","link":"https:\/\/zakovice.si\/hr\/proizvod\/konstrukcijska-al-al-upustena-glava\/","title":{"rendered":"Konstrukcijska Al\/Al upu\u0161tena glava"},"content":{"rendered":"<table border=\"1\" cellspacing=\"0\" cellpadding=\"0\">\n<tbody>\n<tr>\n<td valign=\"top\" width=\"302\"><b>Materijal tijela zakovice:<\/b><b><\/b><\/td>\n<td valign=\"top\" width=\"302\">AlMg 5 AW 5019<\/td>\n<\/tr>\n<tr>\n<td valign=\"top\" width=\"302\"><b>Materijal trna za zakovice:<\/b><b><\/b><\/td>\n<td valign=\"top\" width=\"302\">Aluminij AW 7075<\/td>\n<\/tr>\n<tr>\n<td valign=\"top\" width=\"302\"><b>Dostupni promjeri zakovica &#8220;d1&#8221; u mm:<\/b><b><\/b><\/td>\n<td valign=\"top\" width=\"302\">6,5<\/td>\n<\/tr>\n<tr>\n<td valign=\"top\" width=\"302\"><b>Dostupne duljine zakovica &#8220;L&#8221; u mm:<\/b><b><\/b><\/td>\n<td valign=\"top\" width=\"302\">16,5<\/td>\n<\/tr>\n<tr>\n<td valign=\"top\" width=\"302\"><b>Dostupni promjeri glave zakovice &#8220;d2&#8221; u mm:<\/b><b><\/b><\/td>\n<td valign=\"top\" width=\"302\">10.10<\/td>\n<\/tr>\n<tr>\n<td valign=\"top\" width=\"302\"><b>Za ukupne debljine materijala &#8220;E&#8221; u mm:<\/b><b><\/b><\/td>\n<td valign=\"top\" width=\"302\">3,2 do 12,0<\/td>\n<\/tr>\n<\/tbody>\n<\/table>\n<p>Za zakovice u boji, molimo po\u0161aljite upit. Tako\u0111er, zakovice bojimo po narud\u017ebi u svim bojama prema RAL ljestvici ili prema uzorku boja! <\/p>\n","protected":false},"excerpt":{"rendered":"Materijal tijela zakovice: AlMg 5 AW 5019 Materijal trna za zakovice: Aluminij AW 7075 Dostupni promjeri zakovica &#8220;d1&#8221; u mm: 6,5 Dostupne duljine zakovica &#8220;L&#8221; u mm: 16,5 Dostupni promjeri glave zakovice &#8220;d2&#8221; u mm: 10.10 Za ukupne debljine materijala &#8220;E&#8221; u mm: 3,2 do 12,0 Za zakovice u boji, molimo po\u0161aljite upit. Tako\u0111er, zakovice&#8230; <a class=\"view-article\" href=\"https:\/\/zakovice.si\/hr\/proizvod\/konstrukcijska-al-al-upustena-glava\/\">Pogledajte \u010dlanak<\/a>","protected":false},"featured_media":2389,"template":"","meta":{"_acf_changed":false},"pwb-brand":[],"product_brand":[],"product_cat":[302],"product_tag":[303,246,304,247,312],"class_list":{"0":"post-5541","1":"product","2":"type-product","3":"status-publish","4":"has-post-thumbnail","6":"product_cat-konstrukcijski-aluminij","7":"product_tag-aluminij-aluminij","8":"product_tag-konstrukcijski","9":"product_tag-konstrukcijski-aluminij","10":"product_tag-strukturni","11":"product_tag-upustena-glava","13":"first","14":"instock","15":"shipping-taxable","16":"product-type-simple"},"acf":[],"brands":[],"_links":{"self":[{"href":"https:\/\/zakovice.si\/hr\/wp-json\/wp\/v2\/product\/5541","targetHints":{"allow":["GET"]}}],"collection":[{"href":"https:\/\/zakovice.si\/hr\/wp-json\/wp\/v2\/product"}],"about":[{"href":"https:\/\/zakovice.si\/hr\/wp-json\/wp\/v2\/types\/product"}],"wp:featuredmedia":[{"embeddable":true,"href":"https:\/\/zakovice.si\/hr\/wp-json\/wp\/v2\/media\/2389"}],"wp:attachment":[{"href":"https:\/\/zakovice.si\/hr\/wp-json\/wp\/v2\/media?parent=5541"}],"wp:term":[{"taxonomy":"pwb-brand","embeddable":true,"href":"https:\/\/zakovice.si\/hr\/wp-json\/wp\/v2\/pwb-brand?post=5541"},{"taxonomy":"product_brand","embeddable":true,"href":"https:\/\/zakovice.si\/hr\/wp-json\/wp\/v2\/product_brand?post=5541"},{"taxonomy":"product_cat","embeddable":true,"href":"https:\/\/zakovice.si\/hr\/wp-json\/wp\/v2\/product_cat?post=5541"},{"taxonomy":"product_tag","embeddable":true,"href":"https:\/\/zakovice.si\/hr\/wp-json\/wp\/v2\/product_tag?post=5541"}],"curies":[{"name":"wp","href":"https:\/\/api.w.org\/{rel}","templated":true}]}}