{"id":5549,"date":"2022-08-29T13:47:49","date_gmt":"2022-08-29T11:47:49","guid":{"rendered":"https:\/\/zakovice.si\/izdelek\/strukturni-inox-a2-upustena-glava\/"},"modified":"2022-08-29T13:47:49","modified_gmt":"2022-08-29T11:47:49","slug":"strukturni-inox-a2-upustena-glava","status":"publish","type":"product","link":"https:\/\/zakovice.si\/hr\/proizvod\/strukturni-inox-a2-upustena-glava\/","title":{"rendered":"Strukturni Inox A2 &#8211; upu\u0161tena glava"},"content":{"rendered":"<table border=\"1\" cellspacing=\"0\" cellpadding=\"0\">\n<tbody>\n<tr>\n<td valign=\"top\" width=\"302\"><b>Materijal tijela zakovice:<\/b><b><\/b><\/td>\n<td valign=\"top\" width=\"302\">Nehr\u0111aju\u0107i \u010delik A2 (1.4301) AISI 304<\/td>\n<\/tr>\n<tr>\n<td valign=\"top\" width=\"302\"><b>Materijal trna za zakovice:<\/b><b><\/b><\/td>\n<td valign=\"top\" width=\"302\">Nehr\u0111aju\u0107i \u010delik A2 (1.4301) AISI 304<\/td>\n<\/tr>\n<tr>\n<td valign=\"top\" width=\"302\"><b>Dostupni promjeri zakovica &#8220;d1&#8221; u mm:<\/b><b><\/b><\/td>\n<td valign=\"top\" width=\"302\">6,5<\/td>\n<\/tr>\n<tr>\n<td valign=\"top\" width=\"302\"><b>Dostupne duljine zakovica &#8220;L&#8221; u mm:<\/b><b><\/b><\/td>\n<td valign=\"top\" width=\"302\">16,0<\/td>\n<\/tr>\n<tr>\n<td valign=\"top\" width=\"302\"><b>Dostupni promjeri glave zakovice &#8220;d2&#8221; u mm:<\/b><b><\/b><\/td>\n<td valign=\"top\" width=\"302\">10.10<\/td>\n<\/tr>\n<tr>\n<td valign=\"top\" width=\"302\"><b>Za ukupne debljine materijala &#8220;E&#8221; u mm:<\/b><b><\/b><\/td>\n<td valign=\"top\" width=\"302\">1,0 do 12,0<\/td>\n<\/tr>\n<\/tbody>\n<\/table>\n<p>Za zakovice u boji, molimo po\u0161aljite upit. Tako\u0111er, zakovice bojimo po narud\u017ebi u svim bojama prema RAL ljestvici ili prema uzorku boja! <\/p>\n","protected":false},"excerpt":{"rendered":"Materijal tijela zakovice: Nehr\u0111aju\u0107i \u010delik A2 (1.4301) AISI 304 Materijal trna za zakovice: Nehr\u0111aju\u0107i \u010delik A2 (1.4301) AISI 304 Dostupni promjeri zakovica &#8220;d1&#8221; u mm: 6,5 Dostupne duljine zakovica &#8220;L&#8221; u mm: 16,0 Dostupni promjeri glave zakovice &#8220;d2&#8221; u mm: 10.10 Za ukupne debljine materijala &#8220;E&#8221; u mm: 1,0 do 12,0 Za zakovice u boji,&#8230; <a class=\"view-article\" href=\"https:\/\/zakovice.si\/hr\/proizvod\/strukturni-inox-a2-upustena-glava\/\">Pogledajte \u010dlanak<\/a>","protected":false},"featured_media":2414,"template":"","meta":{"_acf_changed":false},"pwb-brand":[],"product_brand":[],"product_cat":[253],"product_tag":[315,316,254,247,312,249,250],"class_list":{"0":"post-5549","1":"product","2":"type-product","3":"status-publish","4":"has-post-thumbnail","6":"product_cat-konstrukcijski-nehrdajuci-celik-a2","7":"product_tag-gradevinske-zakovice","8":"product_tag-konstrukcijske-zakovice-od-nehrdajuceg-celika","9":"product_tag-nehrdajuci-celik","10":"product_tag-strukturni","11":"product_tag-upustena-glava","12":"product_tag-zakovice-otporne-na-vibracije","13":"product_tag-zakovice-za-teske-uvjete-rada","15":"first","16":"instock","17":"shipping-taxable","18":"product-type-simple"},"acf":[],"brands":[],"_links":{"self":[{"href":"https:\/\/zakovice.si\/hr\/wp-json\/wp\/v2\/product\/5549","targetHints":{"allow":["GET"]}}],"collection":[{"href":"https:\/\/zakovice.si\/hr\/wp-json\/wp\/v2\/product"}],"about":[{"href":"https:\/\/zakovice.si\/hr\/wp-json\/wp\/v2\/types\/product"}],"wp:featuredmedia":[{"embeddable":true,"href":"https:\/\/zakovice.si\/hr\/wp-json\/wp\/v2\/media\/2414"}],"wp:attachment":[{"href":"https:\/\/zakovice.si\/hr\/wp-json\/wp\/v2\/media?parent=5549"}],"wp:term":[{"taxonomy":"pwb-brand","embeddable":true,"href":"https:\/\/zakovice.si\/hr\/wp-json\/wp\/v2\/pwb-brand?post=5549"},{"taxonomy":"product_brand","embeddable":true,"href":"https:\/\/zakovice.si\/hr\/wp-json\/wp\/v2\/product_brand?post=5549"},{"taxonomy":"product_cat","embeddable":true,"href":"https:\/\/zakovice.si\/hr\/wp-json\/wp\/v2\/product_cat?post=5549"},{"taxonomy":"product_tag","embeddable":true,"href":"https:\/\/zakovice.si\/hr\/wp-json\/wp\/v2\/product_tag?post=5549"}],"curies":[{"name":"wp","href":"https:\/\/api.w.org\/{rel}","templated":true}]}}