{"id":5551,"date":"2022-08-29T13:47:49","date_gmt":"2022-08-29T11:47:49","guid":{"rendered":"https:\/\/zakovice.si\/izdelek\/strukturni-inox-a2-obicna-glava\/"},"modified":"2022-08-29T13:47:49","modified_gmt":"2022-08-29T11:47:49","slug":"strukturni-inox-a2-obicna-glava","status":"publish","type":"product","link":"https:\/\/zakovice.si\/hr\/proizvod\/strukturni-inox-a2-obicna-glava\/","title":{"rendered":"Strukturni Inox A2 &#8211; obi\u010dna glava"},"content":{"rendered":"<table border=\"1\" cellspacing=\"0\" cellpadding=\"0\">\n<tbody>\n<tr>\n<td valign=\"top\" width=\"302\"><b>Materijal tijela zakovice:<\/b><b><\/b><\/td>\n<td valign=\"top\" width=\"302\">Nehr\u0111aju\u0107i \u010delik A2 (1.4301) AISI 304<\/td>\n<\/tr>\n<tr>\n<td valign=\"top\" width=\"302\"><b>Materijal trna za zakovice:<\/b><b><\/b><\/td>\n<td valign=\"top\" width=\"302\">Nehr\u0111aju\u0107i \u010delik A2 (1.4301) AISI 304<\/td>\n<\/tr>\n<tr>\n<td valign=\"top\" width=\"302\"><b>Dostupni promjeri zakovica &#8220;d1&#8221; u mm:<\/b><b><\/b><\/td>\n<td valign=\"top\" width=\"302\">4,8, 6,5<\/td>\n<\/tr>\n<tr>\n<td valign=\"top\" width=\"302\"><b>Dostupne duljine zakovica &#8220;L&#8221; u mm:<\/b><b><\/b><\/td>\n<td valign=\"top\" width=\"302\">10,3 do 20,0, ovisno o promjeru zakovice<\/td>\n<\/tr>\n<tr>\n<td valign=\"top\" width=\"302\"><b>Dostupni promjeri glave zakovice &#8220;d2&#8221; u mm:<\/b><b><\/b><\/td>\n<td valign=\"top\" width=\"302\">9,7 do 13,0, ovisno o promjeru zakovice<\/td>\n<\/tr>\n<tr>\n<td valign=\"top\" width=\"302\"><b>Za ukupne debljine materijala &#8220;E&#8221; u mm:<\/b><b><\/b><\/td>\n<td valign=\"top\" width=\"302\">1,5 do 16,0, ovisno o promjeru zakovice<\/td>\n<\/tr>\n<\/tbody>\n<\/table>\n<p>Za zakovice u boji, molimo po\u0161aljite upit. Tako\u0111er, zakovice bojimo po narud\u017ebi u svim bojama prema RAL ljestvici ili prema uzorku boja! <\/p>\n","protected":false},"excerpt":{"rendered":"Materijal tijela zakovice: Nehr\u0111aju\u0107i \u010delik A2 (1.4301) AISI 304 Materijal trna za zakovice: Nehr\u0111aju\u0107i \u010delik A2 (1.4301) AISI 304 Dostupni promjeri zakovica &#8220;d1&#8221; u mm: 4,8, 6,5 Dostupne duljine zakovica &#8220;L&#8221; u mm: 10,3 do 20,0, ovisno o promjeru zakovice Dostupni promjeri glave zakovice &#8220;d2&#8221; u mm: 9,7 do 13,0, ovisno o promjeru zakovice Za&#8230; <a class=\"view-article\" href=\"https:\/\/zakovice.si\/hr\/proizvod\/strukturni-inox-a2-obicna-glava\/\">Pogledajte \u010dlanak<\/a>","protected":false},"featured_media":2410,"template":"","meta":{"_acf_changed":false},"pwb-brand":[],"product_brand":[],"product_cat":[253],"product_tag":[315,316,247,249,250],"class_list":{"0":"post-5551","1":"product","2":"type-product","3":"status-publish","4":"has-post-thumbnail","6":"product_cat-konstrukcijski-nehrdajuci-celik-a2","7":"product_tag-gradevinske-zakovice","8":"product_tag-konstrukcijske-zakovice-od-nehrdajuceg-celika","9":"product_tag-strukturni","10":"product_tag-zakovice-otporne-na-vibracije","11":"product_tag-zakovice-za-teske-uvjete-rada","13":"first","14":"instock","15":"shipping-taxable","16":"product-type-simple"},"acf":[],"brands":[],"_links":{"self":[{"href":"https:\/\/zakovice.si\/hr\/wp-json\/wp\/v2\/product\/5551","targetHints":{"allow":["GET"]}}],"collection":[{"href":"https:\/\/zakovice.si\/hr\/wp-json\/wp\/v2\/product"}],"about":[{"href":"https:\/\/zakovice.si\/hr\/wp-json\/wp\/v2\/types\/product"}],"wp:featuredmedia":[{"embeddable":true,"href":"https:\/\/zakovice.si\/hr\/wp-json\/wp\/v2\/media\/2410"}],"wp:attachment":[{"href":"https:\/\/zakovice.si\/hr\/wp-json\/wp\/v2\/media?parent=5551"}],"wp:term":[{"taxonomy":"pwb-brand","embeddable":true,"href":"https:\/\/zakovice.si\/hr\/wp-json\/wp\/v2\/pwb-brand?post=5551"},{"taxonomy":"product_brand","embeddable":true,"href":"https:\/\/zakovice.si\/hr\/wp-json\/wp\/v2\/product_brand?post=5551"},{"taxonomy":"product_cat","embeddable":true,"href":"https:\/\/zakovice.si\/hr\/wp-json\/wp\/v2\/product_cat?post=5551"},{"taxonomy":"product_tag","embeddable":true,"href":"https:\/\/zakovice.si\/hr\/wp-json\/wp\/v2\/product_tag?post=5551"}],"curies":[{"name":"wp","href":"https:\/\/api.w.org\/{rel}","templated":true}]}}