{"id":5552,"date":"2022-08-29T13:47:49","date_gmt":"2022-08-29T11:47:49","guid":{"rendered":"https:\/\/zakovice.si\/izdelek\/split-al-trebol-velika-glava\/"},"modified":"2022-08-29T13:47:49","modified_gmt":"2022-08-29T11:47:49","slug":"split-al-trebol-velika-glava","status":"publish","type":"product","link":"https:\/\/zakovice.si\/hr\/proizvod\/split-al-trebol-velika-glava\/","title":{"rendered":"Split Al Trebol &#8211; velika glava"},"content":{"rendered":"<table border=\"1\" cellspacing=\"0\" cellpadding=\"0\">\n<tbody>\n<tr>\n<td valign=\"top\" width=\"302\"><b>Materijal tijela zakovice:<\/b><b><\/b><\/td>\n<td valign=\"top\" width=\"302\">AlMg 2.5<\/td>\n<\/tr>\n<tr>\n<td valign=\"top\" width=\"302\"><b>Materijal trna za zakovice:<\/b><b><\/b><\/td>\n<td valign=\"top\" width=\"302\">AlMg 2.5<\/td>\n<\/tr>\n<tr>\n<td valign=\"top\" width=\"302\"><b>Dostupni promjeri zakovica &#8220;d1&#8221; u mm:<\/b><b><\/b><\/td>\n<td valign=\"top\" width=\"302\">4,0, 4,8<\/td>\n<\/tr>\n<tr>\n<td valign=\"top\" width=\"302\"><b>Dostupne duljine zakovica &#8220;L&#8221; u mm:<\/b><b><\/b><\/td>\n<td valign=\"top\" width=\"302\">18,8 do 24,5, ovisno o promjeru zakovice<\/td>\n<\/tr>\n<tr>\n<td valign=\"top\" width=\"302\"><b>Dostupni promjeri glave zakovice &#8220;d2&#8221; u mm:<\/b><b><\/b><\/td>\n<td valign=\"top\" width=\"302\">12,0 do 16,0, ovisno o promjeru zakovice<\/td>\n<\/tr>\n<tr>\n<td valign=\"top\" width=\"302\"><b>Za ukupne debljine materijala &#8220;E&#8221; u mm:<\/b><b><\/b><\/td>\n<td valign=\"top\" width=\"302\">1,0 do 12,0, ovisno o promjeru zakovice<\/td>\n<\/tr>\n<\/tbody>\n<\/table>\n<p>Za zakovice u boji, molimo po\u0161aljite upit. Tako\u0111er, zakovice bojimo po narud\u017ebi u svim bojama prema RAL ljestvici ili prema uzorku boja! <\/p>\n","protected":false},"excerpt":{"rendered":"Materijal tijela zakovice: AlMg 2.5 Materijal trna za zakovice: AlMg 2.5 Dostupni promjeri zakovica &#8220;d1&#8221; u mm: 4,0, 4,8 Dostupne duljine zakovica &#8220;L&#8221; u mm: 18,8 do 24,5, ovisno o promjeru zakovice Dostupni promjeri glave zakovice &#8220;d2&#8221; u mm: 12,0 do 16,0, ovisno o promjeru zakovice Za ukupne debljine materijala &#8220;E&#8221; u mm: 1,0 do&#8230; <a class=\"view-article\" href=\"https:\/\/zakovice.si\/hr\/proizvod\/split-al-trebol-velika-glava\/\">Pogledajte \u010dlanak<\/a>","protected":false},"featured_media":2426,"template":"","meta":{"_acf_changed":false},"pwb-brand":[],"product_brand":[],"product_cat":[323],"product_tag":[325,272,324,322,273],"class_list":{"0":"post-5552","1":"product","2":"type-product","3":"status-publish","4":"has-post-thumbnail","6":"product_cat-split","7":"product_tag-alu-trebol-hr","8":"product_tag-nestrukturni","9":"product_tag-split","10":"product_tag-velika-glava-hr","11":"product_tag-zakovice-hr","13":"first","14":"instock","15":"shipping-taxable","16":"product-type-simple"},"acf":[],"brands":[],"_links":{"self":[{"href":"https:\/\/zakovice.si\/hr\/wp-json\/wp\/v2\/product\/5552","targetHints":{"allow":["GET"]}}],"collection":[{"href":"https:\/\/zakovice.si\/hr\/wp-json\/wp\/v2\/product"}],"about":[{"href":"https:\/\/zakovice.si\/hr\/wp-json\/wp\/v2\/types\/product"}],"wp:featuredmedia":[{"embeddable":true,"href":"https:\/\/zakovice.si\/hr\/wp-json\/wp\/v2\/media\/2426"}],"wp:attachment":[{"href":"https:\/\/zakovice.si\/hr\/wp-json\/wp\/v2\/media?parent=5552"}],"wp:term":[{"taxonomy":"pwb-brand","embeddable":true,"href":"https:\/\/zakovice.si\/hr\/wp-json\/wp\/v2\/pwb-brand?post=5552"},{"taxonomy":"product_brand","embeddable":true,"href":"https:\/\/zakovice.si\/hr\/wp-json\/wp\/v2\/product_brand?post=5552"},{"taxonomy":"product_cat","embeddable":true,"href":"https:\/\/zakovice.si\/hr\/wp-json\/wp\/v2\/product_cat?post=5552"},{"taxonomy":"product_tag","embeddable":true,"href":"https:\/\/zakovice.si\/hr\/wp-json\/wp\/v2\/product_tag?post=5552"}],"curies":[{"name":"wp","href":"https:\/\/api.w.org\/{rel}","templated":true}]}}