{"id":5557,"date":"2022-08-29T13:47:48","date_gmt":"2022-08-29T11:47:48","guid":{"rendered":"https:\/\/zakovice.si\/izdelek\/taurus-s-uvjerljivom-kontrolom\/"},"modified":"2022-08-29T13:47:48","modified_gmt":"2022-08-29T11:47:48","slug":"taurus-s-uvjerljivom-kontrolom","status":"publish","type":"product","link":"https:\/\/zakovice.si\/hr\/proizvod\/taurus-s-uvjerljivom-kontrolom\/","title":{"rendered":"TAURUS s uvjerljivom kontrolom"},"content":{"rendered":"<p>Senzori u zakovicama TAURUS prate i obra\u0111uju podatke o kvaliteti zakovanih zakovica.<\/p>\n<p>Parametri za svaku zakovicu prethodno se unose u memoriju alata. Zakovica koja ne zadovoljava postavljene parametre na ovaj na\u010din se detektira i bilje\u017ei. LED na alatu odmah obavje\u0161tava korisnika o lo\u0161em ili dobrom zakivanju. Podaci o 256 000 ciklusa zakivanja mogu se pohraniti u unutarnju memoriju alata. Podaci se tako\u0111er mogu pohraniti na vanjsku jedinicu za kasniju obradu.    <\/p>\n","protected":false},"excerpt":{"rendered":"Senzori u zakovicama TAURUS prate i obra\u0111uju podatke o kvaliteti zakovanih zakovica. Parametri za svaku zakovicu prethodno se unose u memoriju alata. Zakovica koja ne zadovoljava postavljene parametre na ovaj na\u010din se detektira i bilje\u017ei. LED na alatu odmah obavje\u0161tava korisnika o lo\u0161em ili dobrom zakivanju. Podaci o 256 000 ciklusa zakivanja mogu se pohraniti&#8230; <a class=\"view-article\" href=\"https:\/\/zakovice.si\/hr\/proizvod\/taurus-s-uvjerljivom-kontrolom\/\">Pogledajte \u010dlanak<\/a>","protected":false},"featured_media":2367,"template":"","meta":{"_acf_changed":false},"pwb-brand":[],"product_brand":[],"product_cat":[327],"product_tag":[243,328],"class_list":{"0":"post-5557","1":"product","2":"type-product","3":"status-publish","4":"has-post-thumbnail","6":"product_cat-pribor-za-bika","7":"product_tag-alati-za-postavljanje-zakovica","8":"product_tag-pribor-za-bika","10":"first","11":"instock","12":"shipping-taxable","13":"product-type-simple"},"acf":[],"brands":[],"_links":{"self":[{"href":"https:\/\/zakovice.si\/hr\/wp-json\/wp\/v2\/product\/5557","targetHints":{"allow":["GET"]}}],"collection":[{"href":"https:\/\/zakovice.si\/hr\/wp-json\/wp\/v2\/product"}],"about":[{"href":"https:\/\/zakovice.si\/hr\/wp-json\/wp\/v2\/types\/product"}],"wp:featuredmedia":[{"embeddable":true,"href":"https:\/\/zakovice.si\/hr\/wp-json\/wp\/v2\/media\/2367"}],"wp:attachment":[{"href":"https:\/\/zakovice.si\/hr\/wp-json\/wp\/v2\/media?parent=5557"}],"wp:term":[{"taxonomy":"pwb-brand","embeddable":true,"href":"https:\/\/zakovice.si\/hr\/wp-json\/wp\/v2\/pwb-brand?post=5557"},{"taxonomy":"product_brand","embeddable":true,"href":"https:\/\/zakovice.si\/hr\/wp-json\/wp\/v2\/product_brand?post=5557"},{"taxonomy":"product_cat","embeddable":true,"href":"https:\/\/zakovice.si\/hr\/wp-json\/wp\/v2\/product_cat?post=5557"},{"taxonomy":"product_tag","embeddable":true,"href":"https:\/\/zakovice.si\/hr\/wp-json\/wp\/v2\/product_tag?post=5557"}],"curies":[{"name":"wp","href":"https:\/\/api.w.org\/{rel}","templated":true}]}}