{"id":5561,"date":"2022-08-29T13:47:48","date_gmt":"2022-08-29T11:47:48","guid":{"rendered":"https:\/\/zakovice.si\/izdelek\/dodavac-zakovica-riv-606\/"},"modified":"2022-08-29T13:47:48","modified_gmt":"2022-08-29T11:47:48","slug":"dodavac-zakovica-riv-606","status":"publish","type":"product","link":"https:\/\/zakovice.si\/hr\/proizvod\/dodavac-zakovica-riv-606\/","title":{"rendered":"Dodava\u010d zakovica RIV 606"},"content":{"rendered":"<p>Dodava\u010d zakovica RIV 606 omogu\u0107uje zakivanje samo jednom rukom, bez dugotrajnog umetanja zakovica. Omogu\u0107uje izuzetno brzo zakivanje i pove\u0107ava produktivnost. Koristi se s alatima s ugra\u0111enim vakuumskim usisavanjem zakovica &#8211; tako\u0111er je mogu\u0107e prenamijeniti adapter alata za kori\u0161tenje drugih zakiva\u010da.  <\/p>\n<p>Prednja mlaznica alata se gura u adapter na dodava\u010du. RIV 606 ubacuje zakovicu u alat, zakovica se izvla\u010di, a zatim dodava\u010d priprema sljede\u0107u zakovicu u adapter. <\/p>\n<p><iframe title=\"Rivit RIV606 (ENG) Automatic feeder for blind rivets\" width=\"500\" height=\"281\" src=\"https:\/\/www.youtube.com\/embed\/qZ_gBFibFvk?feature=oembed\" frameborder=\"0\" allow=\"accelerometer; autoplay; clipboard-write; encrypted-media; gyroscope; picture-in-picture; web-share\" referrerpolicy=\"strict-origin-when-cross-origin\" allowfullscreen><\/iframe><\/p>\n<table border=\"1\" cellspacing=\"0\" cellpadding=\"0\">\n<tbody>\n<tr>\n<td valign=\"top\" width=\"307\"><b>Radno podru\u010dje<\/b><\/td>\n<td valign=\"top\" width=\"307\">Zakovice od \u00d8 2,4 mm do 6,4 mm, maksimalna ukupna duljina trna 50 mm.<\/p>\n<p>Maks. promjer glave zakovice 10 mm. <\/td>\n<\/tr>\n<tr>\n<td valign=\"top\" width=\"307\"><b>Dimenzije<\/b><\/td>\n<td valign=\"top\" width=\"307\">340 mm x 530\/630 mm x 300 mm<\/td>\n<\/tr>\n<tr>\n<td valign=\"top\" width=\"307\"><b>Te\u017eina<\/b><\/td>\n<td valign=\"top\" width=\"307\">34 kg<\/td>\n<\/tr>\n<tr>\n<td valign=\"top\" width=\"307\"><b>Kapacitet spremnika za zakovice<\/b><\/td>\n<td valign=\"top\" width=\"307\">600 (\u00d8 4,8 mm), 800 (\u00d8 4,0 mm), 1000 (\u00d8 3,2 mm)<\/td>\n<\/tr>\n<\/tbody>\n<\/table>\n","protected":false},"excerpt":{"rendered":"Dodava\u010d zakovica RIV 606 omogu\u0107uje zakivanje samo jednom rukom, bez dugotrajnog umetanja zakovica. Omogu\u0107uje izuzetno brzo zakivanje i pove\u0107ava produktivnost. Koristi se s alatima s ugra\u0111enim vakuumskim usisavanjem zakovica &#8211; tako\u0111er je mogu\u0107e prenamijeniti adapter alata za kori\u0161tenje drugih zakiva\u010da. Prednja mlaznica alata se gura u adapter na dodava\u010du. RIV 606 ubacuje zakovicu u alat,&#8230; <a class=\"view-article\" href=\"https:\/\/zakovice.si\/hr\/proizvod\/dodavac-zakovica-riv-606\/\">Pogledajte \u010dlanak<\/a>","protected":false},"featured_media":2371,"template":"","meta":{"_acf_changed":false},"pwb-brand":[],"product_brand":[],"product_cat":[329],"product_tag":[243],"class_list":{"0":"post-5561","1":"product","2":"type-product","3":"status-publish","4":"has-post-thumbnail","6":"product_cat-dodavaci-zakovicama","7":"product_tag-alati-za-postavljanje-zakovica","9":"first","10":"instock","11":"shipping-taxable","12":"product-type-simple"},"acf":[],"brands":[],"_links":{"self":[{"href":"https:\/\/zakovice.si\/hr\/wp-json\/wp\/v2\/product\/5561","targetHints":{"allow":["GET"]}}],"collection":[{"href":"https:\/\/zakovice.si\/hr\/wp-json\/wp\/v2\/product"}],"about":[{"href":"https:\/\/zakovice.si\/hr\/wp-json\/wp\/v2\/types\/product"}],"wp:featuredmedia":[{"embeddable":true,"href":"https:\/\/zakovice.si\/hr\/wp-json\/wp\/v2\/media\/2371"}],"wp:attachment":[{"href":"https:\/\/zakovice.si\/hr\/wp-json\/wp\/v2\/media?parent=5561"}],"wp:term":[{"taxonomy":"pwb-brand","embeddable":true,"href":"https:\/\/zakovice.si\/hr\/wp-json\/wp\/v2\/pwb-brand?post=5561"},{"taxonomy":"product_brand","embeddable":true,"href":"https:\/\/zakovice.si\/hr\/wp-json\/wp\/v2\/product_brand?post=5561"},{"taxonomy":"product_cat","embeddable":true,"href":"https:\/\/zakovice.si\/hr\/wp-json\/wp\/v2\/product_cat?post=5561"},{"taxonomy":"product_tag","embeddable":true,"href":"https:\/\/zakovice.si\/hr\/wp-json\/wp\/v2\/product_tag?post=5561"}],"curies":[{"name":"wp","href":"https:\/\/api.w.org\/{rel}","templated":true}]}}