{"id":5563,"date":"2022-08-29T13:47:48","date_gmt":"2022-08-29T11:47:48","guid":{"rendered":"https:\/\/zakovice.si\/izdelek\/gav-8000\/"},"modified":"2022-08-29T13:47:48","modified_gmt":"2022-08-29T11:47:48","slug":"gav-8000","status":"publish","type":"product","link":"https:\/\/zakovice.si\/hr\/proizvod\/gav-8000\/","title":{"rendered":"GAV 8000"},"content":{"rendered":"<p>Automatska jedinica za zakivanje GESIPA GAV 8000 za industrijsku primjenu omogu\u0107uje zakivanje do 45 zakovica u minuti, pove\u0107ava produktivnost, \u0161tedi vrijeme i tro\u0161kove do 50% u usporedbi s konvencionalnim alatima za zakivanje. Stroj automatski dozira zakovice u mlaznicu i pohranjuje trnove u spremnik nakon zakivanja. Tako\u0111er je mogu\u0107a integracija u robotske linije.  <\/p>\n<p><iframe title=\"AUTOMATIC RIVETING TOOL GESIPA GAV 7000R\" width=\"500\" height=\"375\" src=\"https:\/\/www.youtube.com\/embed\/BfS4Lh1cyzw?feature=oembed\" frameborder=\"0\" allow=\"accelerometer; autoplay; clipboard-write; encrypted-media; gyroscope; picture-in-picture; web-share\" referrerpolicy=\"strict-origin-when-cross-origin\" allowfullscreen><\/iframe><\/p>\n<p>Osim automatskog zakivanja, GAV 8000 omogu\u0107uje i kontrolu zakovljenih zakovica. Omogu\u0107uje jednostavan pristup izborniku za programiranje i ispis grafova za svaku zakovicu. Pohranjuje podatke o 260 000 procesa zakivanja u memoriju za daljnju analizu i obradu podataka.  <\/p>\n<p>https:\/\/www.youtube.com\/watch?v=QG3mo8AyhUI<\/p>\n<table border=\"1\" cellspacing=\"0\" cellpadding=\"0\">\n<tbody>\n<tr>\n<td valign=\"top\" width=\"307\"><b>Radno podru\u010dje<\/b><\/td>\n<td valign=\"top\" width=\"307\">Zakovice od \u00d8 2,4 mm do \u00d8 6,4 mm u aluminiju i bakru; zakovice do \u00d8 6,0 Fe; zakovice do \u00d8 5,0 Inox Duljina tijela zakovice maksimalna 30 mm<\/td>\n<\/tr>\n<\/tbody>\n<\/table>\n<p>&nbsp;<\/p>\n<p>Mogu\u0107e varijante pi\u0161tolja:<\/p>\n<div id=\"attachment_351\" style=\"width: 201px\" class=\"wp-caption alignleft\"><img decoding=\"async\" aria-describedby=\"caption-attachment-351\" class=\"size-full wp-image-351 \" src=\"http:\/\/www.zakovice.si\/wp-content\/uploads\/2014\/02\/image441.png\" alt=\"Pi\u0161tolj\" width=\"191\" height=\"128\"><p id=\"caption-attachment-351\" class=\"wp-caption-text\">Pi\u0161tolj<\/p><\/div>\n<div id=\"attachment_352\" style=\"width: 201px\" class=\"wp-caption aligncenter\"><img decoding=\"async\" aria-describedby=\"caption-attachment-352\" class=\"size-full wp-image-352 \" src=\"http:\/\/www.zakovice.si\/wp-content\/uploads\/2014\/02\/image451.png\" alt=\"Robotski pi\u0161tolj\" width=\"191\" height=\"129\"><p id=\"caption-attachment-352\" class=\"wp-caption-text\">Robotski pi\u0161tolj<\/p><\/div>\n","protected":false},"excerpt":{"rendered":"<a href=\"\/pdf\/GAV_English_2013.pdf\" target=\"_blank\" rel=\"noopener\"> GAV 8000 specifikacije.pdf<\/a>","protected":false},"featured_media":2368,"template":"","meta":{"_acf_changed":false},"pwb-brand":[],"product_brand":[],"product_cat":[330],"product_tag":[243],"class_list":{"0":"post-5563","1":"product","2":"type-product","3":"status-publish","4":"has-post-thumbnail","6":"product_cat-automatski-strojevi-za-zakivanje","7":"product_tag-alati-za-postavljanje-zakovica","9":"first","10":"instock","11":"shipping-taxable","12":"product-type-simple"},"acf":[],"brands":[],"_links":{"self":[{"href":"https:\/\/zakovice.si\/hr\/wp-json\/wp\/v2\/product\/5563","targetHints":{"allow":["GET"]}}],"collection":[{"href":"https:\/\/zakovice.si\/hr\/wp-json\/wp\/v2\/product"}],"about":[{"href":"https:\/\/zakovice.si\/hr\/wp-json\/wp\/v2\/types\/product"}],"wp:featuredmedia":[{"embeddable":true,"href":"https:\/\/zakovice.si\/hr\/wp-json\/wp\/v2\/media\/2368"}],"wp:attachment":[{"href":"https:\/\/zakovice.si\/hr\/wp-json\/wp\/v2\/media?parent=5563"}],"wp:term":[{"taxonomy":"pwb-brand","embeddable":true,"href":"https:\/\/zakovice.si\/hr\/wp-json\/wp\/v2\/pwb-brand?post=5563"},{"taxonomy":"product_brand","embeddable":true,"href":"https:\/\/zakovice.si\/hr\/wp-json\/wp\/v2\/product_brand?post=5563"},{"taxonomy":"product_cat","embeddable":true,"href":"https:\/\/zakovice.si\/hr\/wp-json\/wp\/v2\/product_cat?post=5563"},{"taxonomy":"product_tag","embeddable":true,"href":"https:\/\/zakovice.si\/hr\/wp-json\/wp\/v2\/product_tag?post=5563"}],"curies":[{"name":"wp","href":"https:\/\/api.w.org\/{rel}","templated":true}]}}