{"id":5567,"date":"2022-08-29T13:47:33","date_gmt":"2022-08-29T11:47:33","guid":{"rendered":"https:\/\/zakovice.si\/izdelek\/bik-1\/"},"modified":"2022-08-29T13:47:33","modified_gmt":"2022-08-29T11:47:33","slug":"bik-1","status":"publish","type":"product","link":"https:\/\/zakovice.si\/hr\/proizvod\/bik-1\/","title":{"rendered":"BIK 1"},"content":{"rendered":"<p>&nbsp;<\/p>\n<p><strong>Zna\u010dajke:<\/strong><\/p>\n<ul>\n<li>Mlaznice za svaku dimenziju zakovice pohranjene u alatu<\/li>\n<li>isti hidrauli\u010dki sklop kao TAURUS 2 &#8211; omogu\u0107uje dugi vijek trajanja alata s dugim intervalima odr\u017eavanja<\/li>\n<li>integrirani vje\u0161alica za alat<\/li>\n<\/ul>\n<p>&nbsp;<\/p>\n<p>&nbsp;<\/p>\n<table border=\"1\" cellspacing=\"0\" cellpadding=\"0\">\n<tbody>\n<tr>\n<td valign=\"top\" width=\"307\"><b>Radno podru\u010dje<\/b><\/td>\n<td valign=\"top\" width=\"307\">Zakovice od \u00d8 2,4 do \u00d8 3,2 mm svih materijala, do \u00d8 4 mm. Maksimalna debljina aluminijskog trna zakovice \u00d8 2,5 mm.<\/td>\n<\/tr>\n<tr>\n<td valign=\"top\" width=\"307\"><b>Te\u017eina<\/b><\/td>\n<td valign=\"top\" width=\"307\">1,3 kg<\/td>\n<\/tr>\n<tr>\n<td valign=\"top\" width=\"307\"><b>Radni tlak<\/b><\/td>\n<td valign=\"top\" width=\"307\">6 bara<\/td>\n<\/tr>\n<tr>\n<td valign=\"top\" width=\"307\"><b>Hod alata (jedan)<\/b><\/td>\n<td valign=\"top\" width=\"307\">15 mm<\/td>\n<\/tr>\n<tr>\n<td valign=\"top\" width=\"307\"><b>Vu\u010dna sila<\/b><\/td>\n<td valign=\"top\" width=\"307\">5.500 N pri 6 bara<\/td>\n<\/tr>\n<\/tbody>\n<\/table>\n<p><strong>Sadr\u017ei:<\/strong><br \/>\n &#8211; Usnici: 4, \u00d8 1,8, 2,4 i 2,7 mm<br \/>\n &#8211; Boca s hidrauli\u010dkim uljem ISO VG32<br \/>\n &#8211; \u0160alica za punjenje<br \/>\n &#8211; Klju\u010d SW 12\/14<br \/>\n &#8211; Klju\u010d SW 14\/17<br \/>\n &#8211; Upute za uporabu <\/p>\n<p><strong> <\/strong><\/p>\n<p>&nbsp;<\/p>\n","protected":false},"excerpt":{"rendered":" <a href=\"http:\/\/www.zakovice.si\/wp-content\/uploads\/2016\/02\/Leaflet_TAURUS_1-SLO.pdf\" target=\"_blank\" rel=\"noopener\">Taurus 1 specifikacije.pdf<\/a>\n\n <a href=\"https:\/\/zakovice.si\/hr\/rad-i-odrzavanje-taurus-alata-1-6\/\" target=\"_blank\" rel=\"noopener\">VIDEO &#8211; rad i odr\u017eavanje alata Taurus 1.<\/a>","protected":false},"featured_media":2319,"template":"","meta":{"_acf_changed":false},"pwb-brand":[387],"product_brand":[],"product_cat":[331],"product_tag":[243,238],"class_list":{"0":"post-5567","1":"product","2":"type-product","3":"status-publish","4":"has-post-thumbnail","6":"pwb-brand-gesipa-hr","7":"product_cat-pneumatski-alati-hr","8":"product_tag-alati-za-postavljanje-zakovica","9":"product_tag-pneumatski-alati","11":"first","12":"instock","13":"shipping-taxable","14":"product-type-simple"},"acf":[],"brands":[{"id":387,"name":"GESIPA","slug":"gesipa-hr"}],"_links":{"self":[{"href":"https:\/\/zakovice.si\/hr\/wp-json\/wp\/v2\/product\/5567","targetHints":{"allow":["GET"]}}],"collection":[{"href":"https:\/\/zakovice.si\/hr\/wp-json\/wp\/v2\/product"}],"about":[{"href":"https:\/\/zakovice.si\/hr\/wp-json\/wp\/v2\/types\/product"}],"wp:featuredmedia":[{"embeddable":true,"href":"https:\/\/zakovice.si\/hr\/wp-json\/wp\/v2\/media\/2319"}],"wp:attachment":[{"href":"https:\/\/zakovice.si\/hr\/wp-json\/wp\/v2\/media?parent=5567"}],"wp:term":[{"taxonomy":"pwb-brand","embeddable":true,"href":"https:\/\/zakovice.si\/hr\/wp-json\/wp\/v2\/pwb-brand?post=5567"},{"taxonomy":"product_brand","embeddable":true,"href":"https:\/\/zakovice.si\/hr\/wp-json\/wp\/v2\/product_brand?post=5567"},{"taxonomy":"product_cat","embeddable":true,"href":"https:\/\/zakovice.si\/hr\/wp-json\/wp\/v2\/product_cat?post=5567"},{"taxonomy":"product_tag","embeddable":true,"href":"https:\/\/zakovice.si\/hr\/wp-json\/wp\/v2\/product_tag?post=5567"}],"curies":[{"name":"wp","href":"https:\/\/api.w.org\/{rel}","templated":true}]}}