{"id":5568,"date":"2022-08-29T13:47:33","date_gmt":"2022-08-29T11:47:33","guid":{"rendered":"https:\/\/zakovice.si\/izdelek\/ph-2-aksijalno\/"},"modified":"2022-08-29T13:47:33","modified_gmt":"2022-08-29T11:47:33","slug":"ph-2-aksijalno","status":"publish","type":"product","link":"https:\/\/zakovice.si\/hr\/proizvod\/ph-2-aksijalno\/","title":{"rendered":"PH 2 AKSIJALNO"},"content":{"rendered":"<p><strong>Zna\u010dajke:<\/strong><\/p>\n<ul>\n<li>Aksijalni dizajn za lak\u0161i rad i pristup<\/li>\n<li>integrirano vakuumsko usisavanje otkinutih trnja u \u0161alicu ili kroz crijevo u spremnik<\/li>\n<\/ul>\n<table border=\"1\" cellspacing=\"0\" cellpadding=\"0\">\n<tbody>\n<tr>\n<td valign=\"top\" width=\"307\"><b>Radno podru\u010dje<\/b><\/td>\n<td valign=\"top\" width=\"307\">Zakovice od \u00d8 4 do \u00d8 5 mm svih materijala, zakovice od \u00d8 2,4 do \u00d8 3,2 mm sa posebnim steznim \u010deljustima<\/td>\n<\/tr>\n<tr>\n<td valign=\"top\" width=\"307\"><b>Te\u017eina<\/b><\/td>\n<td valign=\"top\" width=\"307\">1,8 kg<\/td>\n<\/tr>\n<tr>\n<td valign=\"top\" width=\"307\"><b>Radni tlak<\/b><\/td>\n<td valign=\"top\" width=\"307\">6 bara<\/td>\n<\/tr>\n<tr>\n<td valign=\"top\" width=\"307\"><b>Hod alata (jedan)<\/b><\/td>\n<td valign=\"top\" width=\"307\">15 mm<\/td>\n<\/tr>\n<tr>\n<td valign=\"top\" width=\"307\"><b>Vu\u010dna sila<\/b><\/td>\n<td valign=\"top\" width=\"307\">7.375 N pri 5 bara<\/td>\n<\/tr>\n<\/tbody>\n<\/table>\n","protected":false},"excerpt":{"rendered":"<a href=\"\/pdf\/PH1_PH2_PHAXIAL.pdf\" target=\"_blank\" rel=\"noopener\"> PH 2 AKSIJSKE specifikacije.pdf<\/a>","protected":false},"featured_media":2318,"template":"","meta":{"_acf_changed":false},"pwb-brand":[],"product_brand":[],"product_cat":[331],"product_tag":[243,238],"class_list":{"0":"post-5568","1":"product","2":"type-product","3":"status-publish","4":"has-post-thumbnail","6":"product_cat-pneumatski-alati-hr","7":"product_tag-alati-za-postavljanje-zakovica","8":"product_tag-pneumatski-alati","10":"first","11":"instock","12":"shipping-taxable","13":"product-type-simple"},"acf":[],"brands":[],"_links":{"self":[{"href":"https:\/\/zakovice.si\/hr\/wp-json\/wp\/v2\/product\/5568","targetHints":{"allow":["GET"]}}],"collection":[{"href":"https:\/\/zakovice.si\/hr\/wp-json\/wp\/v2\/product"}],"about":[{"href":"https:\/\/zakovice.si\/hr\/wp-json\/wp\/v2\/types\/product"}],"wp:featuredmedia":[{"embeddable":true,"href":"https:\/\/zakovice.si\/hr\/wp-json\/wp\/v2\/media\/2318"}],"wp:attachment":[{"href":"https:\/\/zakovice.si\/hr\/wp-json\/wp\/v2\/media?parent=5568"}],"wp:term":[{"taxonomy":"pwb-brand","embeddable":true,"href":"https:\/\/zakovice.si\/hr\/wp-json\/wp\/v2\/pwb-brand?post=5568"},{"taxonomy":"product_brand","embeddable":true,"href":"https:\/\/zakovice.si\/hr\/wp-json\/wp\/v2\/product_brand?post=5568"},{"taxonomy":"product_cat","embeddable":true,"href":"https:\/\/zakovice.si\/hr\/wp-json\/wp\/v2\/product_cat?post=5568"},{"taxonomy":"product_tag","embeddable":true,"href":"https:\/\/zakovice.si\/hr\/wp-json\/wp\/v2\/product_tag?post=5568"}],"curies":[{"name":"wp","href":"https:\/\/api.w.org\/{rel}","templated":true}]}}