{"id":5571,"date":"2022-08-29T13:47:33","date_gmt":"2022-08-29T11:47:33","guid":{"rendered":"https:\/\/zakovice.si\/izdelek\/bik-4\/"},"modified":"2022-08-29T13:47:33","modified_gmt":"2022-08-29T11:47:33","slug":"bik-4","status":"publish","type":"product","link":"https:\/\/zakovice.si\/hr\/proizvod\/bik-4\/","title":{"rendered":"BIK 4"},"content":{"rendered":"<p><strong>Zna\u010dajke:<\/strong><\/p>\n<ul>\n<li>TAURUS 4 nudi veliku vu\u010dnu snagu za uvrtanje konstrukcijskih zakovica promjera \u00d8 6,4 mm<\/li>\n<\/ul>\n<p><a href=\"\/pdf\/Taurus-Range_13456.pdf\" target=\"_blank\" rel=\"noopener\">  Taurus 4 specifikacije.pdf<\/a><\/p>\n<p><a href=\"https:\/\/zakovice.si\/hr\/rad-i-odrzavanje-taurus-alata-1-6\/\" target=\"_blank\" rel=\"noopener\">VIDEO &#8211; rad i odr\u017eavanje alata Taurus 4.<\/a><\/p>\n<table border=\"1\" cellspacing=\"0\" cellpadding=\"0\">\n<tbody>\n<tr>\n<td valign=\"top\" width=\"307\"><b>Radno podru\u010dje<\/b><\/td>\n<td valign=\"top\" width=\"307\">Zakovice do \u00d8 6,4 mm od svih materijala, uklju\u010duju\u0107i konstrukcijske zakovice<\/td>\n<\/tr>\n<tr>\n<td valign=\"top\" width=\"307\"><b>Te\u017eina<\/b><\/td>\n<td valign=\"top\" width=\"307\">2,0 kg<\/td>\n<\/tr>\n<tr>\n<td valign=\"top\" width=\"307\"><b>Radni tlak<\/b><\/td>\n<td valign=\"top\" width=\"307\">6 bara<\/td>\n<\/tr>\n<tr>\n<td valign=\"top\" width=\"307\"><b>Hod alata (jedan)<\/b><\/td>\n<td valign=\"top\" width=\"307\">19 mm<\/td>\n<\/tr>\n<tr>\n<td valign=\"top\" width=\"307\"><b>Vu\u010dna sila<\/b><\/td>\n<td valign=\"top\" width=\"307\">23.000 N pri 6 bara<\/td>\n<\/tr>\n<\/tbody>\n<\/table>\n","protected":false},"excerpt":{"rendered":" <a href=\"\/pdf\/Taurus-Range_13456.pdf\" target=\"_blank\" rel=\"noopener\">Taurus 4 specifikacije.pdf<\/a>\n\n <a href=\"https:\/\/zakovice.si\/hr\/rad-i-odrzavanje-taurus-alata-1-6\/\" target=\"_blank\" rel=\"noopener\">VIDEO &#8211; rad i odr\u017eavanje alata Taurus 4.<\/a>","protected":false},"featured_media":2322,"template":"","meta":{"_acf_changed":false},"pwb-brand":[],"product_brand":[],"product_cat":[331],"product_tag":[243,238],"class_list":{"0":"post-5571","1":"product","2":"type-product","3":"status-publish","4":"has-post-thumbnail","6":"product_cat-pneumatski-alati-hr","7":"product_tag-alati-za-postavljanje-zakovica","8":"product_tag-pneumatski-alati","10":"first","11":"instock","12":"shipping-taxable","13":"product-type-simple"},"acf":[],"brands":[],"_links":{"self":[{"href":"https:\/\/zakovice.si\/hr\/wp-json\/wp\/v2\/product\/5571","targetHints":{"allow":["GET"]}}],"collection":[{"href":"https:\/\/zakovice.si\/hr\/wp-json\/wp\/v2\/product"}],"about":[{"href":"https:\/\/zakovice.si\/hr\/wp-json\/wp\/v2\/types\/product"}],"wp:featuredmedia":[{"embeddable":true,"href":"https:\/\/zakovice.si\/hr\/wp-json\/wp\/v2\/media\/2322"}],"wp:attachment":[{"href":"https:\/\/zakovice.si\/hr\/wp-json\/wp\/v2\/media?parent=5571"}],"wp:term":[{"taxonomy":"pwb-brand","embeddable":true,"href":"https:\/\/zakovice.si\/hr\/wp-json\/wp\/v2\/pwb-brand?post=5571"},{"taxonomy":"product_brand","embeddable":true,"href":"https:\/\/zakovice.si\/hr\/wp-json\/wp\/v2\/product_brand?post=5571"},{"taxonomy":"product_cat","embeddable":true,"href":"https:\/\/zakovice.si\/hr\/wp-json\/wp\/v2\/product_cat?post=5571"},{"taxonomy":"product_tag","embeddable":true,"href":"https:\/\/zakovice.si\/hr\/wp-json\/wp\/v2\/product_tag?post=5571"}],"curies":[{"name":"wp","href":"https:\/\/api.w.org\/{rel}","templated":true}]}}