{"id":5572,"date":"2022-08-29T13:47:48","date_gmt":"2022-08-29T11:47:48","guid":{"rendered":"https:\/\/zakovice.si\/izdelek\/gesipa-firefox\/"},"modified":"2022-08-29T13:47:48","modified_gmt":"2022-08-29T11:47:48","slug":"gesipa-firefox","status":"publish","type":"product","link":"https:\/\/zakovice.si\/hr\/proizvod\/gesipa-firefox\/","title":{"rendered":"GESIPA FireFox"},"content":{"rendered":"<p><strong>Zna\u010dajke:<\/strong><\/p>\n<ul>\n<li>Dvostruko pode\u0161avanje zakivanja: pode\u0161avanje napetosti ili pode\u0161avanje sile zakivanja za preciznu deformaciju slijepe matice<\/li>\n<li>kompozitna konstrukcija &#8211; visoka \u010dvrsto\u0107a i mala te\u017eina alata<\/li>\n<li>Dostupne mlaznice i trnovi M3, M4, M5, M6, M8, M10 i M12; adapteri za zakovice M4, M5, M6 i M8<\/li>\n<\/ul>\n<table border=\"1\" cellspacing=\"0\" cellpadding=\"0\">\n<tbody>\n<tr>\n<td valign=\"top\" width=\"307\"><b>Radno podru\u010dje<\/b><\/td>\n<td valign=\"top\" width=\"307\">Od M3 do M10 svi materijali, M12 aluminij i fe<\/td>\n<\/tr>\n<tr>\n<td valign=\"top\" width=\"307\"><b>Te\u017eina<\/b><\/td>\n<td valign=\"top\" width=\"307\">2,4 kg<\/td>\n<\/tr>\n<tr>\n<td valign=\"top\" width=\"307\"><b>Radni tlak<\/b><\/td>\n<td valign=\"top\" width=\"307\">6 bara<\/td>\n<\/tr>\n<tr>\n<td valign=\"top\" width=\"307\"><b>Hod alata (jedan)<\/b><\/td>\n<td valign=\"top\" width=\"307\">10 mm<\/td>\n<\/tr>\n<tr>\n<td valign=\"top\" width=\"307\"><b>Vu\u010dna sila<\/b><\/td>\n<td valign=\"top\" width=\"307\">18.500 N pri 5 bara<\/td>\n<\/tr>\n<\/tbody>\n<\/table>\n","protected":false},"excerpt":{"rendered":"<a href=\"\/pdf\/FireFox_SLO.pdf\" target=\"_blank\" rel=\"noopener noreferrer\"> Specifikacije za FireFox.pdf<\/a>","protected":false},"featured_media":2379,"template":"","meta":{"_acf_changed":false},"pwb-brand":[],"product_brand":[],"product_cat":[261],"product_tag":[236,238],"class_list":{"0":"post-5572","1":"product","2":"type-product","3":"status-publish","4":"has-post-thumbnail","6":"product_cat-pneumatski-alati","7":"product_tag-alati-za-slijepo-zakivanje","8":"product_tag-pneumatski-alati","10":"first","11":"instock","12":"shipping-taxable","13":"product-type-simple"},"acf":[],"brands":[],"_links":{"self":[{"href":"https:\/\/zakovice.si\/hr\/wp-json\/wp\/v2\/product\/5572","targetHints":{"allow":["GET"]}}],"collection":[{"href":"https:\/\/zakovice.si\/hr\/wp-json\/wp\/v2\/product"}],"about":[{"href":"https:\/\/zakovice.si\/hr\/wp-json\/wp\/v2\/types\/product"}],"wp:featuredmedia":[{"embeddable":true,"href":"https:\/\/zakovice.si\/hr\/wp-json\/wp\/v2\/media\/2379"}],"wp:attachment":[{"href":"https:\/\/zakovice.si\/hr\/wp-json\/wp\/v2\/media?parent=5572"}],"wp:term":[{"taxonomy":"pwb-brand","embeddable":true,"href":"https:\/\/zakovice.si\/hr\/wp-json\/wp\/v2\/pwb-brand?post=5572"},{"taxonomy":"product_brand","embeddable":true,"href":"https:\/\/zakovice.si\/hr\/wp-json\/wp\/v2\/product_brand?post=5572"},{"taxonomy":"product_cat","embeddable":true,"href":"https:\/\/zakovice.si\/hr\/wp-json\/wp\/v2\/product_cat?post=5572"},{"taxonomy":"product_tag","embeddable":true,"href":"https:\/\/zakovice.si\/hr\/wp-json\/wp\/v2\/product_tag?post=5572"}],"curies":[{"name":"wp","href":"https:\/\/api.w.org\/{rel}","templated":true}]}}