{"id":5575,"date":"2022-08-29T13:47:48","date_gmt":"2022-08-29T11:47:48","guid":{"rendered":"https:\/\/zakovice.si\/izdelek\/gesipa-zar-ptica\/"},"modified":"2022-08-29T13:47:48","modified_gmt":"2022-08-29T11:47:48","slug":"gesipa-zar-ptica","status":"publish","type":"product","link":"https:\/\/zakovice.si\/hr\/proizvod\/gesipa-zar-ptica\/","title":{"rendered":"GESIPA \u017dar ptica"},"content":{"rendered":"<p><strong>Zna\u010dajke:<\/strong><\/p>\n<ul>\n<li>Set ili \u010da\u0161ica za alat uklju\u010duje navojne trnove i mlaznice M4, M5 i M6; dodatne mlaznice i trnovi M3, M8 i M10 dostupni su zasebno. <\/li>\n<li>Podesivi mehanizam zatezanja sprje\u010dava deformaciju navoja matice<\/li>\n<li>Produ\u017eene mlaznice i \u0161iljci dostupni za te\u0161ko dostupna mjesta<\/li>\n<\/ul>\n<table border=\"1\" cellspacing=\"0\" cellpadding=\"0\">\n<tbody>\n<tr>\n<td valign=\"top\" width=\"307\"><b>Radno podru\u010dje<\/b><\/td>\n<td valign=\"top\" width=\"307\">Od M3 do M10 Alu, do M8 Fe i do M6 nehr\u0111aju\u0107i \u010delik<\/td>\n<\/tr>\n<tr>\n<td valign=\"top\" width=\"307\"><b>Te\u017eina<\/b><\/td>\n<td valign=\"top\" width=\"307\">2,2 kg<\/td>\n<\/tr>\n<tr>\n<td valign=\"top\" width=\"307\"><b>Vu\u010dna sila<\/b><\/td>\n<td valign=\"top\" width=\"307\">13.000 NGN<\/td>\n<\/tr>\n<tr>\n<td valign=\"top\" width=\"307\"><b>Hod alata (jedan)<\/b><\/td>\n<td valign=\"top\" width=\"307\">5,5 mm<\/td>\n<\/tr>\n<tr>\n<td valign=\"top\" width=\"307\"><b>Baterija<\/b><\/td>\n<td valign=\"top\" width=\"307\">14,4 V punjiva Li-ionska baterija 1,3 Ah<\/td>\n<\/tr>\n<tr>\n<td valign=\"top\" width=\"307\"><b>Punja\u010d<\/b><\/td>\n<td valign=\"top\" width=\"307\">230 V \/ 50 Hz, vrijeme punjenja 50 min.<\/td>\n<\/tr>\n<\/tbody>\n<\/table>\n","protected":false},"excerpt":{"rendered":"<a href=\"http:\/\/www.zakovice.si\/wp-content\/uploads\/2014\/02\/Prospekt-FireBird-ANG.pdf\">Bro\u0161ura FireBird ANG<\/a>","protected":false},"featured_media":2377,"template":"","meta":{"_acf_changed":false},"pwb-brand":[],"product_brand":[],"product_cat":[234],"product_tag":[236,235],"class_list":{"0":"post-5575","1":"product","2":"type-product","3":"status-publish","4":"has-post-thumbnail","6":"product_cat-bezicni-alati","7":"product_tag-alati-za-slijepo-zakivanje","8":"product_tag-bezicni-alati","10":"first","11":"instock","12":"shipping-taxable","13":"product-type-simple"},"acf":[],"brands":[],"_links":{"self":[{"href":"https:\/\/zakovice.si\/hr\/wp-json\/wp\/v2\/product\/5575","targetHints":{"allow":["GET"]}}],"collection":[{"href":"https:\/\/zakovice.si\/hr\/wp-json\/wp\/v2\/product"}],"about":[{"href":"https:\/\/zakovice.si\/hr\/wp-json\/wp\/v2\/types\/product"}],"wp:featuredmedia":[{"embeddable":true,"href":"https:\/\/zakovice.si\/hr\/wp-json\/wp\/v2\/media\/2377"}],"wp:attachment":[{"href":"https:\/\/zakovice.si\/hr\/wp-json\/wp\/v2\/media?parent=5575"}],"wp:term":[{"taxonomy":"pwb-brand","embeddable":true,"href":"https:\/\/zakovice.si\/hr\/wp-json\/wp\/v2\/pwb-brand?post=5575"},{"taxonomy":"product_brand","embeddable":true,"href":"https:\/\/zakovice.si\/hr\/wp-json\/wp\/v2\/product_brand?post=5575"},{"taxonomy":"product_cat","embeddable":true,"href":"https:\/\/zakovice.si\/hr\/wp-json\/wp\/v2\/product_cat?post=5575"},{"taxonomy":"product_tag","embeddable":true,"href":"https:\/\/zakovice.si\/hr\/wp-json\/wp\/v2\/product_tag?post=5575"}],"curies":[{"name":"wp","href":"https:\/\/api.w.org\/{rel}","templated":true}]}}