{"id":5577,"date":"2022-08-29T13:47:48","date_gmt":"2022-08-29T11:47:48","guid":{"rendered":"https:\/\/zakovice.si\/izdelek\/gbm-10\/"},"modified":"2022-08-29T13:47:48","modified_gmt":"2022-08-29T11:47:48","slug":"gbm-10","status":"publish","type":"product","link":"https:\/\/zakovice.si\/hr\/proizvod\/gbm-10\/","title":{"rendered":"GBM 10"},"content":{"rendered":"<p><strong>Zna\u010dajke:<\/strong><\/p>\n<ul>\n<li>jednostavno pode\u0161avanje hoda<\/li>\n<li>brza zamjena navojnog trna bez upotrebe alata<\/li>\n<li>Dostupni usnici i trnovi: M3, M4, M5 i M6<\/li>\n<\/ul>\n<p>&nbsp;<\/p>\n<table border=\"1\" cellspacing=\"0\" cellpadding=\"0\">\n<tbody>\n<tr>\n<td valign=\"top\" width=\"307\"><b>Radno podru\u010dje<\/b><\/td>\n<td valign=\"top\" width=\"307\">Od M3 do M5 svi materijali, do M6 aluminij<\/td>\n<\/tr>\n<tr>\n<td valign=\"top\" width=\"307\"><b>Te\u017eina<\/b><\/td>\n<td valign=\"top\" width=\"307\">0,6 kg<\/td>\n<\/tr>\n<tr>\n<td valign=\"top\" width=\"307\"><b>Duljina<\/b><\/td>\n<td valign=\"top\" width=\"307\">260 mm<\/td>\n<\/tr>\n<tr>\n<td valign=\"top\" width=\"307\"><b>Hod alata (jedan)<\/b><\/td>\n<td valign=\"top\" width=\"307\">7,0 mm<\/td>\n<\/tr>\n<\/tbody>\n<\/table>\n","protected":false},"excerpt":{"rendered":"Zna\u010dajke: jednostavno pode\u0161avanje hoda brza zamjena navojnog trna bez upotrebe alata Dostupni usnici i trnovi: M3, M4, M5 i M6 &nbsp; Radno podru\u010dje Od M3 do M5 svi materijali, do M6 aluminij Te\u017eina 0,6 kg Duljina 260 mm Hod alata (jedan) 7,0 mm","protected":false},"featured_media":2374,"template":"","meta":{"_acf_changed":false},"pwb-brand":[],"product_brand":[],"product_cat":[255],"product_tag":[236,256],"class_list":{"0":"post-5577","1":"product","2":"type-product","3":"status-publish","4":"has-post-thumbnail","6":"product_cat-rucni-alati","7":"product_tag-alati-za-slijepo-zakivanje","8":"product_tag-rucni-alati","10":"first","11":"instock","12":"shipping-taxable","13":"product-type-simple"},"acf":[],"brands":[],"_links":{"self":[{"href":"https:\/\/zakovice.si\/hr\/wp-json\/wp\/v2\/product\/5577","targetHints":{"allow":["GET"]}}],"collection":[{"href":"https:\/\/zakovice.si\/hr\/wp-json\/wp\/v2\/product"}],"about":[{"href":"https:\/\/zakovice.si\/hr\/wp-json\/wp\/v2\/types\/product"}],"wp:featuredmedia":[{"embeddable":true,"href":"https:\/\/zakovice.si\/hr\/wp-json\/wp\/v2\/media\/2374"}],"wp:attachment":[{"href":"https:\/\/zakovice.si\/hr\/wp-json\/wp\/v2\/media?parent=5577"}],"wp:term":[{"taxonomy":"pwb-brand","embeddable":true,"href":"https:\/\/zakovice.si\/hr\/wp-json\/wp\/v2\/pwb-brand?post=5577"},{"taxonomy":"product_brand","embeddable":true,"href":"https:\/\/zakovice.si\/hr\/wp-json\/wp\/v2\/product_brand?post=5577"},{"taxonomy":"product_cat","embeddable":true,"href":"https:\/\/zakovice.si\/hr\/wp-json\/wp\/v2\/product_cat?post=5577"},{"taxonomy":"product_tag","embeddable":true,"href":"https:\/\/zakovice.si\/hr\/wp-json\/wp\/v2\/product_tag?post=5577"}],"curies":[{"name":"wp","href":"https:\/\/api.w.org\/{rel}","templated":true}]}}