{"id":5579,"date":"2022-08-29T13:47:33","date_gmt":"2022-08-29T11:47:33","guid":{"rendered":"https:\/\/zakovice.si\/izdelek\/glave-zakovica-za-taurus-5-i-6\/"},"modified":"2022-08-29T13:47:33","modified_gmt":"2022-08-29T11:47:33","slug":"glave-zakovica-za-taurus-5-i-6","status":"publish","type":"product","link":"https:\/\/zakovice.si\/hr\/proizvod\/glave-zakovica-za-taurus-5-i-6\/","title":{"rendered":"Glave zakovica za TAURUS 5 i 6"},"content":{"rendered":"<p><strong>Zna\u010dajke:<\/strong><\/p>\n<ul>\n<li>Za zakivanje dvodijelnih zakovica, pi\u0161tolji TAURUS 5 i TAURUS 6 moraju biti opremljeni odgovaraju\u0107om glavom zakovice, ovisno o promjeru zakovice.<\/li>\n<\/ul>\n<p>&nbsp;<\/p>\n<table border=\"1\" cellspacing=\"0\" cellpadding=\"0\">\n<tbody>\n<tr>\n<td valign=\"top\" width=\"307\"><b>Radno podru\u010dje<\/b><\/td>\n<td valign=\"top\" width=\"307\">TIBULB\u00ae dvodijelne zakovice \u00d8 7,8 mm i MAGNALOCK\u00ae, AVTAINER\u00ae i MAXLOK\u00ae dvodijelne zakovice \u00d8 9,8 mm<\/td>\n<\/tr>\n<\/tbody>\n<\/table>\n","protected":false},"excerpt":{"rendered":"Zna\u010dajke: Za zakivanje dvodijelnih zakovica, pi\u0161tolji TAURUS 5 i TAURUS 6 moraju biti opremljeni odgovaraju\u0107om glavom zakovice, ovisno o promjeru zakovice. &nbsp; Radno podru\u010dje TIBULB\u00ae dvodijelne zakovice \u00d8 7,8 mm i MAGNALOCK\u00ae, AVTAINER\u00ae i MAXLOK\u00ae dvodijelne zakovice \u00d8 9,8 mm","protected":false},"featured_media":2325,"template":"","meta":{"_acf_changed":false},"pwb-brand":[],"product_brand":[],"product_cat":[331],"product_tag":[243,238],"class_list":{"0":"post-5579","1":"product","2":"type-product","3":"status-publish","4":"has-post-thumbnail","6":"product_cat-pneumatski-alati-hr","7":"product_tag-alati-za-postavljanje-zakovica","8":"product_tag-pneumatski-alati","10":"first","11":"instock","12":"shipping-taxable","13":"product-type-simple"},"acf":[],"brands":[],"_links":{"self":[{"href":"https:\/\/zakovice.si\/hr\/wp-json\/wp\/v2\/product\/5579","targetHints":{"allow":["GET"]}}],"collection":[{"href":"https:\/\/zakovice.si\/hr\/wp-json\/wp\/v2\/product"}],"about":[{"href":"https:\/\/zakovice.si\/hr\/wp-json\/wp\/v2\/types\/product"}],"wp:featuredmedia":[{"embeddable":true,"href":"https:\/\/zakovice.si\/hr\/wp-json\/wp\/v2\/media\/2325"}],"wp:attachment":[{"href":"https:\/\/zakovice.si\/hr\/wp-json\/wp\/v2\/media?parent=5579"}],"wp:term":[{"taxonomy":"pwb-brand","embeddable":true,"href":"https:\/\/zakovice.si\/hr\/wp-json\/wp\/v2\/pwb-brand?post=5579"},{"taxonomy":"product_brand","embeddable":true,"href":"https:\/\/zakovice.si\/hr\/wp-json\/wp\/v2\/product_brand?post=5579"},{"taxonomy":"product_cat","embeddable":true,"href":"https:\/\/zakovice.si\/hr\/wp-json\/wp\/v2\/product_cat?post=5579"},{"taxonomy":"product_tag","embeddable":true,"href":"https:\/\/zakovice.si\/hr\/wp-json\/wp\/v2\/product_tag?post=5579"}],"curies":[{"name":"wp","href":"https:\/\/api.w.org\/{rel}","templated":true}]}}