{"id":5580,"date":"2022-08-29T13:47:33","date_gmt":"2022-08-29T11:47:33","guid":{"rendered":"https:\/\/zakovice.si\/izdelek\/kante-za-sakupljanje-thorn\/"},"modified":"2022-08-29T13:47:33","modified_gmt":"2022-08-29T11:47:33","slug":"kante-za-sakupljanje-thorn","status":"publish","type":"product","link":"https:\/\/zakovice.si\/hr\/proizvod\/kante-za-sakupljanje-thorn\/","title":{"rendered":"Kante za sakupljanje Thorn"},"content":{"rendered":"<p>Uz standardne brzootpu\u0161taju\u0107e \u010da\u0161ice za seriju TAURUS, GESIPA nudi dvije dodatne opcije:<\/p>\n<ul>\n<li>fiksni lijevak &#8211; pra\u017enjenje se vr\u0161i okretanjem vanjskog dijela lijevka<\/li>\n<li>Izravno usisavanje trnova kroz cijev u udaljeni sakuplja\u010d; \u010desto pra\u017enjenje lijevka trnova vi\u0161e nije potrebno<\/li>\n<\/ul>\n","protected":false},"excerpt":{"rendered":"Uz standardne brzootpu\u0161taju\u0107e \u010da\u0161ice za seriju TAURUS, GESIPA nudi dvije dodatne opcije: fiksni lijevak &#8211; pra\u017enjenje se vr\u0161i okretanjem vanjskog dijela lijevka Izravno usisavanje trnova kroz cijev u udaljeni sakuplja\u010d; \u010desto pra\u017enjenje lijevka trnova vi\u0161e nije potrebno","protected":false},"featured_media":2330,"template":"","meta":{"_acf_changed":false},"pwb-brand":[],"product_brand":[],"product_cat":[327],"product_tag":[243,328],"class_list":{"0":"post-5580","1":"product","2":"type-product","3":"status-publish","4":"has-post-thumbnail","6":"product_cat-pribor-za-bika","7":"product_tag-alati-za-postavljanje-zakovica","8":"product_tag-pribor-za-bika","10":"first","11":"instock","12":"shipping-taxable","13":"product-type-simple"},"acf":[],"brands":[],"_links":{"self":[{"href":"https:\/\/zakovice.si\/hr\/wp-json\/wp\/v2\/product\/5580","targetHints":{"allow":["GET"]}}],"collection":[{"href":"https:\/\/zakovice.si\/hr\/wp-json\/wp\/v2\/product"}],"about":[{"href":"https:\/\/zakovice.si\/hr\/wp-json\/wp\/v2\/types\/product"}],"wp:featuredmedia":[{"embeddable":true,"href":"https:\/\/zakovice.si\/hr\/wp-json\/wp\/v2\/media\/2330"}],"wp:attachment":[{"href":"https:\/\/zakovice.si\/hr\/wp-json\/wp\/v2\/media?parent=5580"}],"wp:term":[{"taxonomy":"pwb-brand","embeddable":true,"href":"https:\/\/zakovice.si\/hr\/wp-json\/wp\/v2\/pwb-brand?post=5580"},{"taxonomy":"product_brand","embeddable":true,"href":"https:\/\/zakovice.si\/hr\/wp-json\/wp\/v2\/product_brand?post=5580"},{"taxonomy":"product_cat","embeddable":true,"href":"https:\/\/zakovice.si\/hr\/wp-json\/wp\/v2\/product_cat?post=5580"},{"taxonomy":"product_tag","embeddable":true,"href":"https:\/\/zakovice.si\/hr\/wp-json\/wp\/v2\/product_tag?post=5580"}],"curies":[{"name":"wp","href":"https:\/\/api.w.org\/{rel}","templated":true}]}}