{"id":5581,"date":"2022-08-29T13:47:33","date_gmt":"2022-08-29T11:47:33","guid":{"rendered":"https:\/\/zakovice.si\/izdelek\/okidac-pritiska\/"},"modified":"2022-08-29T13:47:33","modified_gmt":"2022-08-29T11:47:33","slug":"okidac-pritiska","status":"publish","type":"product","link":"https:\/\/zakovice.si\/hr\/proizvod\/okidac-pritiska\/","title":{"rendered":"Okida\u010d pritiska"},"content":{"rendered":"<p>Okida\u010d pritiska <strong>osigurava da su materijali koji se zakivaju potpuno pritisnuti jedan prema drugome prije nego \u0161to alat pogura zakovicu.<\/strong> Mehanizam sprje\u010dava okidanje alata prije nego \u0161to se postigne unaprijed postavljeni tlak u glavi alata. Sigurnosni ventil na glavi alata uvjetuje tlak okida\u010dkog ventila alata. Zakivanje je mogu\u0107e samo kada su oba ventila istovremeno otvorena i kada korisnik pritisne glavu alata. Drugim rije\u010dima, okidanje je mogu\u0107e samo kada je zakovica 100% umetnuta.   <\/p>\n","protected":false},"excerpt":{"rendered":"Okida\u010d pritiska osigurava da su materijali koji se zakivaju potpuno pritisnuti jedan prema drugome prije nego \u0161to alat pogura zakovicu. Mehanizam sprje\u010dava okidanje alata prije nego \u0161to se postigne unaprijed postavljeni tlak u glavi alata. Sigurnosni ventil na glavi alata uvjetuje tlak okida\u010dkog ventila alata. Zakivanje je mogu\u0107e samo kada su oba ventila istovremeno otvorena&#8230; <a class=\"view-article\" href=\"https:\/\/zakovice.si\/hr\/proizvod\/okidac-pritiska\/\">Pogledajte \u010dlanak<\/a>","protected":false},"featured_media":2329,"template":"","meta":{"_acf_changed":false},"pwb-brand":[],"product_brand":[],"product_cat":[327],"product_tag":[243,328],"class_list":{"0":"post-5581","1":"product","2":"type-product","3":"status-publish","4":"has-post-thumbnail","6":"product_cat-pribor-za-bika","7":"product_tag-alati-za-postavljanje-zakovica","8":"product_tag-pribor-za-bika","10":"first","11":"instock","12":"shipping-taxable","13":"product-type-simple"},"acf":[],"brands":[],"_links":{"self":[{"href":"https:\/\/zakovice.si\/hr\/wp-json\/wp\/v2\/product\/5581","targetHints":{"allow":["GET"]}}],"collection":[{"href":"https:\/\/zakovice.si\/hr\/wp-json\/wp\/v2\/product"}],"about":[{"href":"https:\/\/zakovice.si\/hr\/wp-json\/wp\/v2\/types\/product"}],"wp:featuredmedia":[{"embeddable":true,"href":"https:\/\/zakovice.si\/hr\/wp-json\/wp\/v2\/media\/2329"}],"wp:attachment":[{"href":"https:\/\/zakovice.si\/hr\/wp-json\/wp\/v2\/media?parent=5581"}],"wp:term":[{"taxonomy":"pwb-brand","embeddable":true,"href":"https:\/\/zakovice.si\/hr\/wp-json\/wp\/v2\/pwb-brand?post=5581"},{"taxonomy":"product_brand","embeddable":true,"href":"https:\/\/zakovice.si\/hr\/wp-json\/wp\/v2\/product_brand?post=5581"},{"taxonomy":"product_cat","embeddable":true,"href":"https:\/\/zakovice.si\/hr\/wp-json\/wp\/v2\/product_cat?post=5581"},{"taxonomy":"product_tag","embeddable":true,"href":"https:\/\/zakovice.si\/hr\/wp-json\/wp\/v2\/product_tag?post=5581"}],"curies":[{"name":"wp","href":"https:\/\/api.w.org\/{rel}","templated":true}]}}