{"id":5582,"date":"2022-08-29T13:47:33","date_gmt":"2022-08-29T11:47:33","guid":{"rendered":"https:\/\/zakovice.si\/izdelek\/produzene-glave-zakovica\/"},"modified":"2022-08-29T13:47:33","modified_gmt":"2022-08-29T11:47:33","slug":"produzene-glave-zakovica","status":"publish","type":"product","link":"https:\/\/zakovice.si\/hr\/proizvod\/produzene-glave-zakovica\/","title":{"rendered":"Produ\u017eene glave zakovica"},"content":{"rendered":"<p><strong>Produ\u017eene glave zakovica izvrstan su izbor za pristup te\u0161ko dostupnim mjestima<\/strong> ili za zakivanje u uskim \u017eljebovima. GESIPA nudi produ\u017eene glave zakovica u dvije varijante: <\/p>\n<ul>\n<li>produ\u017eena standardna glava za 50 mm<\/li>\n<li>produ\u017eena standardna glava za 100 mm<\/li>\n<\/ul>\n<p>Produ\u017eetak se sastoji od tri komponente i produ\u017euje ukupnu duljinu glave zakovice na 106 mm (produ\u017eetak od 50 mm) i na 156 mm (produ\u017eetak od 100 mm). Promjer produ\u017eene glave zakovice je 22,5 mm i ostaje isti po cijeloj duljini produ\u017eetka. Za ugradnju produ\u017eetka nije potreban nikakav poseban alat.  <\/p>\n","protected":false},"excerpt":{"rendered":"Produ\u017eene glave zakovica izvrstan su izbor za pristup te\u0161ko dostupnim mjestima ili za zakivanje u uskim \u017eljebovima. GESIPA nudi produ\u017eene glave zakovica u dvije varijante: produ\u017eena standardna glava za 50 mm produ\u017eena standardna glava za 100 mm Produ\u017eetak se sastoji od tri komponente i produ\u017euje ukupnu duljinu glave zakovice na 106 mm (produ\u017eetak od 50&#8230; <a class=\"view-article\" href=\"https:\/\/zakovice.si\/hr\/proizvod\/produzene-glave-zakovica\/\">Pogledajte \u010dlanak<\/a>","protected":false},"featured_media":2328,"template":"","meta":{"_acf_changed":false},"pwb-brand":[],"product_brand":[],"product_cat":[327],"product_tag":[243,328],"class_list":{"0":"post-5582","1":"product","2":"type-product","3":"status-publish","4":"has-post-thumbnail","6":"product_cat-pribor-za-bika","7":"product_tag-alati-za-postavljanje-zakovica","8":"product_tag-pribor-za-bika","10":"first","11":"instock","12":"shipping-taxable","13":"product-type-simple"},"acf":[],"brands":[],"_links":{"self":[{"href":"https:\/\/zakovice.si\/hr\/wp-json\/wp\/v2\/product\/5582","targetHints":{"allow":["GET"]}}],"collection":[{"href":"https:\/\/zakovice.si\/hr\/wp-json\/wp\/v2\/product"}],"about":[{"href":"https:\/\/zakovice.si\/hr\/wp-json\/wp\/v2\/types\/product"}],"wp:featuredmedia":[{"embeddable":true,"href":"https:\/\/zakovice.si\/hr\/wp-json\/wp\/v2\/media\/2328"}],"wp:attachment":[{"href":"https:\/\/zakovice.si\/hr\/wp-json\/wp\/v2\/media?parent=5582"}],"wp:term":[{"taxonomy":"pwb-brand","embeddable":true,"href":"https:\/\/zakovice.si\/hr\/wp-json\/wp\/v2\/pwb-brand?post=5582"},{"taxonomy":"product_brand","embeddable":true,"href":"https:\/\/zakovice.si\/hr\/wp-json\/wp\/v2\/product_brand?post=5582"},{"taxonomy":"product_cat","embeddable":true,"href":"https:\/\/zakovice.si\/hr\/wp-json\/wp\/v2\/product_cat?post=5582"},{"taxonomy":"product_tag","embeddable":true,"href":"https:\/\/zakovice.si\/hr\/wp-json\/wp\/v2\/product_tag?post=5582"}],"curies":[{"name":"wp","href":"https:\/\/api.w.org\/{rel}","templated":true}]}}