{"id":5583,"date":"2022-08-29T13:47:33","date_gmt":"2022-08-29T11:47:33","guid":{"rendered":"https:\/\/zakovice.si\/izdelek\/taurex-1-6\/"},"modified":"2022-08-29T13:47:33","modified_gmt":"2022-08-29T11:47:33","slug":"taurex-1-6","status":"publish","type":"product","link":"https:\/\/zakovice.si\/hr\/proizvod\/taurex-1-6\/","title":{"rendered":"TAUREX 1-6"},"content":{"rendered":"<p><strong>Zna\u010dajke:<\/strong><\/p>\n<ul>\n<li>manja te\u017eina dr\u0161ke alata, lak\u0161e zakivanje i pristup mjestu zakivanja<\/li>\n<li>Spajanje hidrauli\u010dnih crijeva izme\u0111u zra\u010dnog i hidrauli\u010dkog dijela brzim spojnicama &#8211; nema curenja komprimiranog zraka, nema curenja hidrauli\u010dkog ulja<\/li>\n<li>idealno za zakivanje na te\u0161ko dostupnim mjestima<\/li>\n<li>idealno za fiksnu instalaciju u proizvodnim linijama ili poluautomatskim radnim stanicama<\/li>\n<li>dostupno s dodatnim opcijama: produ\u017eene glave zakovica, spremnici trnova, broja\u010di zakovica, kontrola zakovica, okida\u010d pod pritiskom ili daljinski okida\u010d<\/li>\n<\/ul>\n","protected":false},"excerpt":{"rendered":"<a href=\"http:\/\/www.zakovice.si\/wp-content\/uploads\/2014\/02\/Prospekt-Taurex-NEM.pdf\">Taurex NEM bro\u0161ura<\/a>","protected":false},"featured_media":2326,"template":"","meta":{"_acf_changed":false},"pwb-brand":[],"product_brand":[],"product_cat":[331],"product_tag":[243,238],"class_list":{"0":"post-5583","1":"product","2":"type-product","3":"status-publish","4":"has-post-thumbnail","6":"product_cat-pneumatski-alati-hr","7":"product_tag-alati-za-postavljanje-zakovica","8":"product_tag-pneumatski-alati","10":"first","11":"instock","12":"shipping-taxable","13":"product-type-simple"},"acf":[],"brands":[],"_links":{"self":[{"href":"https:\/\/zakovice.si\/hr\/wp-json\/wp\/v2\/product\/5583","targetHints":{"allow":["GET"]}}],"collection":[{"href":"https:\/\/zakovice.si\/hr\/wp-json\/wp\/v2\/product"}],"about":[{"href":"https:\/\/zakovice.si\/hr\/wp-json\/wp\/v2\/types\/product"}],"wp:featuredmedia":[{"embeddable":true,"href":"https:\/\/zakovice.si\/hr\/wp-json\/wp\/v2\/media\/2326"}],"wp:attachment":[{"href":"https:\/\/zakovice.si\/hr\/wp-json\/wp\/v2\/media?parent=5583"}],"wp:term":[{"taxonomy":"pwb-brand","embeddable":true,"href":"https:\/\/zakovice.si\/hr\/wp-json\/wp\/v2\/pwb-brand?post=5583"},{"taxonomy":"product_brand","embeddable":true,"href":"https:\/\/zakovice.si\/hr\/wp-json\/wp\/v2\/product_brand?post=5583"},{"taxonomy":"product_cat","embeddable":true,"href":"https:\/\/zakovice.si\/hr\/wp-json\/wp\/v2\/product_cat?post=5583"},{"taxonomy":"product_tag","embeddable":true,"href":"https:\/\/zakovice.si\/hr\/wp-json\/wp\/v2\/product_tag?post=5583"}],"curies":[{"name":"wp","href":"https:\/\/api.w.org\/{rel}","templated":true}]}}