{"id":5584,"date":"2022-08-29T13:47:32","date_gmt":"2022-08-29T11:47:32","guid":{"rendered":"https:\/\/zakovice.si\/izdelek\/sn-2\/"},"modified":"2022-08-29T13:47:32","modified_gmt":"2022-08-29T11:47:32","slug":"sn-2","status":"publish","type":"product","link":"https:\/\/zakovice.si\/hr\/proizvod\/sn-2\/","title":{"rendered":"SN-2"},"content":{"rendered":"<p><strong>Zna\u010dajke:<\/strong><\/p>\n<ul>\n<li>lak\u0161i pristup i zakivanje jednom rukom<\/li>\n<li>prijenos sli\u010dan harmonici za lak\u0161e zakivanje<\/li>\n<\/ul>\n<table border=\"1\" cellspacing=\"0\" cellpadding=\"0\">\n<tbody>\n<tr>\n<td valign=\"top\" width=\"307\"><b>Radno podru\u010dje<\/b><\/td>\n<td valign=\"top\" width=\"307\">Aluminij, \u017eeljezo i nehr\u0111aju\u0107i \u010delik od \u00d8 3 mm do \u00d8 6,4 mm<\/td>\n<\/tr>\n<tr>\n<td valign=\"top\" width=\"307\"><b>Te\u017eina<\/b><\/td>\n<td valign=\"top\" width=\"307\">1390 g<\/td>\n<\/tr>\n<tr>\n<td valign=\"top\" width=\"307\"><b>Duljina<\/b><\/td>\n<td valign=\"top\" width=\"307\">310 mm \u2013 zatvoreno, 810 mm \u2013 otvoreno<\/td>\n<\/tr>\n<tr>\n<td valign=\"top\" width=\"307\"><b>Hod alata (jedan)<\/b><\/td>\n<td valign=\"top\" width=\"307\">10,2 mm<\/td>\n<\/tr>\n<\/tbody>\n<\/table>\n","protected":false},"excerpt":{"rendered":"<a href=\"\/pdf\/leaflet_HN2_GB.pdf\" target=\"_blank\" rel=\"noopener\"> SN-2 specifikacije.pdf<\/a>","protected":false},"featured_media":2314,"template":"","meta":{"_acf_changed":false},"pwb-brand":[],"product_brand":[],"product_cat":[332],"product_tag":[243,256],"class_list":{"0":"post-5584","1":"product","2":"type-product","3":"status-publish","4":"has-post-thumbnail","6":"product_cat-rucni-alati-hr","7":"product_tag-alati-za-postavljanje-zakovica","8":"product_tag-rucni-alati","10":"first","11":"instock","12":"shipping-taxable","13":"product-type-simple"},"acf":[],"brands":[],"_links":{"self":[{"href":"https:\/\/zakovice.si\/hr\/wp-json\/wp\/v2\/product\/5584","targetHints":{"allow":["GET"]}}],"collection":[{"href":"https:\/\/zakovice.si\/hr\/wp-json\/wp\/v2\/product"}],"about":[{"href":"https:\/\/zakovice.si\/hr\/wp-json\/wp\/v2\/types\/product"}],"wp:featuredmedia":[{"embeddable":true,"href":"https:\/\/zakovice.si\/hr\/wp-json\/wp\/v2\/media\/2314"}],"wp:attachment":[{"href":"https:\/\/zakovice.si\/hr\/wp-json\/wp\/v2\/media?parent=5584"}],"wp:term":[{"taxonomy":"pwb-brand","embeddable":true,"href":"https:\/\/zakovice.si\/hr\/wp-json\/wp\/v2\/pwb-brand?post=5584"},{"taxonomy":"product_brand","embeddable":true,"href":"https:\/\/zakovice.si\/hr\/wp-json\/wp\/v2\/product_brand?post=5584"},{"taxonomy":"product_cat","embeddable":true,"href":"https:\/\/zakovice.si\/hr\/wp-json\/wp\/v2\/product_cat?post=5584"},{"taxonomy":"product_tag","embeddable":true,"href":"https:\/\/zakovice.si\/hr\/wp-json\/wp\/v2\/product_tag?post=5584"}],"curies":[{"name":"wp","href":"https:\/\/api.w.org\/{rel}","templated":true}]}}