{"id":5586,"date":"2022-08-29T13:47:32","date_gmt":"2022-08-29T11:47:32","guid":{"rendered":"https:\/\/zakovice.si\/izdelek\/hn-2\/"},"modified":"2022-08-29T13:47:32","modified_gmt":"2022-08-29T11:47:32","slug":"hn-2","status":"publish","type":"product","link":"https:\/\/zakovice.si\/hr\/proizvod\/hn-2\/","title":{"rendered":"HN-2"},"content":{"rendered":"<p><strong>Zna\u010dajke:<\/strong><\/p>\n<ul>\n<li>poluge i zup\u010dasti prijenos za sve veli\u010dine zakovica<\/li>\n<li>ru\u010dke alata za udobnost, sigurnost i jednostavnost kori\u0161tenja<\/li>\n<li>posuda za skupljanje otkinutih bodlji zakovica<\/li>\n<\/ul>\n<table border=\"1\" cellspacing=\"0\" cellpadding=\"0\">\n<tbody>\n<tr>\n<td valign=\"top\" width=\"307\"><b>Radno podru\u010dje<\/b><\/td>\n<td valign=\"top\" width=\"307\">Aluminij, \u017eeljezo i nehr\u0111aju\u0107i \u010delik od \u00d8 3 mm do \u00d8 6,4 mm<\/td>\n<\/tr>\n<tr>\n<td valign=\"top\" width=\"307\"><b>Te\u017eina<\/b><\/td>\n<td valign=\"top\" width=\"307\">1850 g<\/td>\n<\/tr>\n<tr>\n<td valign=\"top\" width=\"307\"><b>Duljina<\/b><\/td>\n<td valign=\"top\" width=\"307\">570 mm<\/td>\n<\/tr>\n<tr>\n<td valign=\"top\" width=\"307\"><b>Hod alata (jedan)<\/b><\/td>\n<td valign=\"top\" width=\"307\">10,0 mm<\/td>\n<\/tr>\n<\/tbody>\n<\/table>\n","protected":false},"excerpt":{"rendered":"<a href=\"\/pdf\/leaflet_HN2_GB.pdf\" target=\"_blank\" rel=\"noopener\"> HN-2 specifikacije.pdf<\/a>","protected":false},"featured_media":2313,"template":"","meta":{"_acf_changed":false},"pwb-brand":[],"product_brand":[],"product_cat":[332],"product_tag":[243,256],"class_list":{"0":"post-5586","1":"product","2":"type-product","3":"status-publish","4":"has-post-thumbnail","6":"product_cat-rucni-alati-hr","7":"product_tag-alati-za-postavljanje-zakovica","8":"product_tag-rucni-alati","10":"first","11":"instock","12":"shipping-taxable","13":"product-type-simple"},"acf":[],"brands":[],"_links":{"self":[{"href":"https:\/\/zakovice.si\/hr\/wp-json\/wp\/v2\/product\/5586","targetHints":{"allow":["GET"]}}],"collection":[{"href":"https:\/\/zakovice.si\/hr\/wp-json\/wp\/v2\/product"}],"about":[{"href":"https:\/\/zakovice.si\/hr\/wp-json\/wp\/v2\/types\/product"}],"wp:featuredmedia":[{"embeddable":true,"href":"https:\/\/zakovice.si\/hr\/wp-json\/wp\/v2\/media\/2313"}],"wp:attachment":[{"href":"https:\/\/zakovice.si\/hr\/wp-json\/wp\/v2\/media?parent=5586"}],"wp:term":[{"taxonomy":"pwb-brand","embeddable":true,"href":"https:\/\/zakovice.si\/hr\/wp-json\/wp\/v2\/pwb-brand?post=5586"},{"taxonomy":"product_brand","embeddable":true,"href":"https:\/\/zakovice.si\/hr\/wp-json\/wp\/v2\/product_brand?post=5586"},{"taxonomy":"product_cat","embeddable":true,"href":"https:\/\/zakovice.si\/hr\/wp-json\/wp\/v2\/product_cat?post=5586"},{"taxonomy":"product_tag","embeddable":true,"href":"https:\/\/zakovice.si\/hr\/wp-json\/wp\/v2\/product_tag?post=5586"}],"curies":[{"name":"wp","href":"https:\/\/api.w.org\/{rel}","templated":true}]}}