{"id":5588,"date":"2022-08-29T13:47:32","date_gmt":"2022-08-29T11:47:32","guid":{"rendered":"https:\/\/zakovice.si\/izdelek\/ntx-f\/"},"modified":"2022-08-29T13:47:32","modified_gmt":"2022-08-29T11:47:32","slug":"ntx-f","status":"publish","type":"product","link":"https:\/\/zakovice.si\/hr\/proizvod\/ntx-f\/","title":{"rendered":"NTX-F"},"content":{"rendered":"<p><strong>Zna\u010dajke<\/strong> :<\/p>\n<ul>\n<li>Ku\u0107i\u0161te od visoko\u010dvrste aluminijske legure s ru\u010dkama od kroma i vanadija<\/li>\n<li>robustan alat za industrijsku aktivnost<\/li>\n<li>tako\u0111er dostupno u setovima sa slijepim zakovicama<\/li>\n<\/ul>\n<table border=\"1\" cellspacing=\"0\" cellpadding=\"0\">\n<tbody>\n<tr>\n<td valign=\"top\" width=\"307\"><b>Radno podru\u010dje<\/b><\/td>\n<td valign=\"top\" width=\"307\">Aluminij do \u00d8 5 mm, \u017eeljezo i nehr\u0111aju\u0107i \u010delik do \u00d8 4 mm<\/td>\n<\/tr>\n<tr>\n<td valign=\"top\" width=\"307\"><b>Te\u017eina<\/b><\/td>\n<td valign=\"top\" width=\"307\">575 g<\/td>\n<\/tr>\n<tr>\n<td valign=\"top\" width=\"307\"><b>Duljina<\/b><\/td>\n<td valign=\"top\" width=\"307\">260 mm<\/td>\n<\/tr>\n<tr>\n<td valign=\"top\" width=\"307\"><b>Hod alata (jedan)<\/b><\/td>\n<td valign=\"top\" width=\"307\">8,0 mm<\/td>\n<\/tr>\n<\/tbody>\n<\/table>\n","protected":false},"excerpt":{"rendered":"<a href=\"\/pdf\/leaflet_NTX-F_GB.pdf\" target=\"_blank\" rel=\"noopener\"> NTX-F specifikacije.pdf<\/a>","protected":false},"featured_media":2312,"template":"","meta":{"_acf_changed":false},"pwb-brand":[],"product_brand":[],"product_cat":[332],"product_tag":[243,256],"class_list":{"0":"post-5588","1":"product","2":"type-product","3":"status-publish","4":"has-post-thumbnail","6":"product_cat-rucni-alati-hr","7":"product_tag-alati-za-postavljanje-zakovica","8":"product_tag-rucni-alati","10":"first","11":"instock","12":"shipping-taxable","13":"product-type-simple"},"acf":[],"brands":[],"_links":{"self":[{"href":"https:\/\/zakovice.si\/hr\/wp-json\/wp\/v2\/product\/5588","targetHints":{"allow":["GET"]}}],"collection":[{"href":"https:\/\/zakovice.si\/hr\/wp-json\/wp\/v2\/product"}],"about":[{"href":"https:\/\/zakovice.si\/hr\/wp-json\/wp\/v2\/types\/product"}],"wp:featuredmedia":[{"embeddable":true,"href":"https:\/\/zakovice.si\/hr\/wp-json\/wp\/v2\/media\/2312"}],"wp:attachment":[{"href":"https:\/\/zakovice.si\/hr\/wp-json\/wp\/v2\/media?parent=5588"}],"wp:term":[{"taxonomy":"pwb-brand","embeddable":true,"href":"https:\/\/zakovice.si\/hr\/wp-json\/wp\/v2\/pwb-brand?post=5588"},{"taxonomy":"product_brand","embeddable":true,"href":"https:\/\/zakovice.si\/hr\/wp-json\/wp\/v2\/product_brand?post=5588"},{"taxonomy":"product_cat","embeddable":true,"href":"https:\/\/zakovice.si\/hr\/wp-json\/wp\/v2\/product_cat?post=5588"},{"taxonomy":"product_tag","embeddable":true,"href":"https:\/\/zakovice.si\/hr\/wp-json\/wp\/v2\/product_tag?post=5588"}],"curies":[{"name":"wp","href":"https:\/\/api.w.org\/{rel}","templated":true}]}}