{"id":5597,"date":"2022-08-29T13:47:33","date_gmt":"2022-08-29T11:47:33","guid":{"rendered":"https:\/\/zakovice.si\/izdelek\/daljinsko-upravljanje-alatima\/"},"modified":"2022-08-29T13:47:33","modified_gmt":"2022-08-29T11:47:33","slug":"daljinsko-upravljanje-alatima","status":"publish","type":"product","link":"https:\/\/zakovice.si\/hr\/proizvod\/daljinsko-upravljanje-alatima\/","title":{"rendered":"Daljinsko upravljanje alatima"},"content":{"rendered":"<p>Alati s daljinskim upravljanjem TAURUS namijenjeni su za upotrebu u poluautomatskim linijama ili linijama s istovremenim kori\u0161tenjem vi\u0161e zakiva\u010da.<\/p>\n","protected":false},"excerpt":{"rendered":"Alati s daljinskim upravljanjem TAURUS namijenjeni su za upotrebu u poluautomatskim linijama ili linijama s istovremenim kori\u0161tenjem vi\u0161e zakiva\u010da.","protected":false},"featured_media":2334,"template":"","meta":{"_acf_changed":false},"pwb-brand":[],"product_brand":[],"product_cat":[327],"product_tag":[243,328],"class_list":{"0":"post-5597","1":"product","2":"type-product","3":"status-publish","4":"has-post-thumbnail","6":"product_cat-pribor-za-bika","7":"product_tag-alati-za-postavljanje-zakovica","8":"product_tag-pribor-za-bika","10":"first","11":"instock","12":"shipping-taxable","13":"product-type-simple"},"acf":[],"brands":[],"_links":{"self":[{"href":"https:\/\/zakovice.si\/hr\/wp-json\/wp\/v2\/product\/5597","targetHints":{"allow":["GET"]}}],"collection":[{"href":"https:\/\/zakovice.si\/hr\/wp-json\/wp\/v2\/product"}],"about":[{"href":"https:\/\/zakovice.si\/hr\/wp-json\/wp\/v2\/types\/product"}],"wp:featuredmedia":[{"embeddable":true,"href":"https:\/\/zakovice.si\/hr\/wp-json\/wp\/v2\/media\/2334"}],"wp:attachment":[{"href":"https:\/\/zakovice.si\/hr\/wp-json\/wp\/v2\/media?parent=5597"}],"wp:term":[{"taxonomy":"pwb-brand","embeddable":true,"href":"https:\/\/zakovice.si\/hr\/wp-json\/wp\/v2\/pwb-brand?post=5597"},{"taxonomy":"product_brand","embeddable":true,"href":"https:\/\/zakovice.si\/hr\/wp-json\/wp\/v2\/product_brand?post=5597"},{"taxonomy":"product_cat","embeddable":true,"href":"https:\/\/zakovice.si\/hr\/wp-json\/wp\/v2\/product_cat?post=5597"},{"taxonomy":"product_tag","embeddable":true,"href":"https:\/\/zakovice.si\/hr\/wp-json\/wp\/v2\/product_tag?post=5597"}],"curies":[{"name":"wp","href":"https:\/\/api.w.org\/{rel}","templated":true}]}}