{"id":5608,"date":"2022-08-29T13:47:32","date_gmt":"2022-08-29T11:47:32","guid":{"rendered":"https:\/\/zakovice.si\/izdelek\/gesipa-powerbird\/"},"modified":"2022-08-29T13:47:32","modified_gmt":"2022-08-29T11:47:32","slug":"gesipa-powerbird","status":"publish","type":"product","link":"https:\/\/zakovice.si\/hr\/proizvod\/gesipa-powerbird\/","title":{"rendered":"Gesipa PowerBird"},"content":{"rendered":"<p>GESIPA PowerBird baterijski zakoviva\u010d s 13 000 N sile zakiva zakovice od \u00d8 4,8 mm do \u00d8 6,4 mm u svim materijalima, uklju\u010duju\u0107i odre\u0111ene vrste konstrukcijskih zakovica.<\/p>\n<table border=\"1\" cellspacing=\"0\" cellpadding=\"0\">\n<tbody>\n<tr>\n<td valign=\"top\" width=\"307\"><b>Radno podru\u010dje<\/b><\/td>\n<td valign=\"top\" width=\"307\">Od \u00d8 4,8 mm do \u00d8 6,4 mm svi Bulb-Tite materijali do \u00d8 7,7 mm<\/td>\n<\/tr>\n<tr>\n<td valign=\"top\" width=\"307\"><b>Te\u017eina<\/b><\/td>\n<td valign=\"top\" width=\"307\">2,2 kg<\/td>\n<\/tr>\n<tr>\n<td valign=\"top\" width=\"307\"><b>Vu\u010dna sila<\/b><\/td>\n<td valign=\"top\" width=\"307\">13.000 NGN<\/td>\n<\/tr>\n<tr>\n<td valign=\"top\" width=\"307\"><b>Hod alata (jedan)<\/b><\/td>\n<td valign=\"top\" width=\"307\">20 mm<\/td>\n<\/tr>\n<tr>\n<td valign=\"top\" width=\"307\"><b>Baterija<\/b><\/td>\n<td valign=\"top\" width=\"307\">14,4 V punjiva Li-ionska baterija 4,0 Ah<\/td>\n<\/tr>\n<tr>\n<td valign=\"top\" width=\"307\"><b>Punja\u010d<\/b><\/td>\n<td valign=\"top\" width=\"307\">230 V \/ 50 Hz, vrijeme punjenja 50 &#8211; 100 min<\/td>\n<\/tr>\n<\/tbody>\n<\/table>\n","protected":false},"excerpt":{"rendered":" <a href=\"\/wp-content\/uploads\/2014\/12\/PowerBird_Li-Ion1.pdf\" target=\"_blank\" rel=\"noopener\">Specifikacije PowerBirda.pdf<\/a>\n\n <a href=\"\/delovanje-in-vzdrzevanje-orodij-accubird-in-firefox\/\" target=\"_blank\" rel=\"noopener\">VIDEO \u2013 Rad i odr\u017eavanje alata AccuBird i PowerBird.<\/a>","protected":false},"featured_media":2316,"template":"","meta":{"_acf_changed":false},"pwb-brand":[],"product_brand":[],"product_cat":[242],"product_tag":[243,235],"class_list":{"0":"post-5608","1":"product","2":"type-product","3":"status-publish","4":"has-post-thumbnail","6":"product_cat-bezicni-alati-hr","7":"product_tag-alati-za-postavljanje-zakovica","8":"product_tag-bezicni-alati","10":"first","11":"instock","12":"shipping-taxable","13":"product-type-simple"},"acf":[],"brands":[],"_links":{"self":[{"href":"https:\/\/zakovice.si\/hr\/wp-json\/wp\/v2\/product\/5608","targetHints":{"allow":["GET"]}}],"collection":[{"href":"https:\/\/zakovice.si\/hr\/wp-json\/wp\/v2\/product"}],"about":[{"href":"https:\/\/zakovice.si\/hr\/wp-json\/wp\/v2\/types\/product"}],"wp:featuredmedia":[{"embeddable":true,"href":"https:\/\/zakovice.si\/hr\/wp-json\/wp\/v2\/media\/2316"}],"wp:attachment":[{"href":"https:\/\/zakovice.si\/hr\/wp-json\/wp\/v2\/media?parent=5608"}],"wp:term":[{"taxonomy":"pwb-brand","embeddable":true,"href":"https:\/\/zakovice.si\/hr\/wp-json\/wp\/v2\/pwb-brand?post=5608"},{"taxonomy":"product_brand","embeddable":true,"href":"https:\/\/zakovice.si\/hr\/wp-json\/wp\/v2\/product_brand?post=5608"},{"taxonomy":"product_cat","embeddable":true,"href":"https:\/\/zakovice.si\/hr\/wp-json\/wp\/v2\/product_cat?post=5608"},{"taxonomy":"product_tag","embeddable":true,"href":"https:\/\/zakovice.si\/hr\/wp-json\/wp\/v2\/product_tag?post=5608"}],"curies":[{"name":"wp","href":"https:\/\/api.w.org\/{rel}","templated":true}]}}