{"id":5610,"date":"2022-08-29T13:47:32","date_gmt":"2022-08-29T11:47:32","guid":{"rendered":"https:\/\/zakovice.si\/izdelek\/gesipa-accubird\/"},"modified":"2022-08-29T13:47:32","modified_gmt":"2022-08-29T11:47:32","slug":"gesipa-accubird","status":"publish","type":"product","link":"https:\/\/zakovice.si\/hr\/proizvod\/gesipa-accubird\/","title":{"rendered":"GESIPA AccuBird"},"content":{"rendered":"<p>GESIPA AccuBird akumulatorski zakoviva\u010d usporediv je po snazi i performansama s pneumatskim\/hidrauli\u010dnim zakoviva\u010dima. Mlaznice za zakovice za \u00d8 3,0 mm, \u00d8 3,2 mm, \u00d8 4,0 mm i \u00d8 4,8 mm ugra\u0111ene su u ku\u0107i\u0161te alata zajedno s monta\u017enim klju\u010dem za brzu zamjenu odgovaraju\u0107e mlaznice. <\/p>\n<table border=\"1\" cellspacing=\"0\" cellpadding=\"0\">\n<tbody>\n<tr>\n<td valign=\"top\" width=\"307\"><b>Radno podru\u010dje<\/b><\/td>\n<td valign=\"top\" width=\"307\">Aluminij, \u017eeljezo i nehr\u0111aju\u0107i \u010delik od \u00d8 3 mm do \u00d8 5,0 mm<\/td>\n<\/tr>\n<tr>\n<td valign=\"top\" width=\"307\"><b>Te\u017eina<\/b><\/td>\n<td valign=\"top\" width=\"307\">2,0 kg<\/td>\n<\/tr>\n<tr>\n<td valign=\"top\" width=\"307\"><b>Vu\u010dna sila<\/b><\/td>\n<td valign=\"top\" width=\"307\">8.500 N<\/td>\n<\/tr>\n<tr>\n<td valign=\"top\" width=\"307\"><b>Hod alata (jedan)<\/b><\/td>\n<td valign=\"top\" width=\"307\">20 mm<\/td>\n<\/tr>\n<tr>\n<td valign=\"top\" width=\"307\"><b>Baterija<\/b><\/td>\n<td valign=\"top\" width=\"307\">14,4 V punjiva Li-ionska baterija 1,3 Ah<\/td>\n<\/tr>\n<tr>\n<td valign=\"top\" width=\"307\"><b>Punja\u010d<\/b><\/td>\n<td valign=\"top\" width=\"307\">230 V \/ 50 Hz, vrijeme punjenja 50 min.<\/td>\n<\/tr>\n<\/tbody>\n<\/table>\n","protected":false},"excerpt":{"rendered":"<a href=\"\/pdf\/accubird_leaflet_nova.pdf\" target=\"_blank\" rel=\"noopener\">Accubird specifikacije.pdf<\/a>\n\n <a href=\"\/delovanje-in-vzdrzevanje-orodij-accubird-in-firefox\/\" target=\"_blank\" rel=\"noopener\">VIDEO \u2013 Rad i odr\u017eavanje alata AccuBird i PowerBird.<\/a>","protected":false},"featured_media":2315,"template":"","meta":{"_acf_changed":false},"pwb-brand":[],"product_brand":[],"product_cat":[242],"product_tag":[243,235],"class_list":{"0":"post-5610","1":"product","2":"type-product","3":"status-publish","4":"has-post-thumbnail","6":"product_cat-bezicni-alati-hr","7":"product_tag-alati-za-postavljanje-zakovica","8":"product_tag-bezicni-alati","10":"first","11":"instock","12":"shipping-taxable","13":"product-type-simple"},"acf":[],"brands":[],"_links":{"self":[{"href":"https:\/\/zakovice.si\/hr\/wp-json\/wp\/v2\/product\/5610","targetHints":{"allow":["GET"]}}],"collection":[{"href":"https:\/\/zakovice.si\/hr\/wp-json\/wp\/v2\/product"}],"about":[{"href":"https:\/\/zakovice.si\/hr\/wp-json\/wp\/v2\/types\/product"}],"wp:featuredmedia":[{"embeddable":true,"href":"https:\/\/zakovice.si\/hr\/wp-json\/wp\/v2\/media\/2315"}],"wp:attachment":[{"href":"https:\/\/zakovice.si\/hr\/wp-json\/wp\/v2\/media?parent=5610"}],"wp:term":[{"taxonomy":"pwb-brand","embeddable":true,"href":"https:\/\/zakovice.si\/hr\/wp-json\/wp\/v2\/pwb-brand?post=5610"},{"taxonomy":"product_brand","embeddable":true,"href":"https:\/\/zakovice.si\/hr\/wp-json\/wp\/v2\/product_brand?post=5610"},{"taxonomy":"product_cat","embeddable":true,"href":"https:\/\/zakovice.si\/hr\/wp-json\/wp\/v2\/product_cat?post=5610"},{"taxonomy":"product_tag","embeddable":true,"href":"https:\/\/zakovice.si\/hr\/wp-json\/wp\/v2\/product_tag?post=5610"}],"curies":[{"name":"wp","href":"https:\/\/api.w.org\/{rel}","templated":true}]}}