{"id":5614,"date":"2022-08-29T13:47:12","date_gmt":"2022-08-29T11:47:12","guid":{"rendered":"https:\/\/zakovice.si\/izdelek\/multigrip-al-fe-obicna-glava-u-boji\/"},"modified":"2022-08-29T13:47:12","modified_gmt":"2022-08-29T11:47:12","slug":"multigrip-al-fe-obicna-glava-u-boji","status":"publish","type":"product","link":"https:\/\/zakovice.si\/hr\/proizvod\/multigrip-al-fe-obicna-glava-u-boji\/","title":{"rendered":"Multigrip Al\/Fe &#8211; obi\u010dna glava (u boji)"},"content":{"rendered":"<table border=\"1\" cellspacing=\"0\" cellpadding=\"0\">\n<tbody>\n<tr>\n<td valign=\"top\" width=\"302\"><b>Materijal tijela zakovice:<\/b><b><\/b><\/td>\n<td valign=\"top\" width=\"302\">Aluminij AlMg 2.5<\/td>\n<\/tr>\n<tr>\n<td valign=\"top\" width=\"302\"><b>Materijal trna za zakovice:<\/b><b><\/b><\/td>\n<td valign=\"top\" width=\"302\">\u010celik Zn<\/td>\n<\/tr>\n<tr>\n<td valign=\"top\" width=\"302\"><b>Dostupni promjeri zakovica &#8220;d1&#8221; u mm:<\/b><b><\/b><\/td>\n<td valign=\"top\" width=\"302\">3.0, 3.2, 4.0, 4.8<\/td>\n<\/tr>\n<tr>\n<td valign=\"top\" width=\"302\"><b>Dostupne duljine zakovica &#8220;L&#8221; u mm:<\/b><b><\/b><\/td>\n<td valign=\"top\" width=\"302\">6,0 do 30,0, ovisno o promjeru zakovice<\/td>\n<\/tr>\n<tr>\n<td valign=\"top\" width=\"302\"><b>Dostupni promjeri glave zakovice &#8220;d2&#8221; u mm:<\/b><b><\/b><\/td>\n<td valign=\"top\" width=\"302\">6,0 do 9,5, ovisno o promjeru zakovice<\/td>\n<\/tr>\n<tr>\n<td valign=\"top\" width=\"302\"><b>Za ukupne debljine materijala &#8220;E&#8221; u mm:<\/b><b><\/b><\/td>\n<td valign=\"top\" width=\"302\">1,0 do 25,0, ovisno o promjeru zakovice<\/td>\n<\/tr>\n<\/tbody>\n<\/table>\n<p>Standardne boje: crna RAL 9005, bijela RAL 9010.<br \/>\n Druge boje na zahtjev ili trenutne zalihe proizvo\u0111a\u010da. Tako\u0111er bojimo zakovice po narud\u017ebi u svim bojama prema RAL ljestvici ili prema uzorku boja!  <\/p>\n","protected":false},"excerpt":{"rendered":"Materijal tijela zakovice: Aluminij AlMg 2.5 Materijal trna za zakovice: \u010celik Zn Dostupni promjeri zakovica &#8220;d1&#8221; u mm: 3.0, 3.2, 4.0, 4.8 Dostupne duljine zakovica &#8220;L&#8221; u mm: 6,0 do 30,0, ovisno o promjeru zakovice Dostupni promjeri glave zakovice &#8220;d2&#8221; u mm: 6,0 do 9,5, ovisno o promjeru zakovice Za ukupne debljine materijala &#8220;E&#8221; u&#8230; <a class=\"view-article\" href=\"https:\/\/zakovice.si\/hr\/proizvod\/multigrip-al-fe-obicna-glava-u-boji\/\">Pogledajte \u010dlanak<\/a>","protected":false},"featured_media":2242,"template":"","meta":{"_acf_changed":false},"pwb-brand":[],"product_brand":[],"product_cat":[335],"product_tag":[321,272,271,337,273],"class_list":{"0":"post-5614","1":"product","2":"type-product","3":"status-publish","4":"has-post-thumbnail","6":"product_cat-multigrip-visezonski","7":"product_tag-al-fe-hr","8":"product_tag-nestrukturni","9":"product_tag-obicna-glava","10":"product_tag-visestruki-hvat","11":"product_tag-zakovice-hr","13":"first","14":"instock","15":"shipping-taxable","16":"product-type-simple"},"acf":[],"brands":[],"_links":{"self":[{"href":"https:\/\/zakovice.si\/hr\/wp-json\/wp\/v2\/product\/5614","targetHints":{"allow":["GET"]}}],"collection":[{"href":"https:\/\/zakovice.si\/hr\/wp-json\/wp\/v2\/product"}],"about":[{"href":"https:\/\/zakovice.si\/hr\/wp-json\/wp\/v2\/types\/product"}],"wp:featuredmedia":[{"embeddable":true,"href":"https:\/\/zakovice.si\/hr\/wp-json\/wp\/v2\/media\/2242"}],"wp:attachment":[{"href":"https:\/\/zakovice.si\/hr\/wp-json\/wp\/v2\/media?parent=5614"}],"wp:term":[{"taxonomy":"pwb-brand","embeddable":true,"href":"https:\/\/zakovice.si\/hr\/wp-json\/wp\/v2\/pwb-brand?post=5614"},{"taxonomy":"product_brand","embeddable":true,"href":"https:\/\/zakovice.si\/hr\/wp-json\/wp\/v2\/product_brand?post=5614"},{"taxonomy":"product_cat","embeddable":true,"href":"https:\/\/zakovice.si\/hr\/wp-json\/wp\/v2\/product_cat?post=5614"},{"taxonomy":"product_tag","embeddable":true,"href":"https:\/\/zakovice.si\/hr\/wp-json\/wp\/v2\/product_tag?post=5614"}],"curies":[{"name":"wp","href":"https:\/\/api.w.org\/{rel}","templated":true}]}}