{"id":5624,"date":"2022-07-08T12:34:21","date_gmt":"2022-07-08T10:34:21","guid":{"rendered":"https:\/\/zakovice.si\/izdelek\/matica-s-poklopcem-fe-m4\/"},"modified":"2022-07-08T12:34:21","modified_gmt":"2022-07-08T10:34:21","slug":"matica-s-poklopcem-fe-m4","status":"publish","type":"product","link":"https:\/\/zakovice.si\/hr\/proizvod\/matica-s-poklopcem-fe-m4\/","title":{"rendered":"matica s poklopcem fe M4"},"content":{"rendered":"<p>Suprotno uvrije\u017eenom mi\u0161ljenju, Lorem Ipsum nije samo nasumi\u010dni tekst. Korijeni mu su u klasi\u010dnoj latinskoj knji\u017eevnosti iz 45. godine prije Krista, \u0161to ga \u010dini starim preko 2000 godina. Richard McClintock, profesor latinskog na Hampden-Sydney Collegeu u Virginiji, prona\u0161ao je jednu od manje poznatih latinskih rije\u010di, consectetur, u odlomku Lorem Ipsuma i, pregledavaju\u0107i citate te rije\u010di u klasi\u010dnoj knji\u017eevnosti, otkrio nesumnjivi izvor. Lorem Ipsum dolazi iz odjeljaka 1.10.32 i 1.10.33 djela &#8220;de Finibus Bonorum et Malorum&#8221; (Krajnje dobra i zla) Ciceronovog djela, napisanog 45. godine prije Krista. Ova knjiga je traktat o teoriji etike, vrlo popularnoj tijekom renesanse. Prvi redak Lorem Ipsuma, &#8220;Lorem ipsum dolor sit amet..&#8221;, dolazi iz retka u odjeljku 1.10.32.     <\/p>\n<p>Standardni dio Lorem Ipsuma koji se koristi od 1500-ih reproduciran je u nastavku za one koje zanima. Odjeljci 1.10.32 i 1.10.33 iz djela &#8220;de Finibus Bonorum et Malorum&#8221; od Cicerona tako\u0111er su reproducirani u svom to\u010dnom izvornom obliku, uz engleske verzije iz prijevoda H. Rackhama iz 1914. godine. <\/p>\n<p>Suprotno uvrije\u017eenom mi\u0161ljenju, Lorem Ipsum nije samo nasumi\u010dni tekst. Korijeni mu su u klasi\u010dnoj latinskoj knji\u017eevnosti iz 45. godine prije Krista, \u0161to ga \u010dini starim preko 2000 godina. Richard McClintock, profesor latinskog na Hampden-Sydney Collegeu u Virginiji, prona\u0161ao je jednu od manje poznatih latinskih rije\u010di, consectetur, u odlomku Lorem Ipsuma i, pregledavaju\u0107i citate te rije\u010di u klasi\u010dnoj knji\u017eevnosti, otkrio nesumnjivi izvor. Lorem Ipsum dolazi iz odjeljaka 1.10.32 i 1.10.33 djela &#8220;de Finibus Bonorum et Malorum&#8221; (Krajnje dobra i zla) Ciceronovog djela, napisanog 45. godine prije Krista. Ova knjiga je traktat o teoriji etike, vrlo popularnoj tijekom renesanse. Prvi redak Lorem Ipsuma, &#8220;Lorem ipsum dolor sit amet..&#8221;, dolazi iz retka u odjeljku 1.10.32.     <\/p>\n<p>Standardni dio Lorem Ipsuma koji se koristi od 1500-ih reproduciran je u nastavku za one koje zanima. Odjeljci 1.10.32 i 1.10.33 iz djela &#8220;de Finibus Bonorum et Malorum&#8221; od Cicerona tako\u0111er su reproducirani u svom to\u010dnom izvornom obliku, uz engleske verzije iz prijevoda H. Rackhama iz 1914. godine. <\/p>\n<p>Suprotno uvrije\u017eenom mi\u0161ljenju, Lorem Ipsum nije samo nasumi\u010dni tekst. Korijeni mu su u klasi\u010dnoj latinskoj knji\u017eevnosti iz 45. godine prije Krista, \u0161to ga \u010dini starim preko 2000 godina. Richard McClintock, profesor latinskog na Hampden-Sydney Collegeu u Virginiji, prona\u0161ao je jednu od manje poznatih latinskih rije\u010di, consectetur, u odlomku Lorem Ipsuma i, pregledavaju\u0107i citate te rije\u010di u klasi\u010dnoj knji\u017eevnosti, otkrio nesumnjivi izvor. Lorem Ipsum dolazi iz odjeljaka 1.10.32 i 1.10.33 djela &#8220;de Finibus Bonorum et Malorum&#8221; (Krajnje dobra i zla) Ciceronovog djela, napisanog 45. godine prije Krista. Ova knjiga je traktat o teoriji etike, vrlo popularnoj tijekom renesanse. Prvi redak Lorem Ipsuma, &#8220;Lorem ipsum dolor sit amet..&#8221;, dolazi iz retka u odjeljku 1.10.32.     <\/p>\n<p>Standardni dio Lorem Ipsuma koji se koristi od 1500-ih reproduciran je u nastavku za one koje zanima. Odjeljci 1.10.32 i 1.10.33 iz djela &#8220;de Finibus Bonorum et Malorum&#8221; od Cicerona tako\u0111er su reproducirani u svom to\u010dnom izvornom obliku, uz engleske verzije iz prijevoda H. Rackhama iz 1914. godine. <\/p>\n","protected":false},"excerpt":{"rendered":"Standardni dio Lorem Ipsuma koji se koristi od 1500-ih reproduciran je u nastavku za one koje zanima. Odjeljci 1.10.32 i 1.10.33 iz djela &#8220;de Finibus Bonorum et Malorum&#8221; od Cicerona tako\u0111er su reproducirani u svom to\u010dnom izvornom obliku, uz engleske verzije iz prijevoda H. Rackhama iz 1914. godine. ","protected":false},"featured_media":0,"template":"","meta":{"_acf_changed":false},"pwb-brand":[],"product_brand":[],"product_cat":[372],"product_tag":[],"class_list":{"0":"post-5624","1":"product","2":"type-product","3":"status-publish","5":"product_cat-un-matice","6":"pa_dolzina-9-mm-hr","7":"pa_fi-59-mm","8":"pa_material-celik","9":"pa_oblika-glave-glava-cilindra","10":"pa_oblika-vratu-okrugli-vrat","11":"pa_obmocje-kovicenja-05-30-mm","13":"first","14":"instock","15":"shipping-taxable","16":"purchasable","17":"product-type-simple"},"acf":[],"brands":[],"_links":{"self":[{"href":"https:\/\/zakovice.si\/hr\/wp-json\/wp\/v2\/product\/5624","targetHints":{"allow":["GET"]}}],"collection":[{"href":"https:\/\/zakovice.si\/hr\/wp-json\/wp\/v2\/product"}],"about":[{"href":"https:\/\/zakovice.si\/hr\/wp-json\/wp\/v2\/types\/product"}],"wp:attachment":[{"href":"https:\/\/zakovice.si\/hr\/wp-json\/wp\/v2\/media?parent=5624"}],"wp:term":[{"taxonomy":"pwb-brand","embeddable":true,"href":"https:\/\/zakovice.si\/hr\/wp-json\/wp\/v2\/pwb-brand?post=5624"},{"taxonomy":"product_brand","embeddable":true,"href":"https:\/\/zakovice.si\/hr\/wp-json\/wp\/v2\/product_brand?post=5624"},{"taxonomy":"product_cat","embeddable":true,"href":"https:\/\/zakovice.si\/hr\/wp-json\/wp\/v2\/product_cat?post=5624"},{"taxonomy":"product_tag","embeddable":true,"href":"https:\/\/zakovice.si\/hr\/wp-json\/wp\/v2\/product_tag?post=5624"}],"curies":[{"name":"wp","href":"https:\/\/api.w.org\/{rel}","templated":true}]}}