{"id":5631,"date":"2022-08-29T13:47:11","date_gmt":"2022-08-29T11:47:11","guid":{"rendered":"https:\/\/zakovice.si\/izdelek\/standardni-monel-inox-upustena-glava\/"},"modified":"2022-08-29T13:47:11","modified_gmt":"2022-08-29T11:47:11","slug":"standardni-monel-inox-upustena-glava","status":"publish","type":"product","link":"https:\/\/zakovice.si\/hr\/proizvod\/standardni-monel-inox-upustena-glava\/","title":{"rendered":"Standardni Monel\/Inox &#8211; upu\u0161tena glava"},"content":{"rendered":"<table border=\"1\" cellspacing=\"0\" cellpadding=\"0\">\n<tbody>\n<tr>\n<td valign=\"top\" width=\"302\"><b>Materijal tijela zakovice:<\/b><b><\/b><\/td>\n<td valign=\"top\" width=\"302\">Nikal-bakar (2.4360) Monel\u00ae<\/td>\n<\/tr>\n<tr>\n<td valign=\"top\" width=\"302\"><b>Materijal trna za zakovice:<\/b><b><\/b><\/td>\n<td valign=\"top\" width=\"302\">Nehr\u0111aju\u0107i \u010delik A2 (1.4301) AISI 304<\/td>\n<\/tr>\n<tr>\n<td valign=\"top\" width=\"302\"><b>Dostupni promjeri zakovica &#8220;d1&#8221; u mm:<\/b><b><\/b><\/td>\n<td valign=\"top\" width=\"302\">3.2, 4.0, 4.8<\/td>\n<\/tr>\n<tr>\n<td valign=\"top\" width=\"302\"><b>Dostupne duljine zakovica &#8220;L&#8221; u mm:<\/b><b><\/b><\/td>\n<td valign=\"top\" width=\"302\">5,8 do 20,5, ovisno o promjeru zakovice<\/td>\n<\/tr>\n<tr>\n<td valign=\"top\" width=\"302\"><b>Dostupni promjeri glave zakovice &#8220;d2&#8221; u mm:<\/b><b><\/b><\/td>\n<td valign=\"top\" width=\"302\">6,0 do 8,5, ovisno o promjeru zakovice<\/td>\n<\/tr>\n<tr>\n<td valign=\"top\" width=\"302\"><b>Za ukupne debljine materijala &#8220;E&#8221; u mm:<\/b><b><\/b><\/td>\n<td valign=\"top\" width=\"302\">0,8 do 15,8, ovisno o promjeru zakovice<\/td>\n<\/tr>\n<\/tbody>\n<\/table>\n","protected":false},"excerpt":{"rendered":"Materijal tijela zakovice: Nikal-bakar (2.4360) Monel\u00ae Materijal trna za zakovice: Nehr\u0111aju\u0107i \u010delik A2 (1.4301) AISI 304 Dostupni promjeri zakovica &#8220;d1&#8221; u mm: 3.2, 4.0, 4.8 Dostupne duljine zakovica &#8220;L&#8221; u mm: 5,8 do 20,5, ovisno o promjeru zakovice Dostupni promjeri glave zakovice &#8220;d2&#8221; u mm: 6,0 do 8,5, ovisno o promjeru zakovice Za ukupne debljine&#8230; <a class=\"view-article\" href=\"https:\/\/zakovice.si\/hr\/proizvod\/standardni-monel-inox-upustena-glava\/\">Pogledajte \u010dlanak<\/a>","protected":false},"featured_media":2232,"template":"","meta":{"_acf_changed":false},"pwb-brand":[],"product_brand":[],"product_cat":[338],"product_tag":[375,272,340,312,273],"class_list":{"0":"post-5631","1":"product","2":"type-product","3":"status-publish","4":"has-post-thumbnail","6":"product_cat-standard","7":"product_tag-monel-nehrdajuci-celik","8":"product_tag-nestrukturni","9":"product_tag-standard-hr","10":"product_tag-upustena-glava","11":"product_tag-zakovice-hr","13":"first","14":"instock","15":"shipping-taxable","16":"product-type-simple"},"acf":[],"brands":[],"_links":{"self":[{"href":"https:\/\/zakovice.si\/hr\/wp-json\/wp\/v2\/product\/5631","targetHints":{"allow":["GET"]}}],"collection":[{"href":"https:\/\/zakovice.si\/hr\/wp-json\/wp\/v2\/product"}],"about":[{"href":"https:\/\/zakovice.si\/hr\/wp-json\/wp\/v2\/types\/product"}],"wp:featuredmedia":[{"embeddable":true,"href":"https:\/\/zakovice.si\/hr\/wp-json\/wp\/v2\/media\/2232"}],"wp:attachment":[{"href":"https:\/\/zakovice.si\/hr\/wp-json\/wp\/v2\/media?parent=5631"}],"wp:term":[{"taxonomy":"pwb-brand","embeddable":true,"href":"https:\/\/zakovice.si\/hr\/wp-json\/wp\/v2\/pwb-brand?post=5631"},{"taxonomy":"product_brand","embeddable":true,"href":"https:\/\/zakovice.si\/hr\/wp-json\/wp\/v2\/product_brand?post=5631"},{"taxonomy":"product_cat","embeddable":true,"href":"https:\/\/zakovice.si\/hr\/wp-json\/wp\/v2\/product_cat?post=5631"},{"taxonomy":"product_tag","embeddable":true,"href":"https:\/\/zakovice.si\/hr\/wp-json\/wp\/v2\/product_tag?post=5631"}],"curies":[{"name":"wp","href":"https:\/\/api.w.org\/{rel}","templated":true}]}}