{"id":5637,"date":"2022-08-29T13:47:11","date_gmt":"2022-08-29T11:47:11","guid":{"rendered":"https:\/\/zakovice.si\/izdelek\/standardni-inox-inox-a2-obicna-glava\/"},"modified":"2022-08-29T13:47:11","modified_gmt":"2022-08-29T11:47:11","slug":"standardni-inox-inox-a2-obicna-glava","status":"publish","type":"product","link":"https:\/\/zakovice.si\/hr\/proizvod\/standardni-inox-inox-a2-obicna-glava\/","title":{"rendered":"Standardni Inox\/Inox A2 &#8211; obi\u010dna glava"},"content":{"rendered":"<table border=\"1\" cellspacing=\"0\" cellpadding=\"0\">\n<tbody>\n<tr>\n<td valign=\"top\" width=\"302\"><b>Materijal tijela zakovice:<\/b><b><\/b><\/td>\n<td valign=\"top\" width=\"302\">Nehr\u0111aju\u0107i \u010delik A2 (1.4301) AISI 304<\/td>\n<\/tr>\n<tr>\n<td valign=\"top\" width=\"302\"><b>Materijal trna za zakovice:<\/b><b><\/b><\/td>\n<td valign=\"top\" width=\"302\">Nehr\u0111aju\u0107i \u010delik A2 (1.4301) AISI 304<\/td>\n<\/tr>\n<tr>\n<td valign=\"top\" width=\"302\"><b>Dostupni promjeri zakovica &#8220;d1&#8221; u mm:<\/b><b><\/b><\/td>\n<td valign=\"top\" width=\"302\">2,4, 3,0, 3,2, 4,0, 4,8, 5,0, 6,0, 6,4<\/td>\n<\/tr>\n<tr>\n<td valign=\"top\" width=\"302\"><b>Dostupne duljine zakovica &#8220;L&#8221; u mm:<\/b><b><\/b><\/td>\n<td valign=\"top\" width=\"302\">5,0 do 40,0, ovisno o promjeru zakovice<\/td>\n<\/tr>\n<tr>\n<td valign=\"top\" width=\"302\"><b>Dostupni promjeri glave zakovice &#8220;d2&#8221; u mm:<\/b><b><\/b><\/td>\n<td valign=\"top\" width=\"302\">5,0 do 12,7, ovisno o promjeru zakovice<\/td>\n<\/tr>\n<tr>\n<td valign=\"top\" width=\"302\"><b>Za ukupne debljine materijala &#8220;E&#8221; u mm:<\/b><b><\/b><\/td>\n<td valign=\"top\" width=\"302\">3,5 do 25,0, ovisno o promjeru zakovice<\/td>\n<\/tr>\n<\/tbody>\n<\/table>\n<p>Standardno: nazubljeni trn za zakovice za bolji hvat i dulji vijek trajanja \u010deljusti alata.<\/p>\n","protected":false},"excerpt":{"rendered":"Materijal tijela zakovice: Nehr\u0111aju\u0107i \u010delik A2 (1.4301) AISI 304 Materijal trna za zakovice: Nehr\u0111aju\u0107i \u010delik A2 (1.4301) AISI 304 Dostupni promjeri zakovica &#8220;d1&#8221; u mm: 2,4, 3,0, 3,2, 4,0, 4,8, 5,0, 6,0, 6,4 Dostupne duljine zakovica &#8220;L&#8221; u mm: 5,0 do 40,0, ovisno o promjeru zakovice Dostupni promjeri glave zakovice &#8220;d2&#8221; u mm: 5,0 do&#8230; <a class=\"view-article\" href=\"https:\/\/zakovice.si\/hr\/proizvod\/standardni-inox-inox-a2-obicna-glava\/\">Pogledajte \u010dlanak<\/a>","protected":false},"featured_media":2214,"template":"","meta":{"_acf_changed":false},"pwb-brand":[],"product_brand":[],"product_cat":[338],"product_tag":[336,272,271,340,273],"class_list":{"0":"post-5637","1":"product","2":"type-product","3":"status-publish","4":"has-post-thumbnail","6":"product_cat-standard","7":"product_tag-nehrdajuci-celik-nehrdajuci-celik-a2","8":"product_tag-nestrukturni","9":"product_tag-obicna-glava","10":"product_tag-standard-hr","11":"product_tag-zakovice-hr","13":"first","14":"instock","15":"shipping-taxable","16":"product-type-simple"},"acf":[],"brands":[],"_links":{"self":[{"href":"https:\/\/zakovice.si\/hr\/wp-json\/wp\/v2\/product\/5637","targetHints":{"allow":["GET"]}}],"collection":[{"href":"https:\/\/zakovice.si\/hr\/wp-json\/wp\/v2\/product"}],"about":[{"href":"https:\/\/zakovice.si\/hr\/wp-json\/wp\/v2\/types\/product"}],"wp:featuredmedia":[{"embeddable":true,"href":"https:\/\/zakovice.si\/hr\/wp-json\/wp\/v2\/media\/2214"}],"wp:attachment":[{"href":"https:\/\/zakovice.si\/hr\/wp-json\/wp\/v2\/media?parent=5637"}],"wp:term":[{"taxonomy":"pwb-brand","embeddable":true,"href":"https:\/\/zakovice.si\/hr\/wp-json\/wp\/v2\/pwb-brand?post=5637"},{"taxonomy":"product_brand","embeddable":true,"href":"https:\/\/zakovice.si\/hr\/wp-json\/wp\/v2\/product_brand?post=5637"},{"taxonomy":"product_cat","embeddable":true,"href":"https:\/\/zakovice.si\/hr\/wp-json\/wp\/v2\/product_cat?post=5637"},{"taxonomy":"product_tag","embeddable":true,"href":"https:\/\/zakovice.si\/hr\/wp-json\/wp\/v2\/product_tag?post=5637"}],"curies":[{"name":"wp","href":"https:\/\/api.w.org\/{rel}","templated":true}]}}