{"id":5639,"date":"2022-08-29T13:47:11","date_gmt":"2022-08-29T11:47:11","guid":{"rendered":"https:\/\/zakovice.si\/izdelek\/standardna-fe-fe-upustena-glava\/"},"modified":"2022-08-29T13:47:11","modified_gmt":"2022-08-29T11:47:11","slug":"standardna-fe-fe-upustena-glava","status":"publish","type":"product","link":"https:\/\/zakovice.si\/hr\/proizvod\/standardna-fe-fe-upustena-glava\/","title":{"rendered":"Standardna Fe\/Fe &#8211; upu\u0161tena glava"},"content":{"rendered":"<table border=\"1\" cellspacing=\"0\" cellpadding=\"0\">\n<tbody>\n<tr>\n<td valign=\"top\" width=\"302\"><b>Materijal tijela zakovice:<\/b><b><\/b><\/td>\n<td valign=\"top\" width=\"302\">\u010celik Zn<\/td>\n<\/tr>\n<tr>\n<td valign=\"top\" width=\"302\"><b>Materijal trna za zakovice:<\/b><b><\/b><\/td>\n<td valign=\"top\" width=\"302\">\u010celik Zn<\/td>\n<\/tr>\n<tr>\n<td valign=\"top\" width=\"302\"><b>Dostupni promjeri zakovica &#8220;d1&#8221; u mm:<\/b><b><\/b><\/td>\n<td valign=\"top\" width=\"302\">2,4, 3,0, 3,2, 4,0, 4,8, 5,0, 6,4<\/td>\n<\/tr>\n<tr>\n<td valign=\"top\" width=\"302\"><b>Dostupne duljine zakovica &#8220;L&#8221; u mm:<\/b><b><\/b><\/td>\n<td valign=\"top\" width=\"302\">6,0 do 30,0, ovisno o promjeru zakovice<\/td>\n<\/tr>\n<tr>\n<td valign=\"top\" width=\"302\"><b>Dostupni promjeri glave zakovice &#8220;d2&#8221; u mm:<\/b><b><\/b><\/td>\n<td valign=\"top\" width=\"302\">5,0 do 12,5, ovisno o promjeru zakovice<\/td>\n<\/tr>\n<tr>\n<td valign=\"top\" width=\"302\"><b>Za ukupne debljine materijala &#8220;E&#8221; u mm:<\/b><b><\/b><\/td>\n<td valign=\"top\" width=\"302\">0,8 do 20,0, ovisno o promjeru zakovice<\/td>\n<\/tr>\n<\/tbody>\n<\/table>\n<p>Tako\u0111er dostupno u crnoj i \u017eutoj pocin\u010danoj boji na zahtjev.<\/p>\n","protected":false},"excerpt":{"rendered":"Materijal tijela zakovice: \u010celik Zn Materijal trna za zakovice: \u010celik Zn Dostupni promjeri zakovica &#8220;d1&#8221; u mm: 2,4, 3,0, 3,2, 4,0, 4,8, 5,0, 6,4 Dostupne duljine zakovica &#8220;L&#8221; u mm: 6,0 do 30,0, ovisno o promjeru zakovice Dostupni promjeri glave zakovice &#8220;d2&#8221; u mm: 5,0 do 12,5, ovisno o promjeru zakovice Za ukupne debljine materijala&#8230; <a class=\"view-article\" href=\"https:\/\/zakovice.si\/hr\/proizvod\/standardna-fe-fe-upustena-glava\/\">Pogledajte \u010dlanak<\/a>","protected":false},"featured_media":2210,"template":"","meta":{"_acf_changed":false},"pwb-brand":[],"product_brand":[],"product_cat":[338],"product_tag":[272,340,312,273,245],"class_list":{"0":"post-5639","1":"product","2":"type-product","3":"status-publish","4":"has-post-thumbnail","6":"product_cat-standard","7":"product_tag-nestrukturni","8":"product_tag-standard-hr","9":"product_tag-upustena-glava","10":"product_tag-zakovice-hr","11":"product_tag-zeljezo-zeljezo","13":"first","14":"instock","15":"shipping-taxable","16":"product-type-simple"},"acf":[],"brands":[],"_links":{"self":[{"href":"https:\/\/zakovice.si\/hr\/wp-json\/wp\/v2\/product\/5639","targetHints":{"allow":["GET"]}}],"collection":[{"href":"https:\/\/zakovice.si\/hr\/wp-json\/wp\/v2\/product"}],"about":[{"href":"https:\/\/zakovice.si\/hr\/wp-json\/wp\/v2\/types\/product"}],"wp:featuredmedia":[{"embeddable":true,"href":"https:\/\/zakovice.si\/hr\/wp-json\/wp\/v2\/media\/2210"}],"wp:attachment":[{"href":"https:\/\/zakovice.si\/hr\/wp-json\/wp\/v2\/media?parent=5639"}],"wp:term":[{"taxonomy":"pwb-brand","embeddable":true,"href":"https:\/\/zakovice.si\/hr\/wp-json\/wp\/v2\/pwb-brand?post=5639"},{"taxonomy":"product_brand","embeddable":true,"href":"https:\/\/zakovice.si\/hr\/wp-json\/wp\/v2\/product_brand?post=5639"},{"taxonomy":"product_cat","embeddable":true,"href":"https:\/\/zakovice.si\/hr\/wp-json\/wp\/v2\/product_cat?post=5639"},{"taxonomy":"product_tag","embeddable":true,"href":"https:\/\/zakovice.si\/hr\/wp-json\/wp\/v2\/product_tag?post=5639"}],"curies":[{"name":"wp","href":"https:\/\/api.w.org\/{rel}","templated":true}]}}