{"id":5842,"date":"2026-02-13T11:51:42","date_gmt":"2026-02-13T10:51:42","guid":{"rendered":"https:\/\/zakovice.si\/?post_type=product&#038;p=5842"},"modified":"2026-02-13T11:58:18","modified_gmt":"2026-02-13T10:58:18","slug":"bik-2-kopija-kopija","status":"publish","type":"product","link":"https:\/\/zakovice.si\/hr\/proizvod\/bik-2-kopija-kopija\/","title":{"rendered":"BIK 2 (Kopija) (Kopija)"},"content":{"rendered":"<p><strong>Zna\u010dajke:<\/strong><\/p>\n<ul>\n<li>Inovativno stezanje \u010deljusti od 3 dijela produ\u017euje vijek trajanja i smanjuje tro\u0161kove odr\u017eavanja<\/li>\n<li>integrirano usisavanje trna za zakovice s prekida\u010dem smje\u0161tenim u ru\u010dki alata &#8211; u\u0161teda potro\u0161nje komprimiranog zraka<\/li>\n<li>gumirana dr\u0161ka alata<\/li>\n<\/ul>\n<p>&nbsp;<\/p>\n<table border=\"1\" cellspacing=\"0\" cellpadding=\"0\">\n<tbody>\n<tr>\n<td valign=\"top\" width=\"307\"><b>Radno podru\u010dje<\/b><\/td>\n<td valign=\"top\" width=\"307\">Zakovice do \u00d8 5 mm svih materijala i zakovice \u00d8 6 mm Aluminij (maks. debljina trna zakovice \u00d8 3,2 mm)<\/td>\n<\/tr>\n<tr>\n<td valign=\"top\" width=\"307\"><b>Te\u017eina<\/b><\/td>\n<td valign=\"top\" width=\"307\">1,6 kg<\/td>\n<\/tr>\n<tr>\n<td valign=\"top\" width=\"307\"><b>Radni tlak<\/b><\/td>\n<td valign=\"top\" width=\"307\">6 bara<\/td>\n<\/tr>\n<tr>\n<td valign=\"top\" width=\"307\"><b>Hod alata (jedan)<\/b><\/td>\n<td valign=\"top\" width=\"307\">18 mm<\/td>\n<\/tr>\n<tr>\n<td valign=\"top\" width=\"307\"><b>Vu\u010dna sila<\/b><\/td>\n<td valign=\"top\" width=\"307\">11.000 N pri 6 bara<\/td>\n<\/tr>\n<\/tbody>\n<\/table>\n","protected":false},"excerpt":{"rendered":" <a href=\"http:\/\/www.zakovice.si\/wp-content\/uploads\/2016\/02\/Leaflet_TAURUS_2-SLO.pdf\" target=\"_blank\" rel=\"noopener\">Taurus-2 specifikacije.pdf<\/a>\n\n <a href=\"https:\/\/zakovice.si\/hr\/rad-i-odrzavanje-taurus-alata-1-6\/\" target=\"_blank\" rel=\"noopener\">VIDEO &#8211; rad i odr\u017eavanje alata Taurus 2.<\/a>","protected":false},"featured_media":5844,"template":"","meta":{"_acf_changed":false},"pwb-brand":[],"product_brand":[],"product_cat":[331],"product_tag":[243,238],"class_list":{"0":"post-5842","1":"product","2":"type-product","3":"status-publish","4":"has-post-thumbnail","6":"product_cat-pneumatski-alati-hr","7":"product_tag-alati-za-postavljanje-zakovica","8":"product_tag-pneumatski-alati","10":"first","11":"instock","12":"shipping-taxable","13":"product-type-simple"},"acf":[],"brands":[],"_links":{"self":[{"href":"https:\/\/zakovice.si\/hr\/wp-json\/wp\/v2\/product\/5842","targetHints":{"allow":["GET"]}}],"collection":[{"href":"https:\/\/zakovice.si\/hr\/wp-json\/wp\/v2\/product"}],"about":[{"href":"https:\/\/zakovice.si\/hr\/wp-json\/wp\/v2\/types\/product"}],"wp:featuredmedia":[{"embeddable":true,"href":"https:\/\/zakovice.si\/hr\/wp-json\/wp\/v2\/media\/5844"}],"wp:attachment":[{"href":"https:\/\/zakovice.si\/hr\/wp-json\/wp\/v2\/media?parent=5842"}],"wp:term":[{"taxonomy":"pwb-brand","embeddable":true,"href":"https:\/\/zakovice.si\/hr\/wp-json\/wp\/v2\/pwb-brand?post=5842"},{"taxonomy":"product_brand","embeddable":true,"href":"https:\/\/zakovice.si\/hr\/wp-json\/wp\/v2\/product_brand?post=5842"},{"taxonomy":"product_cat","embeddable":true,"href":"https:\/\/zakovice.si\/hr\/wp-json\/wp\/v2\/product_cat?post=5842"},{"taxonomy":"product_tag","embeddable":true,"href":"https:\/\/zakovice.si\/hr\/wp-json\/wp\/v2\/product_tag?post=5842"}],"curies":[{"name":"wp","href":"https:\/\/api.w.org\/{rel}","templated":true}]}}