{"id":5915,"date":"2026-03-27T13:10:38","date_gmt":"2026-03-27T12:10:38","guid":{"rendered":"https:\/\/zakovice.si\/?post_type=product&#038;p=5915"},"modified":"2026-03-27T13:13:04","modified_gmt":"2026-03-27T12:13:04","slug":"gesipa-firefox-1-f-kopija","status":"publish","type":"product","link":"https:\/\/zakovice.si\/hr\/proizvod\/gesipa-firefox-1-f-kopija\/","title":{"rendered":"GESIPA FireFox 1 F (Kopija)"},"content":{"rendered":"<p><strong>Zna\u010dajke:<\/strong><\/p>\n<ul>\n<li>pode\u0161avanje sile zakivanja za preciznu deformaciju slijepe matice<\/li>\n<li>kompozitna konstrukcija &#8211; visoka \u010dvrsto\u0107a i mala te\u017eina alata<\/li>\n<li>Dostupne mlaznice i trnovi M3, M4, M5, M6; adapteri za zakovice M4, M5, M6<\/li>\n<\/ul>\n<table border=\"1\" cellspacing=\"0\" cellpadding=\"0\">\n<tbody>\n<tr>\n<td valign=\"top\" width=\"307\"><b>Radno podru\u010dje<\/b><\/td>\n<td valign=\"top\" width=\"307\">Od M3 do M6 Alu i Fe, do M5 Inox<\/td>\n<\/tr>\n<tr>\n<td valign=\"top\" width=\"307\"><b>Te\u017eina<\/b><\/td>\n<td valign=\"top\" width=\"307\">1,96 kg<\/td>\n<\/tr>\n<tr>\n<td valign=\"top\" width=\"307\"><b>Radni tlak<\/b><\/td>\n<td valign=\"top\" width=\"307\">6 bara<\/td>\n<\/tr>\n<tr>\n<td valign=\"top\" width=\"307\"><b>Hod alata (jedan)<\/b><\/td>\n<td valign=\"top\" width=\"307\">7,5 mm<\/td>\n<\/tr>\n<tr>\n<td valign=\"top\" width=\"307\"><b>Vu\u010dna sila<\/b><\/td>\n<td valign=\"top\" width=\"307\">12.500 N pri 6 bara<\/td>\n<\/tr>\n<\/tbody>\n<\/table>\n","protected":false},"excerpt":{"rendered":"<a href=\"https:\/\/www.zakovice.si\/wp-content\/uploads\/2020\/09\/FireFox-1-E.pdf\">Firefox 1 (E)<\/a> <a href=\"https:\/\/www.zakovice.si\/wp-content\/uploads\/2020\/09\/FireFox-1-F-2.pdf\">Firefox 1 F &#8211; 2<\/a>","protected":false},"featured_media":5307,"template":"","meta":{"_acf_changed":false},"pwb-brand":[],"product_brand":[],"product_cat":[261],"product_tag":[236,238],"class_list":{"0":"post-5915","1":"product","2":"type-product","3":"status-publish","4":"has-post-thumbnail","6":"product_cat-pneumatski-alati","7":"product_tag-alati-za-slijepo-zakivanje","8":"product_tag-pneumatski-alati","10":"first","11":"instock","12":"shipping-taxable","13":"product-type-simple"},"acf":[],"brands":[],"_links":{"self":[{"href":"https:\/\/zakovice.si\/hr\/wp-json\/wp\/v2\/product\/5915","targetHints":{"allow":["GET"]}}],"collection":[{"href":"https:\/\/zakovice.si\/hr\/wp-json\/wp\/v2\/product"}],"about":[{"href":"https:\/\/zakovice.si\/hr\/wp-json\/wp\/v2\/types\/product"}],"wp:featuredmedia":[{"embeddable":true,"href":"https:\/\/zakovice.si\/hr\/wp-json\/wp\/v2\/media\/5307"}],"wp:attachment":[{"href":"https:\/\/zakovice.si\/hr\/wp-json\/wp\/v2\/media?parent=5915"}],"wp:term":[{"taxonomy":"pwb-brand","embeddable":true,"href":"https:\/\/zakovice.si\/hr\/wp-json\/wp\/v2\/pwb-brand?post=5915"},{"taxonomy":"product_brand","embeddable":true,"href":"https:\/\/zakovice.si\/hr\/wp-json\/wp\/v2\/product_brand?post=5915"},{"taxonomy":"product_cat","embeddable":true,"href":"https:\/\/zakovice.si\/hr\/wp-json\/wp\/v2\/product_cat?post=5915"},{"taxonomy":"product_tag","embeddable":true,"href":"https:\/\/zakovice.si\/hr\/wp-json\/wp\/v2\/product_tag?post=5915"}],"curies":[{"name":"wp","href":"https:\/\/api.w.org\/{rel}","templated":true}]}}