{"id":5919,"date":"2026-04-01T14:56:19","date_gmt":"2026-04-01T12:56:19","guid":{"rendered":"https:\/\/zakovice.si\/?post_type=product&#038;p=5919"},"modified":"2026-04-01T15:18:33","modified_gmt":"2026-04-01T13:18:33","slug":"gesipa-firebird-pro-s-gold-edition-cas-kopija","status":"publish","type":"product","link":"https:\/\/zakovice.si\/hr\/proizvod\/gesipa-firebird-pro-s-gold-edition-cas-kopija\/","title":{"rendered":"GESIPA FireBird PRO S GOLD EDITION CAS (Kopija)"},"content":{"rendered":"<p><strong>Zna\u010dajke:<\/strong><\/p>\n<ul>\n<li>Set ili \u010da\u0161ica za alat uklju\u010duje navojne trnove i mlaznice M6, M8 i M10; dodatne mlaznice i trnovi M3, M4, M5 i M12 dostupni su zasebno. <\/li>\n<li>mehani\u010dko pode\u0161avanje zatezne sile za zakivanje slijepih matica &#8211; za zakivanje matica iste dimenzije u konstantnu debljinu materijala.<\/li>\n<li>Motor bez \u010detkica &#8211; izvanredna brzina ciklusa zakivanja<\/li>\n<li>Produ\u017eene mlaznice i \u0161iljci dostupni za te\u0161ko dostupna mjesta<\/li>\n<\/ul>\n<table border=\"1\" cellspacing=\"0\" cellpadding=\"0\">\n<tbody>\n<tr>\n<td valign=\"top\" width=\"307\"><b>Radno podru\u010dje<\/b><\/td>\n<td valign=\"top\" width=\"307\">Od M3 do M12 Fe i Alu, do M10 nehr\u0111aju\u0107eg \u010delika<\/td>\n<\/tr>\n<tr>\n<td valign=\"top\" width=\"307\"><b>Te\u017eina<\/b><\/td>\n<td valign=\"top\" width=\"307\">2,4 kg<\/td>\n<\/tr>\n<tr>\n<td valign=\"top\" width=\"307\"><b>Vu\u010dna sila<\/b><\/td>\n<td valign=\"top\" width=\"307\">20.000 N<\/td>\n<\/tr>\n<tr>\n<td valign=\"top\" width=\"307\"><b>Hod alata (jedan)<\/b><\/td>\n<td valign=\"top\" width=\"307\">10,0 mm<\/td>\n<\/tr>\n<tr>\n<td valign=\"top\" width=\"307\"><b>Baterija<\/b><\/td>\n<td valign=\"top\" width=\"307\">18,0 V punjiva Li-ionska baterija 2,0 Ah<\/td>\n<\/tr>\n<tr>\n<td valign=\"top\" width=\"307\"><b>Punja\u010d<\/b><\/td>\n<td valign=\"top\" width=\"307\">230 V \/ 50 Hz, vrijeme punjenja 50 min.<\/td>\n<\/tr>\n<\/tbody>\n<\/table>\n","protected":false},"excerpt":{"rendered":"<a href=\"https:\/\/www.zakovice.si\/wp-content\/uploads\/2018\/12\/FireBird-PRO-GE.pdf\">FireBird PRO GE<\/a>","protected":false},"featured_media":5927,"template":"","meta":{"_acf_changed":false},"pwb-brand":[],"product_brand":[],"product_cat":[234],"product_tag":[236,235],"class_list":{"0":"post-5919","1":"product","2":"type-product","3":"status-publish","4":"has-post-thumbnail","6":"product_cat-bezicni-alati","7":"product_tag-alati-za-slijepo-zakivanje","8":"product_tag-bezicni-alati","10":"first","11":"instock","12":"shipping-taxable","13":"product-type-simple"},"acf":[],"brands":[],"_links":{"self":[{"href":"https:\/\/zakovice.si\/hr\/wp-json\/wp\/v2\/product\/5919","targetHints":{"allow":["GET"]}}],"collection":[{"href":"https:\/\/zakovice.si\/hr\/wp-json\/wp\/v2\/product"}],"about":[{"href":"https:\/\/zakovice.si\/hr\/wp-json\/wp\/v2\/types\/product"}],"wp:featuredmedia":[{"embeddable":true,"href":"https:\/\/zakovice.si\/hr\/wp-json\/wp\/v2\/media\/5927"}],"wp:attachment":[{"href":"https:\/\/zakovice.si\/hr\/wp-json\/wp\/v2\/media?parent=5919"}],"wp:term":[{"taxonomy":"pwb-brand","embeddable":true,"href":"https:\/\/zakovice.si\/hr\/wp-json\/wp\/v2\/pwb-brand?post=5919"},{"taxonomy":"product_brand","embeddable":true,"href":"https:\/\/zakovice.si\/hr\/wp-json\/wp\/v2\/product_brand?post=5919"},{"taxonomy":"product_cat","embeddable":true,"href":"https:\/\/zakovice.si\/hr\/wp-json\/wp\/v2\/product_cat?post=5919"},{"taxonomy":"product_tag","embeddable":true,"href":"https:\/\/zakovice.si\/hr\/wp-json\/wp\/v2\/product_tag?post=5919"}],"curies":[{"name":"wp","href":"https:\/\/api.w.org\/{rel}","templated":true}]}}